{"id":784984,"date":"2026-03-16T22:31:27","date_gmt":"2026-03-16T19:31:27","guid":{"rendered":"https:\/\/roveyayinevi.com.tr\/index.php\/urun\/adalet-risaleler\/"},"modified":"2026-04-15T03:46:13","modified_gmt":"2026-04-15T00:46:13","slug":"adalet-risaleler","status":"publish","type":"product","link":"https:\/\/roveyayinevi.com.tr\/index.php\/urun\/adalet-risaleler\/","title":{"rendered":"Adalet &#8211; Risaleler"},"content":{"rendered":"<p>Adalet, iki u\u00e7 aras\u0131nda bir orta h\u00e2l oldu\u011fundan, a\u015f\u0131r\u0131y\u0131 ve noksan\u0131 geri p\u00fcsk\u00fcrten, faziletlerin nadide ve benzersiz olan\u0131d\u0131r. Bu eser, klasik \u0130slam d\u00fc\u015f\u00fcncesinin en \u00f6nemli ahlak filozoflar\u0131ndan biri olan \u0130bn Miskeveyh\u2019in adalet anlay\u0131\u015f\u0131n\u0131 merkeze alan \u00fc\u00e7 risalesinin \u00e7evirisinden olu\u015fmaktad\u0131r. M\u00fcellifin farkl\u0131 eserlerinde adalet bahisleri, bu kitapta bir araya getirilmi\u015f; b\u00f6ylece \u0130bn Miskeveyh\u2019in ahlak felsefesinin hem teorik hem pratik \u00e7er\u00e7evesi b\u00fct\u00fcnc\u00fcl bi\u00e7imde ele al\u0131nm\u0131\u015ft\u0131r. Risale fi Mahiyyeti\u2019l-Adl, el-Lezz\u00e2t ve\u2019l-\u00c2l\u00e2m ve Tehz\u00eeb\u00fc\u2019l-Ahl\u00e2k ve Tath\u00eer\u00fc\u2019l-Ar\u00e2k\u2019tan yap\u0131lan titiz se\u00e7kiler arac\u0131l\u0131\u011f\u0131yla, adaletin insan nefsindeki kar\u015f\u0131l\u0131\u011f\u0131ndan toplumsal hayattaki tezah\u00fcrlerine kadar uzanan zengin bir d\u00fc\u015f\u00fcnce d\u00fcnyas\u0131 okuyucunun dikkatine sunulmaktad\u0131r. Bu y\u00f6n\u00fcyle eser yaln\u0131zca felsefe ve ilahiyat \u00e7evreleri i\u00e7in de\u011fil, ahlak meselesini sahih bir zeminde d\u00fc\u015f\u00fcnmek isteyen herkes i\u00e7in \u00f6nemli bir ba\u015fvuru kayna\u011f\u0131d\u0131r. Yay\u0131n dan\u0131\u015fmanl\u0131\u011f\u0131n\u0131 ahlak d\u00fc\u015f\u00fcncesi alan\u0131ndaki \u00e7al\u0131\u015fmalar\u0131yla tan\u0131nan Prof. Dr. \u00d6mer T\u00fcrker\u2019in \u00fcstlendi\u011fi \u201cAhlak Kitapl\u0131\u011f\u0131\u201d, ahlak alan\u0131nda kal\u0131c\u0131 ve referans niteli\u011fi ta\u015f\u0131yan bir k\u00fclliyat olu\u015fturmay\u0131 hedeflemektedir. Serinin ilk terc\u00fcme kitab\u0131 olan Adalet, Do\u00e7. Dr. Yunus Kaplan\u2019\u0131n titiz \u00e7al\u0131\u015fmas\u0131 sayesinde okurla bulu\u015fuyor.<\/p>\n","protected":false},"excerpt":{"rendered":"<p>Adalet, iki u\u00e7 aras\u0131nda bir orta h\u00e2l oldu\u011fundan, a\u015f\u0131r\u0131y\u0131 ve noksan\u0131 geri p\u00fcsk\u00fcrten, faziletlerin nadide ve benzersiz olan\u0131d\u0131r. Bu eser, klasik \u0130slam d\u00fc\u015f\u00fcncesinin en \u00f6nemli ahlak<span class=\"excerpt-hellip\"> [\u2026]<\/span><\/p>\n","protected":false},"featured_media":0,"template":"","meta":{"_monsterinsights_skip_tracking":false,"_monsterinsights_sitenote_active":false,"_monsterinsights_sitenote_note":"","_monsterinsights_sitenote_category":0},"product_brand":[],"product_cat":[12718,12719],"product_tag":[],"class_list":{"0":"post-784984","1":"product","2":"type-product","3":"status-publish","5":"product_cat-din","6":"product_cat-islam","7":"pa_cilt-ciltsiz","8":"pa_tur-kitap","9":"pa_yayinevi-sufi-kitap","10":"pa_yazar-ibn-miskeveyh","12":"first","13":"instock","14":"sale","15":"shipping-taxable","16":"purchasable","17":"product-type-simple"},"_links":{"self":[{"href":"https:\/\/roveyayinevi.com.tr\/index.php\/wp-json\/wp\/v2\/product\/784984","targetHints":{"allow":["GET"]}}],"collection":[{"href":"https:\/\/roveyayinevi.com.tr\/index.php\/wp-json\/wp\/v2\/product"}],"about":[{"href":"https:\/\/roveyayinevi.com.tr\/index.php\/wp-json\/wp\/v2\/types\/product"}],"wp:attachment":[{"href":"https:\/\/roveyayinevi.com.tr\/index.php\/wp-json\/wp\/v2\/media?parent=784984"}],"wp:term":[{"taxonomy":"product_brand","embeddable":true,"href":"https:\/\/roveyayinevi.com.tr\/index.php\/wp-json\/wp\/v2\/product_brand?post=784984"},{"taxonomy":"product_cat","embeddable":true,"href":"https:\/\/roveyayinevi.com.tr\/index.php\/wp-json\/wp\/v2\/product_cat?post=784984"},{"taxonomy":"product_tag","embeddable":true,"href":"https:\/\/roveyayinevi.com.tr\/index.php\/wp-json\/wp\/v2\/product_tag?post=784984"}],"curies":[{"name":"wp","href":"https:\/\/api.w.org\/{rel}","templated":true}]}}