{"id":784983,"date":"2026-03-16T22:31:25","date_gmt":"2026-03-16T19:31:25","guid":{"rendered":"https:\/\/roveyayinevi.com.tr\/index.php\/urun\/yuklerinden-kurtul\/"},"modified":"2026-04-15T03:46:13","modified_gmt":"2026-04-15T00:46:13","slug":"yuklerinden-kurtul","status":"publish","type":"product","link":"https:\/\/roveyayinevi.com.tr\/index.php\/urun\/yuklerinden-kurtul\/","title":{"rendered":"Y\u00fcklerinden Kurtul"},"content":{"rendered":"<p>S\u0131rt\u0131nda gereksiz y\u00fckler oldu\u011funu d\u00fc\u015f\u00fcnd\u00fc\u011f\u00fcn oluyor mu? Asl\u0131nda daha huzurlu, daha dingin bir hayat s\u00fcrebilecekken seni bo\u015f yere yoran ve bunaltan y\u00fcklerle y\u00fcr\u00fcmeye \u00e7al\u0131\u015ft\u0131\u011f\u0131n\u0131 hissediyor musun? Daha verimli olabilecekken zihnini as\u0131l dert edinmen gereken \u015feylere bir t\u00fcrl\u00fc odaklayamad\u0131\u011f\u0131n\u0131 d\u00fc\u015f\u00fcn\u00fcyor musun? E\u011fer b\u00f6yle d\u00fc\u015f\u00fcn\u00fcyorsan bu kitap sana bir yol haritas\u0131 sunuyor. Bu kitapta, ger\u00e7ek ve \u015fuurlu bir iman\u0131n, hayat\u0131m\u0131zdaki gereksiz y\u00fcklerden kurtulmam\u0131zda nas\u0131l bir etkisi olabilece\u011fini bulacaks\u0131n. Bizi yoran, zihnimizi allak bullak eden hususlar\u0131 bir kenara b\u0131rakarak as\u0131l dert edinmemiz gereken konulara nas\u0131l odaklanabilece\u011fimizi okuyacaks\u0131n. B\u00fct\u00fcn bunlar\u0131 Kur\u2019\u00e2n\u2019\u0131n nurlu ikliminde, Hz. Peygamber\u2019in (sav) rehberli\u011finde seninle birlikte ba\u015farmaya \u00e7al\u0131\u015faca\u011f\u0131z. Y\u00fcklerden kurtulmaya var m\u0131s\u0131n?<\/p>\n","protected":false},"excerpt":{"rendered":"<p>S\u0131rt\u0131nda gereksiz y\u00fckler oldu\u011funu d\u00fc\u015f\u00fcnd\u00fc\u011f\u00fcn oluyor mu? Asl\u0131nda daha huzurlu, daha dingin bir hayat s\u00fcrebilecekken seni bo\u015f yere yoran ve bunaltan y\u00fcklerle y\u00fcr\u00fcmeye \u00e7al\u0131\u015ft\u0131\u011f\u0131n\u0131 hissediyor musun?<span class=\"excerpt-hellip\"> [\u2026]<\/span><\/p>\n","protected":false},"featured_media":0,"template":"","meta":{"_monsterinsights_skip_tracking":false,"_monsterinsights_sitenote_active":false,"_monsterinsights_sitenote_note":"","_monsterinsights_sitenote_category":0},"product_brand":[],"product_cat":[13036,12718,12719],"product_tag":[],"class_list":{"0":"post-784983","1":"product","2":"type-product","3":"status-publish","5":"product_cat-arastirma-inceleme-islam","6":"product_cat-din","7":"product_cat-islam","8":"pa_cilt-ciltsiz","9":"pa_tur-kitap","10":"pa_yayinevi-timas-yayinlari","11":"pa_yazar-soner-duman","13":"first","14":"instock","15":"sale","16":"shipping-taxable","17":"purchasable","18":"product-type-simple"},"_links":{"self":[{"href":"https:\/\/roveyayinevi.com.tr\/index.php\/wp-json\/wp\/v2\/product\/784983","targetHints":{"allow":["GET"]}}],"collection":[{"href":"https:\/\/roveyayinevi.com.tr\/index.php\/wp-json\/wp\/v2\/product"}],"about":[{"href":"https:\/\/roveyayinevi.com.tr\/index.php\/wp-json\/wp\/v2\/types\/product"}],"wp:attachment":[{"href":"https:\/\/roveyayinevi.com.tr\/index.php\/wp-json\/wp\/v2\/media?parent=784983"}],"wp:term":[{"taxonomy":"product_brand","embeddable":true,"href":"https:\/\/roveyayinevi.com.tr\/index.php\/wp-json\/wp\/v2\/product_brand?post=784983"},{"taxonomy":"product_cat","embeddable":true,"href":"https:\/\/roveyayinevi.com.tr\/index.php\/wp-json\/wp\/v2\/product_cat?post=784983"},{"taxonomy":"product_tag","embeddable":true,"href":"https:\/\/roveyayinevi.com.tr\/index.php\/wp-json\/wp\/v2\/product_tag?post=784983"}],"curies":[{"name":"wp","href":"https:\/\/api.w.org\/{rel}","templated":true}]}}