{"id":784982,"date":"2026-03-16T22:31:22","date_gmt":"2026-03-16T19:31:22","guid":{"rendered":"https:\/\/roveyayinevi.com.tr\/index.php\/urun\/vahiy-sana-dokunursa\/"},"modified":"2026-04-15T03:46:13","modified_gmt":"2026-04-15T00:46:13","slug":"vahiy-sana-dokunursa","status":"publish","type":"product","link":"https:\/\/roveyayinevi.com.tr\/index.php\/urun\/vahiy-sana-dokunursa\/","title":{"rendered":"Vahiy Sana Dokunursa"},"content":{"rendered":"<p>Vahiy, insan\u0131 yerinden kald\u0131ran, i\u00e7 d\u00fcnyas\u0131n\u0131 sarsan ve ona sorumluluk y\u00fckleyen bir \u00e7a\u011fr\u0131d\u0131r. Alak, Kalem, M\u00fczzemmil ve M\u00fcddessir sureleri; okumakla ba\u015flayan, ahl\u00e2kla derinle\u015fen, i\u00e7 disiplinle olgunla\u015fan ve toplumsal sorumlulukla a\u00e7\u0131lan bir yolculu\u011fun ilk ad\u0131mlar\u0131d\u0131r\u2026Vahiy Sana Dokunursa, vahyin ilk nazil olan ayetlerini uzak bir tarih anlat\u0131s\u0131 olarak de\u011fil, modern insan\u0131n akl\u0131na ve kalbine y\u00f6neltilmi\u015f canl\u0131 bir hitap olarak ele al\u0131yor. Ayetlerin kelime k\u00f6klerinden hareketle, insan\u0131n zihnine, kalbine ve hayat\u0131na temas eden bir okuma sunuyor.Vahiy Sana Dokunursa; D\u00fc\u015f\u00fcnmeyi ibadet sayan bir peygamberin izinden giderek, modern insan\u0131n da\u011f\u0131lm\u0131\u015f dikkatini, ertelenmi\u015f sorumluluklar\u0131n\u0131 ve unutulmu\u015f ahiret bilincini yeniden in\u015fa ederken, okurunu Kur&#8217;an&#8217;\u0131n \u00e7a\u011fr\u0131s\u0131na can\u0131 g\u00f6n\u00fclden kulak vermeye davet ediyor. \u00c7\u00fcnk\u00fc vahiy, yaln\u0131zca indirildi\u011fi \u00e7a\u011f\u0131 de\u011fil, her \u00e7a\u011fda dokundu\u011fu her kalbi d\u00f6n\u00fc\u015ft\u00fcr\u00fcr&#8230;<\/p>\n","protected":false},"excerpt":{"rendered":"<p>Vahiy, insan\u0131 yerinden kald\u0131ran, i\u00e7 d\u00fcnyas\u0131n\u0131 sarsan ve ona sorumluluk y\u00fckleyen bir \u00e7a\u011fr\u0131d\u0131r. Alak, Kalem, M\u00fczzemmil ve M\u00fcddessir sureleri; okumakla ba\u015flayan, ahl\u00e2kla derinle\u015fen, i\u00e7 disiplinle olgunla\u015fan<span class=\"excerpt-hellip\"> [\u2026]<\/span><\/p>\n","protected":false},"featured_media":0,"template":"","meta":{"_monsterinsights_skip_tracking":false,"_monsterinsights_sitenote_active":false,"_monsterinsights_sitenote_note":"","_monsterinsights_sitenote_category":0},"product_brand":[],"product_cat":[13036,12718,12719],"product_tag":[],"class_list":{"0":"post-784982","1":"product","2":"type-product","3":"status-publish","5":"product_cat-arastirma-inceleme-islam","6":"product_cat-din","7":"product_cat-islam","8":"pa_cilt-ciltsiz","9":"pa_tur-kitap","10":"pa_yayinevi-timas-yayinlari","11":"pa_yazar-havva-sancar","13":"first","14":"instock","15":"sale","16":"shipping-taxable","17":"purchasable","18":"product-type-simple"},"_links":{"self":[{"href":"https:\/\/roveyayinevi.com.tr\/index.php\/wp-json\/wp\/v2\/product\/784982","targetHints":{"allow":["GET"]}}],"collection":[{"href":"https:\/\/roveyayinevi.com.tr\/index.php\/wp-json\/wp\/v2\/product"}],"about":[{"href":"https:\/\/roveyayinevi.com.tr\/index.php\/wp-json\/wp\/v2\/types\/product"}],"wp:attachment":[{"href":"https:\/\/roveyayinevi.com.tr\/index.php\/wp-json\/wp\/v2\/media?parent=784982"}],"wp:term":[{"taxonomy":"product_brand","embeddable":true,"href":"https:\/\/roveyayinevi.com.tr\/index.php\/wp-json\/wp\/v2\/product_brand?post=784982"},{"taxonomy":"product_cat","embeddable":true,"href":"https:\/\/roveyayinevi.com.tr\/index.php\/wp-json\/wp\/v2\/product_cat?post=784982"},{"taxonomy":"product_tag","embeddable":true,"href":"https:\/\/roveyayinevi.com.tr\/index.php\/wp-json\/wp\/v2\/product_tag?post=784982"}],"curies":[{"name":"wp","href":"https:\/\/api.w.org\/{rel}","templated":true}]}}