{"id":784978,"date":"2026-03-16T22:31:10","date_gmt":"2026-03-16T19:31:10","guid":{"rendered":"https:\/\/roveyayinevi.com.tr\/index.php\/urun\/sen-benim-hikayemsin\/"},"modified":"2026-04-15T03:46:13","modified_gmt":"2026-04-15T00:46:13","slug":"sen-benim-hikayemsin","status":"publish","type":"product","link":"https:\/\/roveyayinevi.com.tr\/index.php\/urun\/sen-benim-hikayemsin\/","title":{"rendered":"Sen Benim Hikayemsin"},"content":{"rendered":"<p>Usta \u015fair Nurullah Gen\u00e7\u2019in ku\u015faklara dokunan \u015fiirlerinden \u00f6zel bir se\u00e7ki! Bir \u00f6m\u00fcr i\u00e7inde yaz\u0131lan a\u015fk\u0131, memleketi, hasreti anlatan \u00f6l\u00fcms\u00fcz dizeler, \u015fairin kendisinin \u00e7ekti\u011fi foto\u011fraflarla. \u00dcstelik t\u00fcm \u015fiirleri \u015fairin kendi sesinden dinleyebilece\u011fiz QR kodlar\u0131 bulacaks\u0131n\u0131z sayfalarda. Ya\u011fmur\u2019un, R\u00fcveyda\u2019n\u0131n \u015fairinden unutulmaz \u015fiirler.<\/p>\n","protected":false},"excerpt":{"rendered":"<p>Usta \u015fair Nurullah Gen\u00e7\u2019in ku\u015faklara dokunan \u015fiirlerinden \u00f6zel bir se\u00e7ki! Bir \u00f6m\u00fcr i\u00e7inde yaz\u0131lan a\u015fk\u0131, memleketi, hasreti anlatan \u00f6l\u00fcms\u00fcz dizeler, \u015fairin kendisinin \u00e7ekti\u011fi foto\u011fraflarla. \u00dcstelik t\u00fcm<span class=\"excerpt-hellip\"> [\u2026]<\/span><\/p>\n","protected":false},"featured_media":0,"template":"","meta":{"_monsterinsights_skip_tracking":false,"_monsterinsights_sitenote_active":false,"_monsterinsights_sitenote_note":"","_monsterinsights_sitenote_category":0},"product_brand":[],"product_cat":[12291,12509],"product_tag":[],"class_list":{"0":"post-784978","1":"product","2":"type-product","3":"status-publish","5":"product_cat-edebiyat","6":"product_cat-siir","7":"pa_cilt-ciltli","8":"pa_tur-kitap","9":"pa_yayinevi-timas-yayinlari","10":"pa_yazar-nurullah-genc","12":"first","13":"instock","14":"sale","15":"shipping-taxable","16":"purchasable","17":"product-type-simple"},"_links":{"self":[{"href":"https:\/\/roveyayinevi.com.tr\/index.php\/wp-json\/wp\/v2\/product\/784978","targetHints":{"allow":["GET"]}}],"collection":[{"href":"https:\/\/roveyayinevi.com.tr\/index.php\/wp-json\/wp\/v2\/product"}],"about":[{"href":"https:\/\/roveyayinevi.com.tr\/index.php\/wp-json\/wp\/v2\/types\/product"}],"wp:attachment":[{"href":"https:\/\/roveyayinevi.com.tr\/index.php\/wp-json\/wp\/v2\/media?parent=784978"}],"wp:term":[{"taxonomy":"product_brand","embeddable":true,"href":"https:\/\/roveyayinevi.com.tr\/index.php\/wp-json\/wp\/v2\/product_brand?post=784978"},{"taxonomy":"product_cat","embeddable":true,"href":"https:\/\/roveyayinevi.com.tr\/index.php\/wp-json\/wp\/v2\/product_cat?post=784978"},{"taxonomy":"product_tag","embeddable":true,"href":"https:\/\/roveyayinevi.com.tr\/index.php\/wp-json\/wp\/v2\/product_tag?post=784978"}],"curies":[{"name":"wp","href":"https:\/\/api.w.org\/{rel}","templated":true}]}}