{"id":784976,"date":"2026-03-16T22:31:05","date_gmt":"2026-03-16T19:31:05","guid":{"rendered":"https:\/\/roveyayinevi.com.tr\/index.php\/urun\/kadim-dinler-ve-bilgelikler\/"},"modified":"2026-04-15T03:46:13","modified_gmt":"2026-04-15T00:46:13","slug":"kadim-dinler-ve-bilgelikler","status":"publish","type":"product","link":"https:\/\/roveyayinevi.com.tr\/index.php\/urun\/kadim-dinler-ve-bilgelikler\/","title":{"rendered":"Kadim Dinler ve Bilgelikler"},"content":{"rendered":"<p>Modern d\u00fcnya \u00e7ok b\u00fcy\u00fck bir ilerleme ya\u015fad\u0131 ancak ayn\u0131 h\u0131zla anlam\u0131n\u0131 yitirdi.Roger Garaudy, bu kitapta insanl\u0131\u011f\u0131 s\u00fcr\u00fcklendi\u011fi \u00e7\u0131kmazdan kurtarabilecek kadim bir soruyu yeniden g\u00fcndeme getiriyor: Ba\u015fka t\u00fcrl\u00fc ya\u015famak m\u00fcmk\u00fcn m\u00fc?M\u0131s\u0131r\u2019\u0131n \u00d6l\u00fcler Kitab\u0131\u2019ndan Zerd\u00fc\u015ft\u2019e, Hinduizm\u2019den Budizm\u2019e, Taoizm\u2019den Yahudilik, H\u0131ristiyanl\u0131k ve \u0130slam\u2019a uzanan bu kapsaml\u0131 yolculuk, yaln\u0131zca dinlerin tarihini anlatm\u0131yor; insan\u0131n tabiatla, toplumla ve Allah\u2019la kurabilece\u011fi ba\u015fka t\u00fcrden ili\u015fkilerin imk\u00e2n\u0131n\u0131 ara\u015ft\u0131r\u0131yor. Garaudy, kadim dinleri birer \u201cge\u00e7mi\u015f kal\u0131nt\u0131s\u0131\u201d olarak de\u011fil, bug\u00fcn\u00fcn krizlerine \u0131\u015f\u0131k tutabilecek canl\u0131 bilgelik kaynaklar\u0131 olarak ele al\u0131yor.Bilimi putla\u015ft\u0131ran, salt b\u00fcy\u00fcmeyi ama\u00e7 h\u00e2line getiren ve insan\u0131 merkezin d\u0131\u015f\u0131na iten modern medeniyete kar\u015f\u0131 bu eser, insanl\u0131\u011f\u0131n ortak haf\u0131zas\u0131na g\u00fc\u00e7l\u00fc bir \u00e7a\u011fr\u0131d\u0131r. Allah inanc\u0131, ahlak, adalet, merhamet ve sorumluluk kavramlar\u0131 etraf\u0131nda \u015fekillenen bu \u00e7a\u011fr\u0131; okuru yaln\u0131zca d\u00fc\u015f\u00fcnmeye de\u011fil, yeniden y\u00f6nelmeye, hareket etmeye davet eder.Kendine, d\u00fcnyaya ve kutsala dair sorular\u0131 ertelemeyi reddedenler i\u00e7in\u2026<\/p>\n","protected":false},"excerpt":{"rendered":"<p>Modern d\u00fcnya \u00e7ok b\u00fcy\u00fck bir ilerleme ya\u015fad\u0131 ancak ayn\u0131 h\u0131zla anlam\u0131n\u0131 yitirdi.Roger Garaudy, bu kitapta insanl\u0131\u011f\u0131 s\u00fcr\u00fcklendi\u011fi \u00e7\u0131kmazdan kurtarabilecek kadim bir soruyu yeniden g\u00fcndeme getiriyor: Ba\u015fka<span class=\"excerpt-hellip\"> [\u2026]<\/span><\/p>\n","protected":false},"featured_media":0,"template":"","meta":{"_monsterinsights_skip_tracking":false,"_monsterinsights_sitenote_active":false,"_monsterinsights_sitenote_note":"","_monsterinsights_sitenote_category":0},"product_brand":[],"product_cat":[12370,12304],"product_tag":[],"class_list":{"0":"post-784976","1":"product","2":"type-product","3":"status-publish","5":"product_cat-arastirma-inceleme","6":"product_cat-tarih","7":"pa_cilt-ciltsiz","8":"pa_tur-kitap","9":"pa_yayinevi-timas-yayinlari","10":"pa_yazar-roger-garaudy","12":"first","13":"instock","14":"sale","15":"shipping-taxable","16":"purchasable","17":"product-type-simple"},"_links":{"self":[{"href":"https:\/\/roveyayinevi.com.tr\/index.php\/wp-json\/wp\/v2\/product\/784976","targetHints":{"allow":["GET"]}}],"collection":[{"href":"https:\/\/roveyayinevi.com.tr\/index.php\/wp-json\/wp\/v2\/product"}],"about":[{"href":"https:\/\/roveyayinevi.com.tr\/index.php\/wp-json\/wp\/v2\/types\/product"}],"wp:attachment":[{"href":"https:\/\/roveyayinevi.com.tr\/index.php\/wp-json\/wp\/v2\/media?parent=784976"}],"wp:term":[{"taxonomy":"product_brand","embeddable":true,"href":"https:\/\/roveyayinevi.com.tr\/index.php\/wp-json\/wp\/v2\/product_brand?post=784976"},{"taxonomy":"product_cat","embeddable":true,"href":"https:\/\/roveyayinevi.com.tr\/index.php\/wp-json\/wp\/v2\/product_cat?post=784976"},{"taxonomy":"product_tag","embeddable":true,"href":"https:\/\/roveyayinevi.com.tr\/index.php\/wp-json\/wp\/v2\/product_tag?post=784976"}],"curies":[{"name":"wp","href":"https:\/\/api.w.org\/{rel}","templated":true}]}}