{"id":784975,"date":"2026-03-16T22:31:03","date_gmt":"2026-03-16T19:31:03","guid":{"rendered":"https:\/\/roveyayinevi.com.tr\/index.php\/urun\/ekranda-kaybolan-cocuklar\/"},"modified":"2026-04-15T03:46:13","modified_gmt":"2026-04-15T00:46:13","slug":"ekranda-kaybolan-cocuklar","status":"publish","type":"product","link":"https:\/\/roveyayinevi.com.tr\/index.php\/urun\/ekranda-kaybolan-cocuklar\/","title":{"rendered":"Ekranda Kaybolan \u00c7ocuklar"},"content":{"rendered":"<p>Y\u0131llard\u0131r bu alanda \u00e7al\u0131\u015f\u0131yorum. Binlerce \u00e7ocu\u011fun g\u00f6z\u00fcn\u00fcn i\u00e7ine bakt\u0131m. Kimi g\u00fcl\u00fcmsedi, kimi k\u0131zd\u0131, kimi hi\u00e7 bakmad\u0131. Kimi konu\u015ftu, kimi sustu. Ama i\u00e7lerinden birka\u00e7\u0131 vard\u0131 ki\u2026 Sanki yard\u0131m istiyordu. Ama dili yoktu. Karanl\u0131k bir t\u00fcnelde gibiydi bu \u00e7ocuklar. Ve onlara seslenmek, yank\u0131 vermiyordu. Bu \u00e7ocuklar\u0131 tan\u0131yorsunuz. Onlar markette kriz ge\u00e7iren \u00e7ocuklar, tableti al\u0131n\u0131nca \u00e7\u0131\u011fl\u0131k atanlar, hi\u00e7 arkada\u015f edinemeyenler, konu\u015fmay\u0131 b\u0131rakanlar, hep yaln\u0131z oynayanlar. Belki \u00e7ocu\u011funuz, belki ye\u011feniniz, belki \u00f6\u011frenciniz\u2026 \u0130\u015fte bu kitap, onlar\u0131 fark etti\u011fim yerde ba\u015flad\u0131. Bu kitab\u0131; Tabletle b\u00fcy\u00fcyen ama sar\u0131lmaya hasret kalan \u00e7ocuklar, \u201cBenim \u00e7ocu\u011fum b\u00f6yle de\u011fildi\u201d diyen anneler, \u201cNe yapsam olmuyor\u201d diyen babalar, Ve \u201cBu \u00e7ocuklar\u0131 kaybetmeden \u00f6nce ne yapabiliriz?\u201d diye soran herkes i\u00e7in yazd\u0131m.<\/p>\n","protected":false},"excerpt":{"rendered":"<p>Y\u0131llard\u0131r bu alanda \u00e7al\u0131\u015f\u0131yorum. Binlerce \u00e7ocu\u011fun g\u00f6z\u00fcn\u00fcn i\u00e7ine bakt\u0131m. Kimi g\u00fcl\u00fcmsedi, kimi k\u0131zd\u0131, kimi hi\u00e7 bakmad\u0131. Kimi konu\u015ftu, kimi sustu. Ama i\u00e7lerinden birka\u00e7\u0131 vard\u0131 ki\u2026 Sanki<span class=\"excerpt-hellip\"> [\u2026]<\/span><\/p>\n","protected":false},"featured_media":0,"template":"","meta":{"_monsterinsights_skip_tracking":false,"_monsterinsights_sitenote_active":false,"_monsterinsights_sitenote_note":"","_monsterinsights_sitenote_category":0},"product_brand":[],"product_cat":[20502,12357],"product_tag":[],"class_list":{"0":"post-784975","1":"product","2":"type-product","3":"status-publish","5":"product_cat-basvuru-kitaplari-psikoloji","6":"product_cat-psikoloji","7":"pa_cilt-ciltsiz","8":"pa_tur-kitap","9":"pa_yayinevi-timas-yayinlari","10":"pa_yazar-veysi-ceri","12":"first","13":"instock","14":"sale","15":"shipping-taxable","16":"purchasable","17":"product-type-simple"},"_links":{"self":[{"href":"https:\/\/roveyayinevi.com.tr\/index.php\/wp-json\/wp\/v2\/product\/784975","targetHints":{"allow":["GET"]}}],"collection":[{"href":"https:\/\/roveyayinevi.com.tr\/index.php\/wp-json\/wp\/v2\/product"}],"about":[{"href":"https:\/\/roveyayinevi.com.tr\/index.php\/wp-json\/wp\/v2\/types\/product"}],"wp:attachment":[{"href":"https:\/\/roveyayinevi.com.tr\/index.php\/wp-json\/wp\/v2\/media?parent=784975"}],"wp:term":[{"taxonomy":"product_brand","embeddable":true,"href":"https:\/\/roveyayinevi.com.tr\/index.php\/wp-json\/wp\/v2\/product_brand?post=784975"},{"taxonomy":"product_cat","embeddable":true,"href":"https:\/\/roveyayinevi.com.tr\/index.php\/wp-json\/wp\/v2\/product_cat?post=784975"},{"taxonomy":"product_tag","embeddable":true,"href":"https:\/\/roveyayinevi.com.tr\/index.php\/wp-json\/wp\/v2\/product_tag?post=784975"}],"curies":[{"name":"wp","href":"https:\/\/api.w.org\/{rel}","templated":true}]}}