{"id":784974,"date":"2026-03-16T21:55:02","date_gmt":"2026-03-16T18:55:02","guid":{"rendered":"https:\/\/roveyayinevi.com.tr\/index.php\/urun\/batinilik-ve-akademi\/"},"modified":"2026-04-12T03:01:27","modified_gmt":"2026-04-12T00:01:27","slug":"batinilik-ve-akademi","status":"publish","type":"product","link":"https:\/\/roveyayinevi.com.tr\/index.php\/urun\/batinilik-ve-akademi\/","title":{"rendered":"Bat\u0131nilik ve Akademi"},"content":{"rendered":"<p>\u201cB\u00e2t\u0131nilik\u201d ya da \u201cok\u00fclt\u201d hakk\u0131ndaki alg\u0131lar\u0131m\u0131z kendimize dair nas\u0131l d\u00fc\u015f\u00fcnd\u00fc\u011f\u00fcm\u00fczle ayr\u0131lmazbi\u00e7imde i\u00e7 i\u00e7edir: Neredeyse hi\u00e7bir zaman bu olgunun bilincinde olmasak da entelekt\u00fceller ya daakademisyenler olarak kimli\u011fimizin bizatihi kendisi, o kimli\u011fin ters ayna imgesinin z\u0131mni reddinedayan\u0131r. \u0130\u015fte bu y\u00fczdendir ki \u201cBat\u0131 b\u00e2t\u0131nili\u011fi\u201d sahas\u0131, bir b\u00fct\u00fcn olarak akademik ara\u015ft\u0131rma i\u00e7inpotansiyel anlamda patlay\u0131c\u0131 i\u00e7erimler ta\u015f\u0131maktad\u0131r. Ona ili\u015fkin miras ald\u0131\u011f\u0131m\u0131z varsay\u0131mlar\u0131n,tarihsel kayd\u0131n \u00f6n yarg\u0131s\u0131z soru\u015fturulmas\u0131ndan ziyade, ideolojik in\u015falar\u0131n ve basmakal\u0131p yarg\u0131lar\u0131nyans\u0131mas\u0131 olduklar\u0131 i\u00e7in yetersiz kald\u0131klar\u0131 ortaya \u00e7\u0131karsa o zaman bizatihi kendi kimli\u011fimizintemellerini yeniden d\u00fc\u015f\u00fcnmek zorunda kalaca\u011f\u0131m\u0131z kesindir. B\u00e2t\u0131ni ya da ok\u00fclt \u00f6tekili\u011fe ili\u015fkinmuhayyel in\u015falar\u0131m\u0131z ayn\u0131 zamanda bizatihi kendili\u011fimizin in\u015fas\u0131d\u0131r ve bu y\u00fczden de \u201conlar\u0131n\u201dfarkl\u0131 oldu\u011fu ortaya \u00e7\u0131karsa eldeki soru bunun bizim i\u00e7in ne ima etti\u011fidir.Akademisyenler \u201cb\u00e2t\u0131ni\u201d, \u201cok\u00fclt\u201d ya da \u201cb\u00fcy\u00fcl\u00fc\u201d inan\u00e7lara k\u00fc\u00e7\u00fcmseyerek bakmaya meyyaldir, ancak genelde bu terimlerle anlat\u0131lan din\u00ee ve felsefi gelenekler ya da bunlar\u0131n entelekt\u00fcel tarih i\u00e7in \u00f6nemi konusunda cahildirler. Wouter J. Hanegraaff, entelekt\u00fcellerin \u0130ncil dini ve Antik Yunan akl\u0131n\u0131n temellerine meydan okumu\u015f, Ge\u00e7 Antik D\u00f6nem\u2019den kalma bir dizi \u201cpagan\u201d fikirle R\u00f6nesans\u2019tan beri nas\u0131l hesapla\u015fmaya \u00e7al\u0131\u015ft\u0131klar\u0131n\u0131n g\u00f6z ard\u0131 edilmi\u015f hik\u00e2yesini anlat\u0131yor. Protestan ve Ayd\u0131nlanma polemikleri temelinde akademiden s\u00fcrg\u00fcn edilmi\u015f bu gelenekler, \u00f6teki olarak alg\u0131lan\u0131r h\u00e2le gelmi\u015f, akademisyenler de g\u00fcn\u00fcm\u00fcze de\u011fin kimliklerini bu \u00f6teki \u00fczerinden tan\u0131mlam\u0131\u015flard\u0131r. Hanegraaff, B\u00e2t\u0131nilik ve Akademi\u2019deki irdelemesini birincil ve ikincil kaynaklar \u00fczerine titiz bir \u00e7al\u0131\u015fmayla temellendirerek okuru 15. y\u00fczy\u0131ldan g\u00fcn\u00fcm\u00fcze uzanan heyecan verici bir entelekt\u00fcel yolculu\u011fa \u00e7\u0131kar\u0131yor ve d\u0131\u015flanman\u0131n bu unutulmu\u015f tarihinin din, felsefe ve bilimin m\u00fcesses klasik anlat\u0131lar\u0131na dair ne gibi i\u00e7erimler ta\u015f\u0131d\u0131\u011f\u0131n\u0131 sorguluyor.<\/p>\n","protected":false},"excerpt":{"rendered":"<p>\u201cB\u00e2t\u0131nilik\u201d ya da \u201cok\u00fclt\u201d hakk\u0131ndaki alg\u0131lar\u0131m\u0131z kendimize dair nas\u0131l d\u00fc\u015f\u00fcnd\u00fc\u011f\u00fcm\u00fczle ayr\u0131lmazbi\u00e7imde i\u00e7 i\u00e7edir: Neredeyse hi\u00e7bir zaman bu olgunun bilincinde olmasak da entelekt\u00fceller ya daakademisyenler olarak kimli\u011fimizin<span class=\"excerpt-hellip\"> [\u2026]<\/span><\/p>\n","protected":false},"featured_media":0,"template":"","meta":{"_monsterinsights_skip_tracking":false,"_monsterinsights_sitenote_active":false,"_monsterinsights_sitenote_note":"","_monsterinsights_sitenote_category":0},"product_brand":[],"product_cat":[14787,13488],"product_tag":[],"class_list":{"0":"post-784974","1":"product","2":"type-product","3":"status-publish","5":"product_cat-diger-toplum-ve-insan","6":"product_cat-toplum-ve-insan","7":"pa_cilt-ciltsiz","8":"pa_tur-kitap","9":"pa_yayinevi-vakifbank-kultur-yayinlari","10":"pa_yazar-wouter-j-hanegraaff","12":"first","13":"instock","14":"sale","15":"shipping-taxable","16":"purchasable","17":"product-type-simple"},"_links":{"self":[{"href":"https:\/\/roveyayinevi.com.tr\/index.php\/wp-json\/wp\/v2\/product\/784974","targetHints":{"allow":["GET"]}}],"collection":[{"href":"https:\/\/roveyayinevi.com.tr\/index.php\/wp-json\/wp\/v2\/product"}],"about":[{"href":"https:\/\/roveyayinevi.com.tr\/index.php\/wp-json\/wp\/v2\/types\/product"}],"wp:attachment":[{"href":"https:\/\/roveyayinevi.com.tr\/index.php\/wp-json\/wp\/v2\/media?parent=784974"}],"wp:term":[{"taxonomy":"product_brand","embeddable":true,"href":"https:\/\/roveyayinevi.com.tr\/index.php\/wp-json\/wp\/v2\/product_brand?post=784974"},{"taxonomy":"product_cat","embeddable":true,"href":"https:\/\/roveyayinevi.com.tr\/index.php\/wp-json\/wp\/v2\/product_cat?post=784974"},{"taxonomy":"product_tag","embeddable":true,"href":"https:\/\/roveyayinevi.com.tr\/index.php\/wp-json\/wp\/v2\/product_tag?post=784974"}],"curies":[{"name":"wp","href":"https:\/\/api.w.org\/{rel}","templated":true}]}}