{"id":784973,"date":"2026-03-16T21:48:36","date_gmt":"2026-03-16T18:48:36","guid":{"rendered":"https:\/\/roveyayinevi.com.tr\/index.php\/urun\/borsa-2\/"},"modified":"2026-04-16T02:48:41","modified_gmt":"2026-04-15T23:48:41","slug":"borsa-2","status":"publish","type":"product","link":"https:\/\/roveyayinevi.com.tr\/index.php\/urun\/borsa-2\/","title":{"rendered":"Borsa"},"content":{"rendered":"<p>\u201cBorsa g\u00fcn\u00fcm\u00fczde mill\u00ee ekonomilerin d\u00fczenleyicisi ve organizat\u00f6r\u00fc olmaya ba\u015flam\u0131\u015ft\u0131r ve a\u011f\u0131rl\u0131\u011f\u0131 gitgide artmaktad\u0131r, \u00fcstelik bug\u00fcnk\u00fc toplumsal d\u00fczen buna benzer bir bi\u00e7imde var olmaya devam edecekse, b\u00f6yle olmak zorundad\u0131r da.\u201d Max Weber elinizdeki metni 20. y\u00fczy\u0131l\u0131n e\u015fi\u011finde, d\u00fcnyada ticari k\u00fcreselle\u015fmenin zirvesine ula\u015ft\u0131\u011f\u0131 bir d\u00f6nemde kaleme alm\u0131\u015ft\u0131r. Weber\u2019e g\u00f6re borsa bu ticari hareketlili\u011fi m\u00fcmk\u00fcn k\u0131lan en \u00f6nemli ara\u00e7lardan biridir. Weber bir yandan sarih bir \u015fekilde borsan\u0131n i\u015flevlerini a\u00e7\u0131klarken di\u011fer taraftan da borsaya dair soru i\u015faretlerini gidermeye \u00e7al\u0131\u015f\u0131r. Metin Almanya\u2019n\u0131n s\u00f6z konusu d\u00f6nemde d\u00fcnya \u00e7ap\u0131nda bir iktisadi g\u00fc\u00e7 olma sanc\u0131lar\u0131na ve ayn\u0131 zamanda Alman toplumu i\u00e7indeki s\u0131n\u0131f \u00e7eli\u015fkilerine dair de ipu\u00e7lar\u0131 i\u00e7erir. Weber\u2019in s\u00f6z konusu hususlara dair yapt\u0131\u011f\u0131 yorumlar onun toplum ile iktisat aras\u0131ndaki ili\u015fkiye bak\u0131\u015f\u0131n\u0131 net olarak g\u00f6sterir. Bu \u00e7er\u00e7evede Borsa\u2019y\u0131, takip eden y\u0131llarda Weber\u2019i \u00f6nemli bir sosyolog olarak sahneye \u00e7\u0131karacak di\u011fer metinlerine temel te\u015fkil eden \u00e7al\u0131\u015fmalardan biri olarak okumak m\u00fcmk\u00fcnd\u00fcr. M. Faz\u0131l Ba\u015f\u2019\u0131n kitab\u0131n ortaya \u00e7\u0131k\u0131\u015f ba\u011flam\u0131na dair etrafl\u0131 sunu\u015f yaz\u0131s\u0131 ile yay\u0131mlad\u0131\u011f\u0131m\u0131z Borsa, T\u00fcrk\u00e7edeki Weber literat\u00fcr\u00fcne \u00f6nemli bir katk\u0131 olarak kar\u015f\u0131m\u0131zda. Yazar Hakk\u0131nda: 1864 y\u0131l\u0131nda Prusya\u2019n\u0131n Erfurt kentinde do\u011fdu. Heidelberg \u00dcniversitesi\u2019nde ba\u015flad\u0131\u011f\u0131 hukuk e\u011fitimini Berlin \u00dcniversitesi\u2019nde tamamlad\u0131. Alman Sosyoloji Derne\u011finin kurucular\u0131 aras\u0131nda yer alan Weber, Berlin \u00dcniversitesi, Freiburg \u00dcniversitesi ve Heidelberg \u00dcniversitesi\u2019nde dersler verdi. Eserlerinden baz\u0131lar\u0131 \u015funlard\u0131r: Protestan Ahlak\u0131 ve Kapitalizmin Ruhu, Sosyolojinin Temel Kavramlar\u0131, Sosyal Bilimlerin Metodolojisi, B\u00fcrokrasi ve Otorite, Sosyoloji Yaz\u0131lar\u0131, Hukuk Sosyolojisi, Toplumsal ve Ekonomik \u00d6rg\u00fctlenme Kuram\u0131, Meslek Olarak Siyaset, Din Sosyolojisi.<\/p>\n","protected":false},"excerpt":{"rendered":"<p>\u201cBorsa g\u00fcn\u00fcm\u00fczde mill\u00ee ekonomilerin d\u00fczenleyicisi ve organizat\u00f6r\u00fc olmaya ba\u015flam\u0131\u015ft\u0131r ve a\u011f\u0131rl\u0131\u011f\u0131 gitgide artmaktad\u0131r, \u00fcstelik bug\u00fcnk\u00fc toplumsal d\u00fczen buna benzer bir bi\u00e7imde var olmaya devam edecekse, b\u00f6yle<span class=\"excerpt-hellip\"> [\u2026]<\/span><\/p>\n","protected":false},"featured_media":0,"template":"","meta":{"_monsterinsights_skip_tracking":false,"_monsterinsights_sitenote_active":false,"_monsterinsights_sitenote_note":"","_monsterinsights_sitenote_category":0},"product_brand":[],"product_cat":[17249,13043],"product_tag":[],"class_list":{"0":"post-784973","1":"product","2":"type-product","3":"status-publish","5":"product_cat-borsa-finans","6":"product_cat-ekonomi","7":"pa_cilt-ciltsiz","8":"pa_tur-kitap","9":"pa_yayinevi-vakifbank-kultur-yayinlari","10":"pa_yazar-max-weber","12":"first","13":"instock","14":"sale","15":"shipping-taxable","16":"purchasable","17":"product-type-simple"},"_links":{"self":[{"href":"https:\/\/roveyayinevi.com.tr\/index.php\/wp-json\/wp\/v2\/product\/784973","targetHints":{"allow":["GET"]}}],"collection":[{"href":"https:\/\/roveyayinevi.com.tr\/index.php\/wp-json\/wp\/v2\/product"}],"about":[{"href":"https:\/\/roveyayinevi.com.tr\/index.php\/wp-json\/wp\/v2\/types\/product"}],"wp:attachment":[{"href":"https:\/\/roveyayinevi.com.tr\/index.php\/wp-json\/wp\/v2\/media?parent=784973"}],"wp:term":[{"taxonomy":"product_brand","embeddable":true,"href":"https:\/\/roveyayinevi.com.tr\/index.php\/wp-json\/wp\/v2\/product_brand?post=784973"},{"taxonomy":"product_cat","embeddable":true,"href":"https:\/\/roveyayinevi.com.tr\/index.php\/wp-json\/wp\/v2\/product_cat?post=784973"},{"taxonomy":"product_tag","embeddable":true,"href":"https:\/\/roveyayinevi.com.tr\/index.php\/wp-json\/wp\/v2\/product_tag?post=784973"}],"curies":[{"name":"wp","href":"https:\/\/api.w.org\/{rel}","templated":true}]}}