{"id":784972,"date":"2026-03-16T21:37:17","date_gmt":"2026-03-16T18:37:17","guid":{"rendered":"https:\/\/roveyayinevi.com.tr\/index.php\/urun\/dinlersen-anlatirim\/"},"modified":"2026-04-08T02:43:23","modified_gmt":"2026-04-07T23:43:23","slug":"dinlersen-anlatirim","status":"publish","type":"product","link":"https:\/\/roveyayinevi.com.tr\/index.php\/urun\/dinlersen-anlatirim\/","title":{"rendered":"Dinlersen Anlat\u0131r\u0131m"},"content":{"rendered":"<p>G\u00fcn\u00fcm\u00fczde yaz\u0131lan T\u00fcrk\u00e7e \u015fiir, zaman\u0131n ruhuna bel ba\u011flamadan, belle\u011fin biriktirdi\u011fi gelenekselden ar\u0131narak kendine dair bir \u201cben\u201d olu\u015fturuyor. Egemen estetik be\u011feniye, anlat\u0131ya, lirizme kar\u015f\u0131 durarak modern \u015fiiri yeni bir evreye ta\u015f\u0131yor. Buna yeni bir ku\u015fak olu\u015fumu de\u011fil, bir kopu\u015f denemesinin poetik duru\u015fu diyebiliriz diye d\u00fc\u015f\u00fcn\u00fcyorum. Belki de, gelece\u011fin yelesini bug\u00fcnden avu\u00e7lar\u0131na alma iste\u011fi. \u015eiirdeki bu de\u011fi\u015fim d\u00fcz bir zeminde ilerleyi\u015fle de\u011fil, hayat\u0131n h\u0131z ile edindi\u011fi s\u0131\u00e7ramalarla anla\u015f\u0131labilir. \u00c7\u00fcnk\u00fc de\u011fi\u015fen hayat\u0131n anlay\u0131\u015f\u0131n\u0131 bir \u00f6nceki estetik sal\u0131n\u0131m kar\u015f\u0131lam\u0131yor. Bir benzetmeyle, caz, rock dinleyen ki\u015filer yaln\u0131zca dinleyici olarak kalm\u0131yor, harekete kat\u0131lma duygusunu da ediniyorlar. B\u00f6ylece birey-\u00f6zne olma bilinci de etkinlik kazan\u0131yor.  Modern \u015fiirin, s\u00f6zl\u00fc k\u00fclt\u00fcre de bir borcu kalmam\u0131\u015f gibi g\u00f6z\u00fck\u00fcyor. \u00c7\u00fcnk\u00fc bu k\u00fclt\u00fcr\u00fcn sal\u0131n\u0131m\u0131, pop\u00fcler dalgaya kap\u0131ld\u0131\u011f\u0131 i\u00e7in, s\u00f6zc\u00fckler anlam aktar\u0131m\u0131ndan yorulmu\u015f, a\u015f\u0131nm\u0131\u015f ve hareket yeteneklerini b\u00fcy\u00fck \u00f6l\u00e7\u00fcde yitirmi\u015flerdir. B\u00f6ylesi bir ahvalde modern \u015fiir, kurdu\u011fu yeni \u201cmatris\u201d ile s\u00f6zc\u00fckleri \u00f6zg\u00fcrl\u00fc\u011fe kavu\u015fturarak, onlar\u0131n yeni yeni anlam katmanlar\u0131 edinmesini sa\u011flamaya y\u00f6nelmi\u015ftir. B\u00f6ylece dilin b\u00fckt\u00fc\u011f\u00fc, i\u00e7ine kapanmas\u0131na yol a\u00e7t\u0131\u011f\u0131 eylemsellik, yeni bir hayat \u00f6p\u00fcc\u00fc\u011f\u00fc kazanm\u0131\u015f oluyor. Yine bu ba\u011flamda \u015fiirin \u201cben\u201di \u00f6zg\u00fcrle\u015ferek kendini \u00f6zne k\u0131lman\u0131n serbestli\u011fini ya\u015famaktad\u0131r. Nesneler kendi yeni imgelerini bulman\u0131n rahatl\u0131\u011f\u0131yla imgelem d\u00fcnyam\u0131z\u0131 da zenginle\u015ftirmektedir. <\/p>\n","protected":false},"excerpt":{"rendered":"<p>G\u00fcn\u00fcm\u00fczde yaz\u0131lan T\u00fcrk\u00e7e \u015fiir, zaman\u0131n ruhuna bel ba\u011flamadan, belle\u011fin biriktirdi\u011fi gelenekselden ar\u0131narak kendine dair bir \u201cben\u201d olu\u015fturuyor. Egemen estetik be\u011feniye, anlat\u0131ya, lirizme kar\u015f\u0131 durarak modern \u015fiiri<span class=\"excerpt-hellip\"> [\u2026]<\/span><\/p>\n","protected":false},"featured_media":0,"template":"","meta":{"_monsterinsights_skip_tracking":false,"_monsterinsights_sitenote_active":false,"_monsterinsights_sitenote_note":"","_monsterinsights_sitenote_category":0},"product_brand":[],"product_cat":[12291,12711],"product_tag":[],"class_list":{"0":"post-784972","1":"product","2":"type-product","3":"status-publish","5":"product_cat-edebiyat","6":"product_cat-roman-oyku","7":"pa_cilt-ciltsiz","8":"pa_tur-kitap","9":"pa_yayinevi-everest-yayinlari","10":"pa_yazar-ahmet-telli","12":"first","13":"instock","14":"sale","15":"shipping-taxable","16":"purchasable","17":"product-type-simple"},"_links":{"self":[{"href":"https:\/\/roveyayinevi.com.tr\/index.php\/wp-json\/wp\/v2\/product\/784972","targetHints":{"allow":["GET"]}}],"collection":[{"href":"https:\/\/roveyayinevi.com.tr\/index.php\/wp-json\/wp\/v2\/product"}],"about":[{"href":"https:\/\/roveyayinevi.com.tr\/index.php\/wp-json\/wp\/v2\/types\/product"}],"wp:attachment":[{"href":"https:\/\/roveyayinevi.com.tr\/index.php\/wp-json\/wp\/v2\/media?parent=784972"}],"wp:term":[{"taxonomy":"product_brand","embeddable":true,"href":"https:\/\/roveyayinevi.com.tr\/index.php\/wp-json\/wp\/v2\/product_brand?post=784972"},{"taxonomy":"product_cat","embeddable":true,"href":"https:\/\/roveyayinevi.com.tr\/index.php\/wp-json\/wp\/v2\/product_cat?post=784972"},{"taxonomy":"product_tag","embeddable":true,"href":"https:\/\/roveyayinevi.com.tr\/index.php\/wp-json\/wp\/v2\/product_tag?post=784972"}],"curies":[{"name":"wp","href":"https:\/\/api.w.org\/{rel}","templated":true}]}}