{"id":784970,"date":"2026-03-16T21:26:36","date_gmt":"2026-03-16T18:26:36","guid":{"rendered":"https:\/\/roveyayinevi.com.tr\/index.php\/urun\/jean-christophe-ii\/"},"modified":"2026-04-16T02:23:52","modified_gmt":"2026-04-15T23:23:52","slug":"jean-christophe-ii","status":"publish","type":"product","link":"https:\/\/roveyayinevi.com.tr\/index.php\/urun\/jean-christophe-ii\/","title":{"rendered":"Jean &#8211; Christophe II"},"content":{"rendered":"<p>Art\u0131k vatan\u0131 yetmez olur Christophe\u2019a&#8230; \u201cKendisinde adland\u0131ramad\u0131\u011f\u0131 bir kuvvetin do\u011fmakta oldu\u011funu hisseder: Ku\u015flarda, t\u0131pk\u0131 denizin gelgiti gibi, belli zamanlar dayan\u0131lmaz bir g\u00fc\u00e7le birdenbire uyanan o esrarengiz kuvveti, B\u00fcy\u00fck G\u00f6\u00e7ler i\u00e7g\u00fcd\u00fcs\u00fcn\u00fc&#8230; Herder\u2019in ve Fichte\u2019nin kitaplar\u0131n\u0131 okurken, kendininkine benzeyen ruhlara rastlam\u0131\u015ft\u0131, \u00fcst\u00fcnde ya\u015fad\u0131\u011f\u0131 topra\u011fa k\u00f6lece ba\u011flanm\u0131\u015f \u2018topra\u011f\u0131n \u00e7ocuklar\u0131\u2019 de\u011fildi bunlar, hi\u00e7 y\u0131lmadan y\u00fczlerini \u0131\u015f\u0131\u011fa \u00e7eviren \u2018g\u00fcne\u015fin \u00e7ocuklar\u0131\u2019yd\u0131.\u201d Ama nereye gidecektir Christophe? Annesini nas\u0131l tek ba\u015f\u0131na b\u0131rakacakt\u0131r? \u00c7aresizlik i\u00e7inde \u00e7\u0131rp\u0131n\u0131rken hi\u00e7 beklenmedik bir olay onun ad\u0131na karar verecek ve onu yeni ufuklara ula\u015ft\u0131racakt\u0131r. \u201cEdebi eserlerindeki y\u00fcce idealizm ile \u00e7e\u015fitli insan tiplerini betimlerken ortaya koydu\u011fu duyguda\u015fl\u0131k ve hakikat a\u015fk\u0131\u201dn\u0131 onurland\u0131rmak i\u00e7in Nobel Akademisi Romain Rolland\u2019\u0131 1915 y\u0131l\u0131nda Nobel Ebebiyat \u00d6d\u00fcl\u00fc\u2019ne lay\u0131k g\u00f6rm\u00fc\u015ft\u00fcr. Yazar, \u201cnehir roman\u201d t\u00fcr\u00fcn\u00fcn ilk \u00f6rne\u011fi olan en b\u00fcy\u00fck roman\u0131 Jean-Christophe\u2019ta d\u00e2hi bir m\u00fczisyenin do\u011fumundan \u00f6l\u00fcm\u00fcne hayat\u0131n\u0131 anlat\u0131rken bir yandan da paran\u0131n her \u015feye egemen oldu\u011fu, sahte \u015f\u00f6hretlerin ucuz ve yavan \u00fcr\u00fcnlerle fikir ve sanat alan\u0131nda cirit att\u0131klar\u0131 burjuva toplum d\u00fczenini ac\u0131mas\u0131zca ele\u015ftirir. Romain Rolland\u2019\u0131n 1904\u2019te yazmaya ba\u015flay\u0131p 1912\u2019de tamamlad\u0131\u011f\u0131, 10 kitaptan olu\u015fan bu devasa eseri, YKY 3 ciltte bir araya getiriyor. <\/p>\n","protected":false},"excerpt":{"rendered":"<p>Art\u0131k vatan\u0131 yetmez olur Christophe\u2019a&#8230; \u201cKendisinde adland\u0131ramad\u0131\u011f\u0131 bir kuvvetin do\u011fmakta oldu\u011funu hisseder: Ku\u015flarda, t\u0131pk\u0131 denizin gelgiti gibi, belli zamanlar dayan\u0131lmaz bir g\u00fc\u00e7le birdenbire uyanan o esrarengiz<span class=\"excerpt-hellip\"> [\u2026]<\/span><\/p>\n","protected":false},"featured_media":0,"template":"","meta":{"_monsterinsights_skip_tracking":false,"_monsterinsights_sitenote_active":false,"_monsterinsights_sitenote_note":"","_monsterinsights_sitenote_category":0},"product_brand":[],"product_cat":[12291,12711],"product_tag":[],"class_list":{"0":"post-784970","1":"product","2":"type-product","3":"status-publish","5":"product_cat-edebiyat","6":"product_cat-roman-oyku","7":"pa_cilt-ciltsiz","8":"pa_tur-kitap","9":"pa_yayinevi-yapi-kredi-yayinlari","10":"pa_yazar-romain-rolland","12":"first","13":"instock","14":"sale","15":"shipping-taxable","16":"purchasable","17":"product-type-simple"},"_links":{"self":[{"href":"https:\/\/roveyayinevi.com.tr\/index.php\/wp-json\/wp\/v2\/product\/784970","targetHints":{"allow":["GET"]}}],"collection":[{"href":"https:\/\/roveyayinevi.com.tr\/index.php\/wp-json\/wp\/v2\/product"}],"about":[{"href":"https:\/\/roveyayinevi.com.tr\/index.php\/wp-json\/wp\/v2\/types\/product"}],"wp:attachment":[{"href":"https:\/\/roveyayinevi.com.tr\/index.php\/wp-json\/wp\/v2\/media?parent=784970"}],"wp:term":[{"taxonomy":"product_brand","embeddable":true,"href":"https:\/\/roveyayinevi.com.tr\/index.php\/wp-json\/wp\/v2\/product_brand?post=784970"},{"taxonomy":"product_cat","embeddable":true,"href":"https:\/\/roveyayinevi.com.tr\/index.php\/wp-json\/wp\/v2\/product_cat?post=784970"},{"taxonomy":"product_tag","embeddable":true,"href":"https:\/\/roveyayinevi.com.tr\/index.php\/wp-json\/wp\/v2\/product_tag?post=784970"}],"curies":[{"name":"wp","href":"https:\/\/api.w.org\/{rel}","templated":true}]}}