{"id":784969,"date":"2026-03-16T21:20:11","date_gmt":"2026-03-16T18:20:11","guid":{"rendered":"https:\/\/roveyayinevi.com.tr\/index.php\/urun\/bir-kadinin-yasamindan-yirmi-dort-saat-5\/"},"modified":"2026-04-16T02:18:03","modified_gmt":"2026-04-15T23:18:03","slug":"bir-kadinin-yasamindan-yirmi-dort-saat-5","status":"publish","type":"product","link":"https:\/\/roveyayinevi.com.tr\/index.php\/urun\/bir-kadinin-yasamindan-yirmi-dort-saat-5\/","title":{"rendered":"Bir Kad\u0131n\u0131n Ya\u015fam\u0131ndan Yirmi D\u00f6rt Saat"},"content":{"rendered":"<p>Yirmi d\u00f6rt saatlik bir zaman diliminde ya\u015fananlar\u0131n yank\u0131s\u0131 belki bir \u00f6m\u00fcr devam eder. Tutkular\u0131n, saplant\u0131lar\u0131n, iyilik yapma duygusunun, anl\u0131k \u00e7\u0131lg\u0131nl\u0131klar\u0131n yol a\u00e7t\u0131\u011f\u0131 izler \u00f6yle kolay silinmez. Sessizlik ve s\u0131rr\u0131n ki\u015fiyi ba\u011flad\u0131\u011f\u0131 ketumluk ancak bir s\u00fcre devam edebilir. Ve bir an gelir, insan hi\u00e7 tan\u0131mad\u0131\u011f\u0131 bir yabanc\u0131ya bile ge\u00e7mi\u015fin ac\u0131 hat\u0131ras\u0131n\u0131 bir solukta anlat\u0131verir. Konforlu ve rahat, ayn\u0131 zamanda \u00e7ok hareketli bir ya\u015fam s\u00fcren kibar s\u0131n\u0131f\u0131n o d\u00f6nemdeki g\u00f6zdesi Monte Carlo\u2019da ge\u00e7en hik\u00e2yede, ikiy\u00fczl\u00fc ve sahte burjuva ya\u015fam\u0131n\u0131n \u00f6ld\u00fcrd\u00fc\u011f\u00fc benliklerin canlanmak, hayat bulmak i\u00e7in tutkular\u0131n, i\u00e7g\u00fcd\u00fclerin oynad\u0131\u011f\u0131 rol \u00e7ok daha iyi g\u00f6r\u00fcl\u00fcyor. Kendilerindeki hareketsizli\u011fi \u00f6rtmek i\u00e7in ba\u015fkalar\u0131n\u0131n ya\u015fant\u0131s\u0131na kulak kesilmekle kalmaz, hatt\u00e2 ba\u015fkalar\u0131n\u0131n ya\u015fant\u0131s\u0131na m\u00fcdahil bile olur ki\u015fi. Kumar tutkusu i\u00e7indeki bir gen\u00e7 ve onu kap\u0131ld\u0131- \u011f\u0131 girdaptan kurtarmak isteyen, e\u015fini kaybetmi\u015f, ba\u015f\u0131bo\u015f seyahatler yapan bir kad\u0131n\u2026 \u00d6zellikle u\u00e7 durumlarda insan hallerini resmekte usta Zweig, i\u00e7g\u00fcd\u00fcleri ve tutkular\u0131 ortaya \u00e7\u0131kartan ko- \u015fullar\u0131 k\u0131sa, yo\u011fun ve e\u015fsiz bir anlat\u0131mla, derinlemesine okuyucuya aktarmaktad\u0131r. <\/p>\n","protected":false},"excerpt":{"rendered":"<p>Yirmi d\u00f6rt saatlik bir zaman diliminde ya\u015fananlar\u0131n yank\u0131s\u0131 belki bir \u00f6m\u00fcr devam eder. Tutkular\u0131n, saplant\u0131lar\u0131n, iyilik yapma duygusunun, anl\u0131k \u00e7\u0131lg\u0131nl\u0131klar\u0131n yol a\u00e7t\u0131\u011f\u0131 izler \u00f6yle kolay silinmez.<span class=\"excerpt-hellip\"> [\u2026]<\/span><\/p>\n","protected":false},"featured_media":0,"template":"","meta":{"_monsterinsights_skip_tracking":false,"_monsterinsights_sitenote_active":false,"_monsterinsights_sitenote_note":"","_monsterinsights_sitenote_category":0},"product_brand":[],"product_cat":[12782,12291],"product_tag":[],"class_list":{"0":"post-784969","1":"product","2":"type-product","3":"status-publish","5":"product_cat-alman-edebiyati","6":"product_cat-edebiyat","7":"pa_cilt-ciltsiz","8":"pa_tur-kitap","9":"pa_yayinevi-dogu-bati-yayinlari","10":"pa_yazar-stefan-zweig","12":"first","13":"instock","14":"sale","15":"shipping-taxable","16":"purchasable","17":"product-type-simple"},"_links":{"self":[{"href":"https:\/\/roveyayinevi.com.tr\/index.php\/wp-json\/wp\/v2\/product\/784969","targetHints":{"allow":["GET"]}}],"collection":[{"href":"https:\/\/roveyayinevi.com.tr\/index.php\/wp-json\/wp\/v2\/product"}],"about":[{"href":"https:\/\/roveyayinevi.com.tr\/index.php\/wp-json\/wp\/v2\/types\/product"}],"wp:attachment":[{"href":"https:\/\/roveyayinevi.com.tr\/index.php\/wp-json\/wp\/v2\/media?parent=784969"}],"wp:term":[{"taxonomy":"product_brand","embeddable":true,"href":"https:\/\/roveyayinevi.com.tr\/index.php\/wp-json\/wp\/v2\/product_brand?post=784969"},{"taxonomy":"product_cat","embeddable":true,"href":"https:\/\/roveyayinevi.com.tr\/index.php\/wp-json\/wp\/v2\/product_cat?post=784969"},{"taxonomy":"product_tag","embeddable":true,"href":"https:\/\/roveyayinevi.com.tr\/index.php\/wp-json\/wp\/v2\/product_tag?post=784969"}],"curies":[{"name":"wp","href":"https:\/\/api.w.org\/{rel}","templated":true}]}}