{"id":784967,"date":"2026-03-16T21:04:16","date_gmt":"2026-03-16T18:04:16","guid":{"rendered":"https:\/\/roveyayinevi.com.tr\/index.php\/urun\/dovusen-anlatsin\/"},"modified":"2026-04-16T02:05:53","modified_gmt":"2026-04-15T23:05:53","slug":"dovusen-anlatsin","status":"publish","type":"product","link":"https:\/\/roveyayinevi.com.tr\/index.php\/urun\/dovusen-anlatsin\/","title":{"rendered":"D\u00f6v\u00fc\u015fen Anlats\u0131n"},"content":{"rendered":"<p>D\u00f6v\u00fc\u015fen anlats\u0131n Ac\u0131n\u0131n milad\u0131yla \u00c7eli\u011fin sessizli\u011finde Yol ayr\u0131m\u0131 M\u00fclk\u00fcm\u00fcz kederdir Efkarl\u0131 oldu\u011fumuz do\u011frudur Bir sevda ki Bel ba\u011flamad\u0131k sevdadan gayr\u0131s\u0131na Elveda keder Zulm\u00fcn defteri eksik tutulmu\u015ftur G\u00fcnl\u00fc\u011f\u00fc yoktur h\u00fczn\u00fcn Ac\u0131n\u0131n sarn\u0131c\u0131 Zaman\u0131 ve sevday\u0131 kollamaktay\u0131z Seher t\u00fcrk\u00fcleri Her seher yeniden Direni\u015f g\u00fcnleri Kavgalar b\u00fcy\u00fcd\u00fck\u00e7e Bir hazin hikaye Zul\u00fcm de biter G\u00fcn a\u011far\u0131rken<\/p>\n","protected":false},"excerpt":{"rendered":"<p>D\u00f6v\u00fc\u015fen anlats\u0131n Ac\u0131n\u0131n milad\u0131yla \u00c7eli\u011fin sessizli\u011finde Yol ayr\u0131m\u0131 M\u00fclk\u00fcm\u00fcz kederdir Efkarl\u0131 oldu\u011fumuz do\u011frudur Bir sevda ki Bel ba\u011flamad\u0131k sevdadan gayr\u0131s\u0131na Elveda keder Zulm\u00fcn defteri eksik tutulmu\u015ftur<span class=\"excerpt-hellip\"> [\u2026]<\/span><\/p>\n","protected":false},"featured_media":0,"template":"","meta":{"_monsterinsights_skip_tracking":false,"_monsterinsights_sitenote_active":false,"_monsterinsights_sitenote_note":"","_monsterinsights_sitenote_category":0},"product_brand":[],"product_cat":[12291,12509],"product_tag":[],"class_list":{"0":"post-784967","1":"product","2":"type-product","3":"status-publish","5":"product_cat-edebiyat","6":"product_cat-siir","7":"pa_cilt-ciltsiz","8":"pa_tur-kitap","9":"pa_yayinevi-everest-yayinlari","10":"pa_yazar-ahmet-telli","12":"first","13":"instock","14":"sale","15":"shipping-taxable","16":"purchasable","17":"product-type-simple"},"_links":{"self":[{"href":"https:\/\/roveyayinevi.com.tr\/index.php\/wp-json\/wp\/v2\/product\/784967","targetHints":{"allow":["GET"]}}],"collection":[{"href":"https:\/\/roveyayinevi.com.tr\/index.php\/wp-json\/wp\/v2\/product"}],"about":[{"href":"https:\/\/roveyayinevi.com.tr\/index.php\/wp-json\/wp\/v2\/types\/product"}],"wp:attachment":[{"href":"https:\/\/roveyayinevi.com.tr\/index.php\/wp-json\/wp\/v2\/media?parent=784967"}],"wp:term":[{"taxonomy":"product_brand","embeddable":true,"href":"https:\/\/roveyayinevi.com.tr\/index.php\/wp-json\/wp\/v2\/product_brand?post=784967"},{"taxonomy":"product_cat","embeddable":true,"href":"https:\/\/roveyayinevi.com.tr\/index.php\/wp-json\/wp\/v2\/product_cat?post=784967"},{"taxonomy":"product_tag","embeddable":true,"href":"https:\/\/roveyayinevi.com.tr\/index.php\/wp-json\/wp\/v2\/product_tag?post=784967"}],"curies":[{"name":"wp","href":"https:\/\/api.w.org\/{rel}","templated":true}]}}