{"id":784963,"date":"2026-03-15T03:32:27","date_gmt":"2026-03-15T00:32:27","guid":{"rendered":"https:\/\/roveyayinevi.com.tr\/index.php\/urun\/islam-ve-iftira\/"},"modified":"2026-04-15T03:48:43","modified_gmt":"2026-04-15T00:48:43","slug":"islam-ve-iftira","status":"publish","type":"product","link":"https:\/\/roveyayinevi.com.tr\/index.php\/urun\/islam-ve-iftira\/","title":{"rendered":"\u0130slam ve \u0130ftira"},"content":{"rendered":"<p>\u0130ftira bireylerin onurunu zedeleyen, toplumun gu\u0308ven dokusunu par\u00e7alayan ve adalet duygusunu sarsan en eski su\u00e7lardanbiridir. Tarih boyunca Sokrates\u2019ten Hz.Yusuf\u2019a, Hz. Meryem\u2019den Hz. \u00c2i\u015fe\u2019ye kadar pek \u00e7ok masum insan bu zehirli su\u00e7unhedefi olmu\u015ftur. \u0130slam hukukunun iftiraya yakla\u015f\u0131m\u0131, yaln\u0131zca bireysel haklar\u0131 de\u011fil, ayn\u0131 zamanda toplumsal du\u0308zeni veahl\u00e2ki de\u011ferleri de korumaya y\u00f6neliktir.Elinizdeki \u00e7al\u0131\u015fma; iftira kavram\u0131n\u0131n mahiyetinden tarihsel geli\u015fimine, \u00e7e\u015fitlerinden \u0130slam hukukundaki du\u0308zenlemelerine,ceza\u00ee mu\u0308eyyidelerden ispat yollar\u0131na kadar geni\u015f bir \u00e7er\u00e7eve sunmaktad\u0131r. D\u00f6rt Su\u0308nn\u00ee mezhebin yan\u0131 s\u0131ra di\u011fer hukukekollerinin g\u00f6ru\u0308\u015flerini de inceleyen eser; iftira su\u00e7unun ahl\u00e2k, hukuk ve insan onuru ba\u011flam\u0131ndaki \u00f6nemini g\u00f6zler \u00f6nu\u0308neseriyor.Bu kitap, iftiran\u0131n hem bireysel hem de toplumsal boyutlar\u0131n\u0131 anlamak isteyen ara\u015ft\u0131rmac\u0131lar, hukuk\u00e7ular ve tu\u0308m okuyuculari\u00e7in vazge\u00e7ilmez bir kaynak niteli\u011findedir.<\/p>\n","protected":false},"excerpt":{"rendered":"<p>\u0130ftira bireylerin onurunu zedeleyen, toplumun gu\u0308ven dokusunu par\u00e7alayan ve adalet duygusunu sarsan en eski su\u00e7lardanbiridir. Tarih boyunca Sokrates\u2019ten Hz.Yusuf\u2019a, Hz. Meryem\u2019den Hz. \u00c2i\u015fe\u2019ye kadar pek \u00e7ok<span class=\"excerpt-hellip\"> [\u2026]<\/span><\/p>\n","protected":false},"featured_media":0,"template":"","meta":{"_monsterinsights_skip_tracking":false,"_monsterinsights_sitenote_active":false,"_monsterinsights_sitenote_note":"","_monsterinsights_sitenote_category":0},"product_brand":[],"product_cat":[12718,12719],"product_tag":[],"class_list":{"0":"post-784963","1":"product","2":"type-product","3":"status-publish","5":"product_cat-din","6":"product_cat-islam","7":"pa_cilt-ciltsiz","8":"pa_tur-kitap","9":"pa_yayinevi-kadim-yayinlari","10":"pa_yazar-hasan-dogan","12":"first","13":"instock","14":"sale","15":"shipping-taxable","16":"purchasable","17":"product-type-simple"},"_links":{"self":[{"href":"https:\/\/roveyayinevi.com.tr\/index.php\/wp-json\/wp\/v2\/product\/784963","targetHints":{"allow":["GET"]}}],"collection":[{"href":"https:\/\/roveyayinevi.com.tr\/index.php\/wp-json\/wp\/v2\/product"}],"about":[{"href":"https:\/\/roveyayinevi.com.tr\/index.php\/wp-json\/wp\/v2\/types\/product"}],"wp:attachment":[{"href":"https:\/\/roveyayinevi.com.tr\/index.php\/wp-json\/wp\/v2\/media?parent=784963"}],"wp:term":[{"taxonomy":"product_brand","embeddable":true,"href":"https:\/\/roveyayinevi.com.tr\/index.php\/wp-json\/wp\/v2\/product_brand?post=784963"},{"taxonomy":"product_cat","embeddable":true,"href":"https:\/\/roveyayinevi.com.tr\/index.php\/wp-json\/wp\/v2\/product_cat?post=784963"},{"taxonomy":"product_tag","embeddable":true,"href":"https:\/\/roveyayinevi.com.tr\/index.php\/wp-json\/wp\/v2\/product_tag?post=784963"}],"curies":[{"name":"wp","href":"https:\/\/api.w.org\/{rel}","templated":true}]}}