{"id":784961,"date":"2026-03-15T03:32:21","date_gmt":"2026-03-15T00:32:21","guid":{"rendered":"https:\/\/roveyayinevi.com.tr\/index.php\/urun\/halamin-tuhafliklar-tuneli\/"},"modified":"2026-04-15T03:48:42","modified_gmt":"2026-04-15T00:48:42","slug":"halamin-tuhafliklar-tuneli","status":"publish","type":"product","link":"https:\/\/roveyayinevi.com.tr\/index.php\/urun\/halamin-tuhafliklar-tuneli\/","title":{"rendered":"Halam\u0131n Tuhafl\u0131klar T\u00fcneli"},"content":{"rendered":"<p>Ece\u2019nin halas\u0131 biraz tuhaf. Heyecanlan\u0131nca g\u00f6zleriyle halay \u00e7ekiyor, pijama partilerinde ise insan\u0131n akl\u0131n\u0131 ba\u015f\u0131ndan alan hayaller kuruyor. Ama o gece anlatt\u0131\u011f\u0131 \u015fey s\u0131radan bir hayal de\u011fil, \u201cd\u00fc\u015ferek\u201d ula\u015f\u0131lan garip bir yer: Tuhafl\u0131klar T\u00fcneli. Bir bardak suyun i\u00e7ine d\u00fc\u015fmesiyle ba\u015flayan macerada Ece; alerjik sandalye P\u0131rasa\u2019yla, takma di\u015fli dede-kedi Orhan\u2019la, havu\u00e7 renginde p\u00f6rtlek g\u00f6zleri olan krali\u00e7e kelebek Tarator\u2019la kar\u015f\u0131la\u015f\u0131yor. Kaybolan bir yapboz par\u00e7as\u0131, unutulmu\u015f tel tokalar ve y\u0131llar \u00f6nce yitirilen o en k\u0131ymetli misket&#8230; Hepsinin izi bu t\u00fcnelde kesi\u015fiyor. Ece\u2019nin eve d\u00f6nebilmesi i\u00e7in \u00f6nce garip cad\u0131 Horhor\u2019un elektrikli s\u00fcp\u00fcrgesinden kurtulmas\u0131, ard\u0131ndan Bulut Ekspres\u2019in on bir dura\u011f\u0131n\u0131 ge\u00e7mesi gerekiyor. Korksa da, evini \u00f6zlese de halas\u0131n\u0131n sevgisini hep yan\u0131nda hissediyor. Haz\u0131rsan yerini al. Bulut Ekspres kalk\u0131yor.<\/p>\n","protected":false},"excerpt":{"rendered":"<p>Ece\u2019nin halas\u0131 biraz tuhaf. Heyecanlan\u0131nca g\u00f6zleriyle halay \u00e7ekiyor, pijama partilerinde ise insan\u0131n akl\u0131n\u0131 ba\u015f\u0131ndan alan hayaller kuruyor. Ama o gece anlatt\u0131\u011f\u0131 \u015fey s\u0131radan bir hayal de\u011fil,<span class=\"excerpt-hellip\"> [\u2026]<\/span><\/p>\n","protected":false},"featured_media":0,"template":"","meta":{"_monsterinsights_skip_tracking":false,"_monsterinsights_sitenote_active":false,"_monsterinsights_sitenote_note":"","_monsterinsights_sitenote_category":0},"product_brand":[],"product_cat":[12274,12284],"product_tag":[],"class_list":{"0":"post-784961","1":"product","2":"type-product","3":"status-publish","5":"product_cat-cocuk-ve-genclik-kitaplari","6":"product_cat-hikayeler","7":"pa_cilt-ciltsiz","8":"pa_tur-kitap","9":"pa_yayinevi-kronik-kitap","10":"pa_yazar-gokce-ozder","12":"first","13":"instock","14":"sale","15":"shipping-taxable","16":"purchasable","17":"product-type-simple"},"_links":{"self":[{"href":"https:\/\/roveyayinevi.com.tr\/index.php\/wp-json\/wp\/v2\/product\/784961","targetHints":{"allow":["GET"]}}],"collection":[{"href":"https:\/\/roveyayinevi.com.tr\/index.php\/wp-json\/wp\/v2\/product"}],"about":[{"href":"https:\/\/roveyayinevi.com.tr\/index.php\/wp-json\/wp\/v2\/types\/product"}],"wp:attachment":[{"href":"https:\/\/roveyayinevi.com.tr\/index.php\/wp-json\/wp\/v2\/media?parent=784961"}],"wp:term":[{"taxonomy":"product_brand","embeddable":true,"href":"https:\/\/roveyayinevi.com.tr\/index.php\/wp-json\/wp\/v2\/product_brand?post=784961"},{"taxonomy":"product_cat","embeddable":true,"href":"https:\/\/roveyayinevi.com.tr\/index.php\/wp-json\/wp\/v2\/product_cat?post=784961"},{"taxonomy":"product_tag","embeddable":true,"href":"https:\/\/roveyayinevi.com.tr\/index.php\/wp-json\/wp\/v2\/product_tag?post=784961"}],"curies":[{"name":"wp","href":"https:\/\/api.w.org\/{rel}","templated":true}]}}