{"id":784957,"date":"2026-03-15T03:32:09","date_gmt":"2026-03-15T00:32:09","guid":{"rendered":"https:\/\/roveyayinevi.com.tr\/index.php\/urun\/kisa-meksika-tarihi\/"},"modified":"2026-04-15T03:48:42","modified_gmt":"2026-04-15T00:48:42","slug":"kisa-meksika-tarihi","status":"publish","type":"product","link":"https:\/\/roveyayinevi.com.tr\/index.php\/urun\/kisa-meksika-tarihi\/","title":{"rendered":"K\u0131sa Meksika Tarihi"},"content":{"rendered":"<p>G\u00dcNE\u015e\u0130N VE DEVR\u0130M\u0130N \u00dcLKES\u0130 MEKS\u0130KAAntik uygarl\u0131klar\u0131n, y\u0131k\u0131c\u0131 fetihlerin, ard\u0131 arkas\u0131 kesilmeyen devrimlerin ve \u00e7alkant\u0131l\u0131 modernle\u015fme s\u00fcre\u00e7lerinin anavatan\u0131 Meksika&#8230; Kuzey Amerika alt k\u0131tas\u0131n\u0131n bu e\u015fsiz \u00fclkesi, yaln\u0131zca co\u011frafi konumuyla de\u011fil, Mezo-Amerika\u2019n\u0131n derin k\u00f6klerinden beslenen \u00e7ok k\u00fclt\u00fcrl\u00fc yap\u0131s\u0131yla da d\u00fcnya tarihinin ilgin\u00e7 \u00fclkelerinden biridir.Peki, g\u00fcn\u00fcm\u00fcz Meksika\u2019s\u0131n\u0131 anlamak i\u00e7in ge\u00e7mi\u015fin hangi katmanlar\u0131na inmek gerekir? Olmekler, Zapotekler, Mayalar ve Azteklerin b\u0131rakt\u0131\u011f\u0131 k\u00fclt\u00fcrel miras, \u0130spanyol s\u00f6m\u00fcrgecili\u011fiyle nas\u0131l bir senteze d\u00f6n\u00fc\u015ft\u00fc? Hern\u00e1n Cort\u00e9s\u2019le ba\u015flayan ve as\u0131rlar s\u00fcren Yeni \u0130spanya d\u00f6nemi, ne t\u00fcr toplumsal ve ekonomik \u00e7at\u0131\u015fmalar do\u011furdu? Amerika Birle\u015fik Devletleri ile ya\u015fanan sava\u015f sonucunda Yukar\u0131 California, New Mexico ve Teksas gibi devasa topraklar\u0131n\u0131 kaybeden Meksika, bu b\u00fcy\u00fck travman\u0131n \u00fcstesinden nas\u0131l geldi? Pancho Villa ve Emiliano Zapata gibi efsanevi fig\u00fcrleri tarih sahnesine \u00e7\u0131karan 1910 Meksika Devrimi\u2019ne nas\u0131l ba\u015flad\u0131? G\u00fcn\u00fcm\u00fczdeki g\u00f6\u00e7, NAFTA, s\u0131n\u0131r \u00f6tesi ili\u015fkiler ve uyu\u015fturucu kartelleri gibi karma\u015f\u0131k ili\u015fkilerin arka plan\u0131nda neler var?Usta tarih\u00e7i Brian R. Hamnett, K\u0131sa Meksika Tarihi\u2019nde t\u00fcm bu sorular\u0131n yan\u0131tlar\u0131n\u0131 ustal\u0131kla bir araya getiriyor. Hamnett, tarihi yaln\u0131zca ba\u011f\u0131ms\u0131zl\u0131k sonras\u0131 d\u00f6nemle s\u0131n\u0131rland\u0131rmay\u0131p Kolomb \u00f6ncesi kadim d\u00fcnyadan 21. y\u00fczy\u0131l\u0131n dinamik bir akt\u00f6r\u00fc olan \u00e7a\u011fda\u015f Meksika\u2019ya uzanan k\u00f6kl\u00fc bir kronoloji sunuyor. Sadece siyasi ve askeri olaylar\u0131 de\u011fil, \u00fclkenin edebiyat\u0131ndan sinemas\u0131na kadar uzanan canl\u0131 k\u00fclt\u00fcrel dokusunu da okuyucuya aktar\u0131yor.Kronik Kitap K\u0131sa Tarih Dizisi\u2019nin yeni \u00fcyesi K\u0131sa Meksika Tarihi, Latin Amerika\u2019n\u0131n nevi \u015fahs\u0131na m\u00fcnhas\u0131r \u00fclkesinin ge\u00e7mi\u015ften bug\u00fcne uzanan ser\u00fcvenini ke\u015ffetmek isteyen t\u00fcm okurlar i\u00e7in vazge\u00e7ilmez bir ba\u015fvuru kayna\u011f\u0131 olacak.<\/p>\n","protected":false},"excerpt":{"rendered":"<p>G\u00dcNE\u015e\u0130N VE DEVR\u0130M\u0130N \u00dcLKES\u0130 MEKS\u0130KAAntik uygarl\u0131klar\u0131n, y\u0131k\u0131c\u0131 fetihlerin, ard\u0131 arkas\u0131 kesilmeyen devrimlerin ve \u00e7alkant\u0131l\u0131 modernle\u015fme s\u00fcre\u00e7lerinin anavatan\u0131 Meksika&#8230; Kuzey Amerika alt k\u0131tas\u0131n\u0131n bu e\u015fsiz \u00fclkesi, yaln\u0131zca<span class=\"excerpt-hellip\"> [\u2026]<\/span><\/p>\n","protected":false},"featured_media":0,"template":"","meta":{"_monsterinsights_skip_tracking":false,"_monsterinsights_sitenote_active":false,"_monsterinsights_sitenote_note":"","_monsterinsights_sitenote_category":0},"product_brand":[],"product_cat":[12370,12304],"product_tag":[],"class_list":{"0":"post-784957","1":"product","2":"type-product","3":"status-publish","5":"product_cat-arastirma-inceleme","6":"product_cat-tarih","7":"pa_cilt-ciltsiz","8":"pa_tur-kitap","9":"pa_yayinevi-kronik-kitap","10":"pa_yazar-brian-r-hamnett","12":"first","13":"instock","14":"sale","15":"shipping-taxable","16":"purchasable","17":"product-type-simple"},"_links":{"self":[{"href":"https:\/\/roveyayinevi.com.tr\/index.php\/wp-json\/wp\/v2\/product\/784957","targetHints":{"allow":["GET"]}}],"collection":[{"href":"https:\/\/roveyayinevi.com.tr\/index.php\/wp-json\/wp\/v2\/product"}],"about":[{"href":"https:\/\/roveyayinevi.com.tr\/index.php\/wp-json\/wp\/v2\/types\/product"}],"wp:attachment":[{"href":"https:\/\/roveyayinevi.com.tr\/index.php\/wp-json\/wp\/v2\/media?parent=784957"}],"wp:term":[{"taxonomy":"product_brand","embeddable":true,"href":"https:\/\/roveyayinevi.com.tr\/index.php\/wp-json\/wp\/v2\/product_brand?post=784957"},{"taxonomy":"product_cat","embeddable":true,"href":"https:\/\/roveyayinevi.com.tr\/index.php\/wp-json\/wp\/v2\/product_cat?post=784957"},{"taxonomy":"product_tag","embeddable":true,"href":"https:\/\/roveyayinevi.com.tr\/index.php\/wp-json\/wp\/v2\/product_tag?post=784957"}],"curies":[{"name":"wp","href":"https:\/\/api.w.org\/{rel}","templated":true}]}}