{"id":784951,"date":"2026-03-15T03:31:53","date_gmt":"2026-03-15T00:31:53","guid":{"rendered":"https:\/\/roveyayinevi.com.tr\/index.php\/urun\/ingilizler-ve-turkler\/"},"modified":"2026-04-15T03:48:41","modified_gmt":"2026-04-15T00:48:41","slug":"ingilizler-ve-turkler","status":"publish","type":"product","link":"https:\/\/roveyayinevi.com.tr\/index.php\/urun\/ingilizler-ve-turkler\/","title":{"rendered":"\u0130ngilizler ve T\u00fcrkler"},"content":{"rendered":"<p>D\u0130PLOMAT\u0130K OYUNLAR, G\u0130ZLENEN RAPORLAR VE B\u0130R \u0130MPARATORLU\u011eUN TASF\u0130YE PLANI&#8230;1893\u2019ten 1923\u2019e uzanan otuz y\u0131ll\u0131k d\u00f6nem, Osmanl\u0131 \u0130mparatorlu\u011fu\u2019nun \u00e7\u00f6z\u00fcl\u00fc\u015f\u00fcn\u00fcn ve yeni bir devletin do\u011fu\u015funun en kritik safhas\u0131yd\u0131. Sava\u015flar\u0131n, isyanlar\u0131n ve diplomatik krizlerin h\u00e2kim oldu\u011fu bu tarihsel aral\u0131kta, Britanya \u0130mparatorlu\u011fu ile Osmanl\u0131 Devleti aras\u0131ndaki ili\u015fkiler s\u0131k\u0131 bir dostluktan a\u00e7\u0131k bir kar\u015f\u0131tl\u0131\u011fa evrildi. Do\u011fu Anadolu\u2019daki Ermeni meselesinden Girit ve Makedonya krizlerine, Balkan Sava\u015flar\u0131\u2019ndan Birinci D\u00fcnya Sava\u015f\u0131\u2019na ve nihayet T\u00fcrk \u0130stikl\u00e2l Harbi\u2019ne uzanan s\u00fcre\u00e7te Britanya siyaseti, Osmanl\u0131 topraklar\u0131n\u0131n kaderini belirleyen en \u00f6nemli d\u0131\u015f g\u00fc\u00e7lerden biri h\u00e2line geldi.\u00dcnl\u00fc tarih\u00e7i Justin McCarthy, \u0130ngilizler ve T\u00fcrkler\u2019de bu \u00f6nemli d\u00f6nemeci ar\u015fiv belgeleri, diplomatik yaz\u0131\u015fmalar ve d\u00f6nemin tan\u0131kl\u0131klar\u0131 \u00fczerinden yeniden ele al\u0131yor. Londra\u2019n\u0131n politik hesaplar\u0131, T\u00fcrklere y\u00f6nelik \u00f6n yarg\u0131lar \u00fczerinden kamuoyunun \u015fekillendirilmesi, b\u00fcy\u00fck g\u00fc\u00e7 rekabeti ve milliyet\u00e7i hareketlerin kullan\u0131l\u0131\u015f\u0131 gibi unsurlar, Osmanl\u0131 co\u011frafyas\u0131nda ya\u015fanan krizlerin arka plan\u0131n\u0131 g\u00f6zler \u00f6n\u00fcne seriyor. McCarthy\u2019ye g\u00f6re bu d\u00f6nem, iki devlet aras\u0131ndaki diplomatik gerilime sahne olurken, ayn\u0131 zamanda imparatorluk siyaseti ile ulusal direni\u015fin kar\u015f\u0131 kar\u015f\u0131ya geldi\u011fi bir tarihin da sahnesi olmu\u015ftur. On y\u0131llar s\u00fcren titiz bir ar\u015fiv ara\u015ft\u0131rmas\u0131n\u0131n \u00fcr\u00fcn\u00fc olan \u0130ngilizler ve T\u00fcrkler, sahte bir dostlu\u011fun ard\u0131ndaki karanl\u0131k y\u00fcz\u00fc incelikli kan\u0131tlarla belgeliyor. McCarthy, tarih\u00ee ger\u00e7ekleri \u00e7arp\u0131tan diplomatik oyunlar\u0131, \u00e7ifte standartlar\u0131 ve sans\u00fcrleri bir bir de\u015fifre ederek okura sars\u0131c\u0131 bir yak\u0131n tarih okumas\u0131 sunuyor.\u0130ngilizler ve T\u00fcrkler, Osmanl\u0131\u2019n\u0131n son y\u0131llar\u0131ndaki uluslararas\u0131 siyaseti anlamak isteyen herkes i\u00e7in \u00e7arp\u0131c\u0131 ve kapsaml\u0131 bir \u00e7al\u0131\u015fma.<\/p>\n","protected":false},"excerpt":{"rendered":"<p>D\u0130PLOMAT\u0130K OYUNLAR, G\u0130ZLENEN RAPORLAR VE B\u0130R \u0130MPARATORLU\u011eUN TASF\u0130YE PLANI&#8230;1893\u2019ten 1923\u2019e uzanan otuz y\u0131ll\u0131k d\u00f6nem, Osmanl\u0131 \u0130mparatorlu\u011fu\u2019nun \u00e7\u00f6z\u00fcl\u00fc\u015f\u00fcn\u00fcn ve yeni bir devletin do\u011fu\u015funun en kritik safhas\u0131yd\u0131. Sava\u015flar\u0131n,<span class=\"excerpt-hellip\"> [\u2026]<\/span><\/p>\n","protected":false},"featured_media":0,"template":"","meta":{"_monsterinsights_skip_tracking":false,"_monsterinsights_sitenote_active":false,"_monsterinsights_sitenote_note":"","_monsterinsights_sitenote_category":0},"product_brand":[],"product_cat":[13517,12304],"product_tag":[],"class_list":{"0":"post-784951","1":"product","2":"type-product","3":"status-publish","5":"product_cat-osmanli-tarihi","6":"product_cat-tarih","7":"pa_cilt-ciltsiz","8":"pa_tur-kitap","9":"pa_yayinevi-kronik-kitap","10":"pa_yazar-justin-mccarthy","12":"first","13":"instock","14":"sale","15":"shipping-taxable","16":"purchasable","17":"product-type-simple"},"_links":{"self":[{"href":"https:\/\/roveyayinevi.com.tr\/index.php\/wp-json\/wp\/v2\/product\/784951","targetHints":{"allow":["GET"]}}],"collection":[{"href":"https:\/\/roveyayinevi.com.tr\/index.php\/wp-json\/wp\/v2\/product"}],"about":[{"href":"https:\/\/roveyayinevi.com.tr\/index.php\/wp-json\/wp\/v2\/types\/product"}],"wp:attachment":[{"href":"https:\/\/roveyayinevi.com.tr\/index.php\/wp-json\/wp\/v2\/media?parent=784951"}],"wp:term":[{"taxonomy":"product_brand","embeddable":true,"href":"https:\/\/roveyayinevi.com.tr\/index.php\/wp-json\/wp\/v2\/product_brand?post=784951"},{"taxonomy":"product_cat","embeddable":true,"href":"https:\/\/roveyayinevi.com.tr\/index.php\/wp-json\/wp\/v2\/product_cat?post=784951"},{"taxonomy":"product_tag","embeddable":true,"href":"https:\/\/roveyayinevi.com.tr\/index.php\/wp-json\/wp\/v2\/product_tag?post=784951"}],"curies":[{"name":"wp","href":"https:\/\/api.w.org\/{rel}","templated":true}]}}