{"id":784950,"date":"2026-03-15T03:31:51","date_gmt":"2026-03-15T00:31:51","guid":{"rendered":"https:\/\/roveyayinevi.com.tr\/index.php\/urun\/insanin-inanc-arayisi\/"},"modified":"2026-04-15T03:48:41","modified_gmt":"2026-04-15T00:48:41","slug":"insanin-inanc-arayisi","status":"publish","type":"product","link":"https:\/\/roveyayinevi.com.tr\/index.php\/urun\/insanin-inanc-arayisi\/","title":{"rendered":"\u0130nsan\u0131n \u0130nan\u00e7 Aray\u0131\u015f\u0131"},"content":{"rendered":"<p>\u0130NSAN NEDEN \u0130NANIR?   \u0130nsanl\u0131k tarihi boyunca ortaya \u00e7\u0131kan inan\u00e7 sistemleri, rit\u00fceller, mitler ve semboller yaln\u0131zca teolojik veriler de\u011fil, ayn\u0131 zamanda k\u00fclt\u00fcrel, siyasal ve toplumsal ger\u00e7ekliklerdir. Dinler tarihi denince akla gelen ilk isimlerden Prof. Dr. K\u00fcr\u015fad Demirci, \u0130nsan\u0131n \u0130nan\u00e7 Aray\u0131\u015f\u0131\u2019nda dinler tarihinin ilgin\u00e7 ve karma\u015f\u0131k koridorlar\u0131nda okuru e\u015fsiz bir yolculu\u011fa \u00e7\u0131kar\u0131yor. Sade, anla\u015f\u0131l\u0131r bir \u00fcslupla ve akademik do\u011fruluktan \u015fa\u015fmadan kaleme al\u0131nan bu rehber \u00e7al\u0131\u015fma; din fenomeninin bir inan\u00e7tan ibaret olmad\u0131\u011f\u0131n\u0131; ayn\u0131 zamanda politik, ekonomik, sosyolojik ve psikolojik a\u011flarla \u00f6r\u00fcl\u00fc bir toplumsal ger\u00e7eklik oldu\u011funu g\u00f6zler \u00f6n\u00fcne seriyor. Maria Magdalena fig\u00fcr\u00fc etraf\u0131nda \u015fekillenen efsaneler ve k\u00fcltler, Hristiyanl\u0131k tarihini nas\u0131l etkiledi? Antik Mezopotamya&#8217;da d\u00fcnyay\u0131 ayakta tuttu\u011funa inan\u0131lan Hayat A\u011fac\u0131 motifi, kendinden sonraki dinlerde nas\u0131l izler ta\u015f\u0131d\u0131?  Karanl\u0131k ve ayd\u0131nl\u0131\u011f\u0131n ebedi sava\u015f\u0131n\u0131 anlatan Maniheizm, neden Uygur T\u00fcrkleri taraf\u0131ndan da devlet dini olarak kabul edildi?  \u015eamanizm bir din miydi?  Japonya yerli inanc\u0131 \u015eintoizm ile eski T\u00fcrk inan\u00e7lar\u0131n\u0131n ortak yanlar\u0131 nelerdir?  P\u00fcritenizm\u2019in se\u00e7ilmi\u015flik inanc\u0131 Amerikan kimli\u011fini ve \u00e7al\u0131\u015fma eti\u011fini nas\u0131l in\u015fa etti? Bu kitapta yukar\u0131daki pek \u00e7ok soruya ve \u00f6zellikle de \u201cHangi din hakl\u0131d\u0131r?\u201d de\u011fil, \u201c\u0130nsan neden inan\u0131r?\u201d sorusuna cevap bulacaks\u0131n\u0131z. K\u00fcr\u015fad Demirci\u2019nin kaleminden \u0130nsan\u0131n \u0130nan\u00e7 Aray\u0131\u015f\u0131, Antik M\u0131s\u0131r\u2019\u0131n \u00f6l\u00fcm anlay\u0131\u015f\u0131ndan Amerikan siyasi d\u00fc\u015f\u00fcncesinin ideolojik k\u00f6keni P\u00fcritenizm\u2019e; sizi dinlerin ve inan\u00e7lar\u0131n izini s\u00fcren geni\u015f bir tarihsel ser\u00fcvende, insan\u0131n kutsalla kurdu\u011fu ili\u015fkinin ard\u0131ndaki dinamikleri ke\u015ffetmeye \u00e7a\u011f\u0131r\u0131yor.<\/p>\n","protected":false},"excerpt":{"rendered":"<p>\u0130NSAN NEDEN \u0130NANIR? \u0130nsanl\u0131k tarihi boyunca ortaya \u00e7\u0131kan inan\u00e7 sistemleri, rit\u00fceller, mitler ve semboller yaln\u0131zca teolojik veriler de\u011fil, ayn\u0131 zamanda k\u00fclt\u00fcrel, siyasal ve toplumsal ger\u00e7ekliklerdir. Dinler<span class=\"excerpt-hellip\"> [\u2026]<\/span><\/p>\n","protected":false},"featured_media":0,"template":"","meta":{"_monsterinsights_skip_tracking":false,"_monsterinsights_sitenote_active":false,"_monsterinsights_sitenote_note":"","_monsterinsights_sitenote_category":0},"product_brand":[],"product_cat":[12718,12719,18109],"product_tag":[],"class_list":{"0":"post-784950","1":"product","2":"type-product","3":"status-publish","5":"product_cat-din","6":"product_cat-islam","7":"product_cat-islam-tarihi","8":"pa_cilt-ciltsiz","9":"pa_tur-kitap","10":"pa_yayinevi-kronik-kitap","11":"pa_yazar-kursad-demirci","13":"first","14":"instock","15":"sale","16":"shipping-taxable","17":"purchasable","18":"product-type-simple"},"_links":{"self":[{"href":"https:\/\/roveyayinevi.com.tr\/index.php\/wp-json\/wp\/v2\/product\/784950","targetHints":{"allow":["GET"]}}],"collection":[{"href":"https:\/\/roveyayinevi.com.tr\/index.php\/wp-json\/wp\/v2\/product"}],"about":[{"href":"https:\/\/roveyayinevi.com.tr\/index.php\/wp-json\/wp\/v2\/types\/product"}],"wp:attachment":[{"href":"https:\/\/roveyayinevi.com.tr\/index.php\/wp-json\/wp\/v2\/media?parent=784950"}],"wp:term":[{"taxonomy":"product_brand","embeddable":true,"href":"https:\/\/roveyayinevi.com.tr\/index.php\/wp-json\/wp\/v2\/product_brand?post=784950"},{"taxonomy":"product_cat","embeddable":true,"href":"https:\/\/roveyayinevi.com.tr\/index.php\/wp-json\/wp\/v2\/product_cat?post=784950"},{"taxonomy":"product_tag","embeddable":true,"href":"https:\/\/roveyayinevi.com.tr\/index.php\/wp-json\/wp\/v2\/product_tag?post=784950"}],"curies":[{"name":"wp","href":"https:\/\/api.w.org\/{rel}","templated":true}]}}