{"id":784949,"date":"2026-03-15T03:31:49","date_gmt":"2026-03-15T00:31:49","guid":{"rendered":"https:\/\/roveyayinevi.com.tr\/index.php\/urun\/parani-nasil-yonetirsin\/"},"modified":"2026-04-15T03:48:41","modified_gmt":"2026-04-15T00:48:41","slug":"parani-nasil-yonetirsin","status":"publish","type":"product","link":"https:\/\/roveyayinevi.com.tr\/index.php\/urun\/parani-nasil-yonetirsin\/","title":{"rendered":"Paran\u0131 Nas\u0131l Y\u00f6netirsin"},"content":{"rendered":"<p>Yat\u0131r\u0131m, yaln\u0131z yap\u0131lan bir yolculuktur; ancak bu kitapla yan\u0131n\u0131zda T\u00fcrkiye\u2019nin en iyi fon y\u00f6neticileri var. Hatalar\u0131ndan ders \u00e7\u0131karan, ba\u015far\u0131lar\u0131yla ilham veren bu isimler, size kendi yat\u0131r\u0131m karakterinizi bulman\u0131zda rehberlik edecek.\u201d (Orkun G\u00f6dek \u2013 Stratejist)\u201cYurt d\u0131\u015f\u0131nda portf\u00f6y y\u00f6neticilerinin fon yat\u0131r\u0131mc\u0131lar\u0131n\u0131 bilgilendirmeleri konusunda bir\u00e7ok ara\u00e7 mevcut. \u00dclkemizde ise bu konuda ciddi bir bo\u015fluk var. Giray K\u00f6m\u00fcrc\u00fc, portf\u00f6y y\u00f6neticileriyle yapt\u0131\u011f\u0131 derinlemesine r\u00f6portajlarda bu bo\u015flu\u011fun dolmas\u0131 i\u00e7in \u00f6nemli bir katk\u0131 sa\u011flam\u0131\u015f. Yazar\u0131n sekt\u00f6r\u00fc bilen biri olmas\u0131, r\u00f6portajlar\u0131n kalitesini ayr\u0131ca art\u0131r\u0131c\u0131 bir unsur olmu\u015f.\u201d (Emrah Laf\u00e7\u0131 \u2013 Ekonomist)Finansal piyasalarda kal\u0131c\u0131 ba\u015far\u0131 tesad\u00fcflere de\u011fil; sabra, disipline ve zamanla in\u015fa edilen rasyonel bir yat\u0131r\u0131m felsefesine dayan\u0131r. Peki, al\u0131\u015f\u0131lm\u0131\u015f ezberlerin bozuldu\u011fu, sosyal medyadaki bilgi kirlili\u011finin her yeri sard\u0131\u011f\u0131 g\u00fcn\u00fcm\u00fcz piyasalar\u0131nda rotam\u0131z\u0131 nas\u0131l \u00e7izece\u011fiz? Ger\u00e7ek bir yat\u0131r\u0131mc\u0131 olmak, d\u00fc\u015f\u00fc\u015flerde sakin kal\u0131p y\u00fckseli\u015flerde rehavete kap\u0131lmamak nas\u0131l m\u00fcmk\u00fcn olur?Paran\u0131 Nas\u0131l Y\u00f6netirsin?, T\u00fcrkiye sermaye piyasalar\u0131n\u0131n en deneyimli ve ba\u015far\u0131l\u0131 sekiz fon y\u00f6neticisini bir araya getirerek, okura e\u015fsiz bir tecr\u00fcbe havuzunun kap\u0131lar\u0131n\u0131 aral\u0131yor. Giray K\u00f6m\u00fcrc\u00fc\u2019n\u00fcn derinlikli sorular\u0131yla \u015fekillenen bu eser; yaln\u0131zca kazan\u00e7 hik\u00e2yelerini de\u011fil, uygulanan metodolojileri, sab\u0131r gerektiren bekleyi\u015fleri, kriz anlar\u0131nda al\u0131nan hayati kararlar\u0131 ve zamanla kazan\u0131lan finansal bilgeli\u011fi t\u00fcm samimiyetiyle g\u00f6zler \u00f6n\u00fcne seriyor.Haydar Acun, Okan Alpay, Altan Ayd\u0131n, Eral Karayaz\u0131c\u0131, Kadirhan \u00d6zt\u00fcrk, Yunus \u015eahin, \u0130smail Telci ve Ya\u015far Y\u0131ld\u0131r\u0131m gibi sekt\u00f6r\u00fcn duayen isimleri;\u2022 Kalabal\u0131klar\u0131n tersine hareket etme cesareti nas\u0131l kazan\u0131l\u0131r?\u2022 Do\u011fru hisse senedi, \u015firket veya yat\u0131r\u0131m fonu nas\u0131l se\u00e7ilir?\u2022 Kriz anlar\u0131nda kay\u0131p nas\u0131l s\u0131n\u0131rland\u0131r\u0131l\u0131r ve risk nas\u0131l y\u00f6netilir?gibi sorular\u0131 kendi deneyimlerinden yola \u00e7\u0131karak cevapl\u0131yorlar.Paran\u0131 Nas\u0131l Y\u00f6netirsin?, yat\u0131r\u0131m kavram\u0131n\u0131 romantizmden uzakla\u015ft\u0131rarak rasyonel ve profesyonel bir temele oturtuyor. Bu kitapla birlikte, ba\u015far\u0131l\u0131 fon y\u00f6neticileriyle bir masada kar\u015f\u0131l\u0131kl\u0131 oturuyor gibi hissedecek ve piyasan\u0131n ac\u0131mas\u0131z y\u00fcz\u00fcn\u00fc, tecr\u00fcbenin ve muhakemenin g\u00fcc\u00fcyle alt etmenin yollar\u0131n\u0131 ke\u015ffedeceksiniz.<\/p>\n","protected":false},"excerpt":{"rendered":"<p>Yat\u0131r\u0131m, yaln\u0131z yap\u0131lan bir yolculuktur; ancak bu kitapla yan\u0131n\u0131zda T\u00fcrkiye\u2019nin en iyi fon y\u00f6neticileri var. Hatalar\u0131ndan ders \u00e7\u0131karan, ba\u015far\u0131lar\u0131yla ilham veren bu isimler, size kendi yat\u0131r\u0131m<span class=\"excerpt-hellip\"> [\u2026]<\/span><\/p>\n","protected":false},"featured_media":0,"template":"","meta":{"_monsterinsights_skip_tracking":false,"_monsterinsights_sitenote_active":false,"_monsterinsights_sitenote_note":"","_monsterinsights_sitenote_category":0},"product_brand":[],"product_cat":[13043,17647],"product_tag":[],"class_list":{"0":"post-784949","1":"product","2":"type-product","3":"status-publish","5":"product_cat-ekonomi","6":"product_cat-is-dunyasi","7":"pa_cilt-ciltsiz","8":"pa_tur-kitap","9":"pa_yayinevi-kronik-kitap","10":"pa_yazar-giray-komurcu","12":"first","13":"instock","14":"sale","15":"shipping-taxable","16":"purchasable","17":"product-type-simple"},"_links":{"self":[{"href":"https:\/\/roveyayinevi.com.tr\/index.php\/wp-json\/wp\/v2\/product\/784949","targetHints":{"allow":["GET"]}}],"collection":[{"href":"https:\/\/roveyayinevi.com.tr\/index.php\/wp-json\/wp\/v2\/product"}],"about":[{"href":"https:\/\/roveyayinevi.com.tr\/index.php\/wp-json\/wp\/v2\/types\/product"}],"wp:attachment":[{"href":"https:\/\/roveyayinevi.com.tr\/index.php\/wp-json\/wp\/v2\/media?parent=784949"}],"wp:term":[{"taxonomy":"product_brand","embeddable":true,"href":"https:\/\/roveyayinevi.com.tr\/index.php\/wp-json\/wp\/v2\/product_brand?post=784949"},{"taxonomy":"product_cat","embeddable":true,"href":"https:\/\/roveyayinevi.com.tr\/index.php\/wp-json\/wp\/v2\/product_cat?post=784949"},{"taxonomy":"product_tag","embeddable":true,"href":"https:\/\/roveyayinevi.com.tr\/index.php\/wp-json\/wp\/v2\/product_tag?post=784949"}],"curies":[{"name":"wp","href":"https:\/\/api.w.org\/{rel}","templated":true}]}}