{"id":784948,"date":"2026-03-15T03:31:47","date_gmt":"2026-03-15T00:31:47","guid":{"rendered":"https:\/\/roveyayinevi.com.tr\/index.php\/urun\/canakkalenin-sanli-birligi-57-alay-ve-19-tumen-komutani-mustafa-kemal-ataturk\/"},"modified":"2026-04-15T03:48:41","modified_gmt":"2026-04-15T00:48:41","slug":"canakkalenin-sanli-birligi-57-alay-ve-19-tumen-komutani-mustafa-kemal-ataturk","status":"publish","type":"product","link":"https:\/\/roveyayinevi.com.tr\/index.php\/urun\/canakkalenin-sanli-birligi-57-alay-ve-19-tumen-komutani-mustafa-kemal-ataturk\/","title":{"rendered":"\u00c7anakkale&#8217;nin \u015eanl\u0131 Birli\u011fi 57. Alay ve 19. T\u00fcmen Komutan\u0131 Mustafa Kemal (Atat\u00fcrk)"},"content":{"rendered":"<p>\u00c7ANAKKALE\u2019N\u0130N \u015eANLI B\u0130RL\u0130\u011e\u0130 57. ALAY\u201cBiz ferdi kahramanl\u0131k sahneleriyle me\u015fgul olmuyoruz. Yaln\u0131z size Bombas\u0131rt\u0131 vakas\u0131n\u0131 anlatmadan ge\u00e7emeyece\u011fim. M\u00fctekabil siperler aras\u0131nda mesafemiz sekiz metre, yani \u00f6l\u00fcm muhakkak. Birinci siperdekiler kurtulmamacas\u0131na k\u00e2milen d\u00fc\u015f\u00fcyor, ikincidekiler onlar\u0131n yerine gidiyor. Fakat ne kadar \u015fayan-\u0131 g\u0131pta bir itidal ve tevekk\u00fclle biliyor musunuz? \u00d6leni g\u00f6r\u00fcyor, \u00fc\u00e7 dakikaya kadar \u00f6lece\u011fini biliyor, hi\u00e7bir ufak f\u00fctur bile g\u00f6stermiyor; sars\u0131lmak yok. Okumak bilenler ellerinde Kur\u2019an-\u0131 Kerim, cennete girmeye haz\u0131rlan\u0131yorlar. Bilmeyenler kelime-i \u015fehadet \u00e7ekerek y\u00fcr\u00fcyorlar. Bu, T\u00fcrk askerlerindeki ruh kudretini g\u00f6steren \u015fayan-\u0131 hayret ve tebrik bir misaldir. Emin olmal\u0131s\u0131n\u0131z ki \u00c7anakkale muharebesini kazand\u0131ran, bu y\u00fcksek ruhtur.\u201d \u2013 MUSTAFA KEMAL ATAT\u00dcRK\u00c7anakkale Muharebeleri, Osmanl\u0131 Devleti\u2019nin kaderini ve T\u00fcrk milletinin gelece\u011fini belirleyen en kritik sava\u015flardan biridir. Bu b\u00fcy\u00fck m\u00fccadelenin simge birliklerinden biri ise hi\u00e7 ku\u015fkusuz, Mustafa Kemal Bey\u2019in komutas\u0131ndaki 19. T\u00fcmen\u2019e ba\u011fl\u0131 57. Piyade Alay\u0131d\u0131r.\u00c7anakkale\u2019nin \u015eanl\u0131 Birli\u011fi, \u00c7anakkale tarihinin en \u00e7ok bilinen fakat ayn\u0131 zamanda en fazla tart\u0131\u015fmaya konu olan birliklerinden biri olan 57. Alay\u0131n hik\u00e2yesini, birincil belgeler, harp cerideleri ve ar\u015fiv kaynaklar\u0131 \u0131\u015f\u0131\u011f\u0131nda yeniden ele al\u0131yor. Alay\u0131n 1915 y\u0131l\u0131 ba\u015f\u0131nda yeniden te\u015fkil edilmesinden Ar\u0131burnu ve Conkbay\u0131r\u0131 muharebelerindeki kritik m\u00fcdahalelerine, aylar s\u00fcren siper sava\u015flar\u0131ndan Gelibolu Yar\u0131madas\u0131\u2019n\u0131n tahliyesine kadar uzanan s\u00fcre\u00e7 ayr\u0131nt\u0131l\u0131 bi\u00e7imde inceleniyor.Mustafa Kemal Bey\u2019in 25 Nisan 1915\u2019te verdi\u011fi kararlar ve 57. Alay\u0131n Conkbay\u0131r\u0131\u2019na yeti\u015ferek sava\u015f\u0131n seyrini de\u011fi\u015ftiren m\u00fcdahalesi, \u00c7anakkale direni\u015finin d\u00f6n\u00fcm noktalar\u0131ndan biri olarak tarih sahnesinde yerini alm\u0131\u015ft\u0131r.Dr. \u0130smail Sabah\u2019\u0131n uzun y\u0131llara yay\u0131lan ar\u015fiv ve saha ara\u015ft\u0131rmalar\u0131na dayanan bu k\u0131ymetli eser, 57. Alay\u0131n \u00c7anakkale Muharebeleri boyunca \u00fcstlendi\u011fi rol\u00fc ayr\u0131nt\u0131lar\u0131yla ortaya koyarken, bu birlik hakk\u0131nda yerle\u015fmi\u015f baz\u0131 yanl\u0131\u015f kabulleri de tarihsel veriler \u0131\u015f\u0131\u011f\u0131nda yeniden de\u011ferlendirmektedir. B\u00f6ylece tarihseverlere yaln\u0131zca bir kahramanl\u0131k hik\u00e2yesi de\u011fil, \u00c7anakkale Cephesi\u2019nin en kritik birliklerinden birinin belgelere dayal\u0131 tarihini sunmaktad\u0131r.<\/p>\n","protected":false},"excerpt":{"rendered":"<p>\u00c7ANAKKALE\u2019N\u0130N \u015eANLI B\u0130RL\u0130\u011e\u0130 57. ALAY\u201cBiz ferdi kahramanl\u0131k sahneleriyle me\u015fgul olmuyoruz. Yaln\u0131z size Bombas\u0131rt\u0131 vakas\u0131n\u0131 anlatmadan ge\u00e7emeyece\u011fim. M\u00fctekabil siperler aras\u0131nda mesafemiz sekiz metre, yani \u00f6l\u00fcm muhakkak. Birinci<span class=\"excerpt-hellip\"> [\u2026]<\/span><\/p>\n","protected":false},"featured_media":0,"template":"","meta":{"_monsterinsights_skip_tracking":false,"_monsterinsights_sitenote_active":false,"_monsterinsights_sitenote_note":"","_monsterinsights_sitenote_category":0},"product_brand":[],"product_cat":[141304],"product_tag":[],"class_list":{"0":"post-784948","1":"product","2":"type-product","3":"status-publish","5":"product_cat-yeni-cikanlar","6":"pa_cilt-ciltsiz","7":"pa_tur-kitap","8":"pa_yayinevi-kronik-kitap","9":"pa_yazar-ismail-sabah","11":"first","12":"instock","13":"sale","14":"shipping-taxable","15":"purchasable","16":"product-type-simple"},"_links":{"self":[{"href":"https:\/\/roveyayinevi.com.tr\/index.php\/wp-json\/wp\/v2\/product\/784948","targetHints":{"allow":["GET"]}}],"collection":[{"href":"https:\/\/roveyayinevi.com.tr\/index.php\/wp-json\/wp\/v2\/product"}],"about":[{"href":"https:\/\/roveyayinevi.com.tr\/index.php\/wp-json\/wp\/v2\/types\/product"}],"wp:attachment":[{"href":"https:\/\/roveyayinevi.com.tr\/index.php\/wp-json\/wp\/v2\/media?parent=784948"}],"wp:term":[{"taxonomy":"product_brand","embeddable":true,"href":"https:\/\/roveyayinevi.com.tr\/index.php\/wp-json\/wp\/v2\/product_brand?post=784948"},{"taxonomy":"product_cat","embeddable":true,"href":"https:\/\/roveyayinevi.com.tr\/index.php\/wp-json\/wp\/v2\/product_cat?post=784948"},{"taxonomy":"product_tag","embeddable":true,"href":"https:\/\/roveyayinevi.com.tr\/index.php\/wp-json\/wp\/v2\/product_tag?post=784948"}],"curies":[{"name":"wp","href":"https:\/\/api.w.org\/{rel}","templated":true}]}}