{"id":784947,"date":"2026-03-15T03:31:44","date_gmt":"2026-03-15T00:31:44","guid":{"rendered":"https:\/\/roveyayinevi.com.tr\/index.php\/urun\/disney-karlar-ulkesi-merhaba-olafokuma-adimlarim-1\/"},"modified":"2026-04-15T03:48:41","modified_gmt":"2026-04-15T00:48:41","slug":"disney-karlar-ulkesi-merhaba-olafokuma-adimlarim-1","status":"publish","type":"product","link":"https:\/\/roveyayinevi.com.tr\/index.php\/urun\/disney-karlar-ulkesi-merhaba-olafokuma-adimlarim-1\/","title":{"rendered":"Disney  Karlar \u00dclkesi &#8211; Merhaba, Olaf!;Okuma Ad\u0131mlar\u0131m 1"},"content":{"rendered":"<p>Walt Disney Animasyon St\u00fcdyolar\u0131\u2019n\u0131n \u00f6d\u00fcll\u00fc filmi Karlar \u00dclkesi\u2019nin komik ve sevimli kardan adam\u0131 Olaf ile tan\u0131\u015f\u0131n! 4-6 ya\u015f aras\u0131ndaki \u00e7ocuklar, en sevdikleri dost canl\u0131s\u0131 kardan adam\u0131 anlatan bu 1. Ad\u0131m &#8220;Okuma Ad\u0131mlar\u0131m&#8221; seviyeli okuma kitab\u0131na bay\u0131lacaklar.Ad\u0131m okuma kitaplar\u0131 b\u00fcy\u00fck puntolar ve basit kelimeler i\u00e7erir. Kafiyeli ve ritmik metinler, resimli ipu\u00e7lar\u0131yla birle\u015ferek \u00e7ocuklar\u0131n hikayeyi \u00e7\u00f6zmelerine yard\u0131mc\u0131 olur. Alfabeyi bilen ve okumaya ba\u015flamaya hevesli \u00e7ocuklar i\u00e7indir.<\/p>\n","protected":false},"excerpt":{"rendered":"<p>Walt Disney Animasyon St\u00fcdyolar\u0131\u2019n\u0131n \u00f6d\u00fcll\u00fc filmi Karlar \u00dclkesi\u2019nin komik ve sevimli kardan adam\u0131 Olaf ile tan\u0131\u015f\u0131n! 4-6 ya\u015f aras\u0131ndaki \u00e7ocuklar, en sevdikleri dost canl\u0131s\u0131 kardan adam\u0131<span class=\"excerpt-hellip\"> [\u2026]<\/span><\/p>\n","protected":false},"featured_media":0,"template":"","meta":{"_monsterinsights_skip_tracking":false,"_monsterinsights_sitenote_active":false,"_monsterinsights_sitenote_note":"","_monsterinsights_sitenote_category":0},"product_brand":[],"product_cat":[12274,12284],"product_tag":[],"class_list":{"0":"post-784947","1":"product","2":"type-product","3":"status-publish","5":"product_cat-cocuk-ve-genclik-kitaplari","6":"product_cat-hikayeler","7":"pa_cilt-ciltsiz","8":"pa_tur-kitap","9":"pa_yayinevi-beta-kids","10":"pa_yazar-andrea-posner-sanchez","12":"first","13":"instock","14":"sale","15":"shipping-taxable","16":"purchasable","17":"product-type-simple"},"_links":{"self":[{"href":"https:\/\/roveyayinevi.com.tr\/index.php\/wp-json\/wp\/v2\/product\/784947","targetHints":{"allow":["GET"]}}],"collection":[{"href":"https:\/\/roveyayinevi.com.tr\/index.php\/wp-json\/wp\/v2\/product"}],"about":[{"href":"https:\/\/roveyayinevi.com.tr\/index.php\/wp-json\/wp\/v2\/types\/product"}],"wp:attachment":[{"href":"https:\/\/roveyayinevi.com.tr\/index.php\/wp-json\/wp\/v2\/media?parent=784947"}],"wp:term":[{"taxonomy":"product_brand","embeddable":true,"href":"https:\/\/roveyayinevi.com.tr\/index.php\/wp-json\/wp\/v2\/product_brand?post=784947"},{"taxonomy":"product_cat","embeddable":true,"href":"https:\/\/roveyayinevi.com.tr\/index.php\/wp-json\/wp\/v2\/product_cat?post=784947"},{"taxonomy":"product_tag","embeddable":true,"href":"https:\/\/roveyayinevi.com.tr\/index.php\/wp-json\/wp\/v2\/product_tag?post=784947"}],"curies":[{"name":"wp","href":"https:\/\/api.w.org\/{rel}","templated":true}]}}