{"id":784944,"date":"2026-03-15T03:31:36","date_gmt":"2026-03-15T00:31:36","guid":{"rendered":"https:\/\/roveyayinevi.com.tr\/index.php\/urun\/disney-karlar-ulkesi-elsanin-yolculuguokuma-adimlarim-3\/"},"modified":"2026-04-15T03:48:41","modified_gmt":"2026-04-15T00:48:41","slug":"disney-karlar-ulkesi-elsanin-yolculuguokuma-adimlarim-3","status":"publish","type":"product","link":"https:\/\/roveyayinevi.com.tr\/index.php\/urun\/disney-karlar-ulkesi-elsanin-yolculuguokuma-adimlarim-3\/","title":{"rendered":"Disney Karlar \u00dclkesi &#8211; Elsa\u2019n\u0131n Yolculu\u011fu;Okuma Ad\u0131mlar\u0131m 3"},"content":{"rendered":"<p>Bu 3. Ad\u0131m &#8220;Okuma Ad\u0131mlar\u0131m&#8221; seviyeli okuma kitab\u0131, \u015fu anda Disney+ platformunda izlenebilen Disney Karlar \u00dclkesi 2 (Frozen 2) filmine dayanmaktad\u0131r!Jennifer Lee ve Chris Buck taraf\u0131ndan y\u00f6netilen, Peter Del Vecho taraf\u0131ndan yap\u0131m\u0131 \u00fcstlenilen ve Walt Disney Animasyon St\u00fcdyolar\u0131\u2019n\u0131n 2013 yap\u0131m\u0131 Oscar \u00f6d\u00fcll\u00fc Karlar \u00dclkesi filminin devam\u0131 olan bu uzun metrajl\u0131 yap\u0131m, \u015fu anda Disney+\u2019ta yay\u0131ndad\u0131r. Kristen Bell, Josh Gad, Idina Menzel ve Jonathan Groff yepyeni bir hikaye ile rollerini yeniden canland\u0131r\u0131yor. 5-7 ya\u015f aras\u0131 \u00e7ocuklar, Disney Karlar \u00dclkesi 2\u2019yi konu alan bu 3. Ad\u0131m okuma kitab\u0131na bay\u0131lacaklar! 3. Ad\u0131m okuma kitaplar\u0131, pop\u00fcler konular\u0131 i\u015fleyen ve takibi kolay olay \u00f6rg\u00fclerine sahip ilgi \u00e7ekici karakterler i\u00e7erir. Kendi ba\u015f\u0131na okumaya haz\u0131r olan \u00e7ocuklar i\u00e7in uygundur.<\/p>\n","protected":false},"excerpt":{"rendered":"<p>Bu 3. Ad\u0131m &#8220;Okuma Ad\u0131mlar\u0131m&#8221; seviyeli okuma kitab\u0131, \u015fu anda Disney+ platformunda izlenebilen Disney Karlar \u00dclkesi 2 (Frozen 2) filmine dayanmaktad\u0131r!Jennifer Lee ve Chris Buck taraf\u0131ndan<span class=\"excerpt-hellip\"> [\u2026]<\/span><\/p>\n","protected":false},"featured_media":0,"template":"","meta":{"_monsterinsights_skip_tracking":false,"_monsterinsights_sitenote_active":false,"_monsterinsights_sitenote_note":"","_monsterinsights_sitenote_category":0},"product_brand":[],"product_cat":[12274,12284],"product_tag":[],"class_list":{"0":"post-784944","1":"product","2":"type-product","3":"status-publish","5":"product_cat-cocuk-ve-genclik-kitaplari","6":"product_cat-hikayeler","7":"pa_cilt-ciltsiz","8":"pa_tur-kitap","9":"pa_yayinevi-beta-kids","10":"pa_yazar-susan-amerianer","12":"first","13":"instock","14":"sale","15":"shipping-taxable","16":"purchasable","17":"product-type-simple"},"_links":{"self":[{"href":"https:\/\/roveyayinevi.com.tr\/index.php\/wp-json\/wp\/v2\/product\/784944","targetHints":{"allow":["GET"]}}],"collection":[{"href":"https:\/\/roveyayinevi.com.tr\/index.php\/wp-json\/wp\/v2\/product"}],"about":[{"href":"https:\/\/roveyayinevi.com.tr\/index.php\/wp-json\/wp\/v2\/types\/product"}],"wp:attachment":[{"href":"https:\/\/roveyayinevi.com.tr\/index.php\/wp-json\/wp\/v2\/media?parent=784944"}],"wp:term":[{"taxonomy":"product_brand","embeddable":true,"href":"https:\/\/roveyayinevi.com.tr\/index.php\/wp-json\/wp\/v2\/product_brand?post=784944"},{"taxonomy":"product_cat","embeddable":true,"href":"https:\/\/roveyayinevi.com.tr\/index.php\/wp-json\/wp\/v2\/product_cat?post=784944"},{"taxonomy":"product_tag","embeddable":true,"href":"https:\/\/roveyayinevi.com.tr\/index.php\/wp-json\/wp\/v2\/product_tag?post=784944"}],"curies":[{"name":"wp","href":"https:\/\/api.w.org\/{rel}","templated":true}]}}