{"id":784942,"date":"2026-03-15T03:31:30","date_gmt":"2026-03-15T00:31:30","guid":{"rendered":"https:\/\/roveyayinevi.com.tr\/index.php\/urun\/disney-okuma-adimlarim-2-adim-karlar-ulkesi-iki-kiz-kardesin-hikayesi\/"},"modified":"2026-04-15T03:48:41","modified_gmt":"2026-04-15T00:48:41","slug":"disney-okuma-adimlarim-2-adim-karlar-ulkesi-iki-kiz-kardesin-hikayesi","status":"publish","type":"product","link":"https:\/\/roveyayinevi.com.tr\/index.php\/urun\/disney-okuma-adimlarim-2-adim-karlar-ulkesi-iki-kiz-kardesin-hikayesi\/","title":{"rendered":"Disney Okuma Ad\u0131mlar\u0131m &#8211; 2. Ad\u0131m &#8211; Karlar \u00dclkesi &#8211; \u0130ki K\u0131z Karde\u015fin Hikayesi"},"content":{"rendered":"<p>Bir kehanet bir krall\u0131\u011f\u0131 sonsuz k\u0131\u015fa mahk\u00fbm etti\u011finde, hayalperest gen\u00e7 Anna; cesur da\u011f adam\u0131 Kristoff ve onun ren geyi\u011fiyle g\u00fc\u00e7lerini birle\u015ftirerek, Karlar Krali\u00e7esi olan k\u0131z karde\u015fi Elsa\u2019y\u0131 bulmak ve buz b\u00fcy\u00fcs\u00fcn\u00fc sona erdirmek i\u00e7in b\u00fcy\u00fck bir yolculu\u011fa \u00e7\u0131kar.   Gizemli troller, Olaf ad\u0131nda \u00e7ok komik bir kardan adam, zorlu do\u011fa ko\u015fullar\u0131 ve her k\u00f6\u015fede kar\u015f\u0131lar\u0131na \u00e7\u0131kan sihirle dolu bu macerada Anna ve Kristoff, krall\u0131\u011f\u0131 yok olu\u015ftan kurtarmak i\u00e7in zamana kar\u015f\u0131 yar\u0131\u015f\u0131r.   Bu 2. Ad\u0131m &#8211; Okuma Ad\u0131mlar\u0131m seviyeli okuma kitab\u0131, Karlar \u00dclkesi\u2019nin t\u00fcm b\u00fcy\u00fcs\u00fcn\u00fc ve maceras\u0131n\u0131, kendi ba\u015f\u0131na okumay\u0131 yeni \u00f6\u011frenen 3\u20136 ya\u015f aras\u0131 \u00e7ocuklarla bulu\u015fturuyor.<\/p>\n","protected":false},"excerpt":{"rendered":"<p>Bir kehanet bir krall\u0131\u011f\u0131 sonsuz k\u0131\u015fa mahk\u00fbm etti\u011finde, hayalperest gen\u00e7 Anna; cesur da\u011f adam\u0131 Kristoff ve onun ren geyi\u011fiyle g\u00fc\u00e7lerini birle\u015ftirerek, Karlar Krali\u00e7esi olan k\u0131z karde\u015fi<span class=\"excerpt-hellip\"> [\u2026]<\/span><\/p>\n","protected":false},"featured_media":0,"template":"","meta":{"_monsterinsights_skip_tracking":false,"_monsterinsights_sitenote_active":false,"_monsterinsights_sitenote_note":"","_monsterinsights_sitenote_category":0},"product_brand":[],"product_cat":[12274,12284],"product_tag":[],"class_list":{"0":"post-784942","1":"product","2":"type-product","3":"status-publish","5":"product_cat-cocuk-ve-genclik-kitaplari","6":"product_cat-hikayeler","7":"pa_cilt-ciltsiz","8":"pa_tur-kitap","9":"pa_yayinevi-beta-kids","10":"pa_yazar-melissa-lagonegro","12":"first","13":"instock","14":"sale","15":"shipping-taxable","16":"purchasable","17":"product-type-simple"},"_links":{"self":[{"href":"https:\/\/roveyayinevi.com.tr\/index.php\/wp-json\/wp\/v2\/product\/784942","targetHints":{"allow":["GET"]}}],"collection":[{"href":"https:\/\/roveyayinevi.com.tr\/index.php\/wp-json\/wp\/v2\/product"}],"about":[{"href":"https:\/\/roveyayinevi.com.tr\/index.php\/wp-json\/wp\/v2\/types\/product"}],"wp:attachment":[{"href":"https:\/\/roveyayinevi.com.tr\/index.php\/wp-json\/wp\/v2\/media?parent=784942"}],"wp:term":[{"taxonomy":"product_brand","embeddable":true,"href":"https:\/\/roveyayinevi.com.tr\/index.php\/wp-json\/wp\/v2\/product_brand?post=784942"},{"taxonomy":"product_cat","embeddable":true,"href":"https:\/\/roveyayinevi.com.tr\/index.php\/wp-json\/wp\/v2\/product_cat?post=784942"},{"taxonomy":"product_tag","embeddable":true,"href":"https:\/\/roveyayinevi.com.tr\/index.php\/wp-json\/wp\/v2\/product_tag?post=784942"}],"curies":[{"name":"wp","href":"https:\/\/api.w.org\/{rel}","templated":true}]}}