{"id":784940,"date":"2026-03-15T03:31:25","date_gmt":"2026-03-15T00:31:25","guid":{"rendered":"https:\/\/roveyayinevi.com.tr\/index.php\/urun\/disney-okuma-adimlarim-2-adim-stic-bahar-coskusu\/"},"modified":"2026-04-15T03:48:41","modified_gmt":"2026-04-15T00:48:41","slug":"disney-okuma-adimlarim-2-adim-stic-bahar-coskusu","status":"publish","type":"product","link":"https:\/\/roveyayinevi.com.tr\/index.php\/urun\/disney-okuma-adimlarim-2-adim-stic-bahar-coskusu\/","title":{"rendered":"Disney Okuma Ad\u0131mlar\u0131m &#8211; 2.Ad\u0131m &#8211; Sti\u00e7 &#8211; Bahar Co\u015fkusu"},"content":{"rendered":"<p>Disney\u2019in Lilo ve Sti\u00e7 filminden Sti\u00e7\u2019in ba\u015frolde oldu\u011fu, bahar temal\u0131 s\u0131cac\u0131k bir hik\u00e2ye!   G\u00fczel bir bahar g\u00fcn\u00fc ve Lilo\u2019nun okulunda parti var! Ancak e\u011flence ba\u015flamadan \u00f6nce Lilo ve Sti\u00e7\u2019in parti malzemelerini toplamalar\u0131 gerekiyor. Parti ba\u015flamadan her \u015feyi yeti\u015ftirebilecekler mi? Okumay\u0131 yeni \u00f6\u011frenen 3\u20136 ya\u015f aras\u0131 \u00e7ocuklar; Paskalya g\u00fcn\u00fc ya da y\u0131l\u0131n herhangi bir g\u00fcn\u00fc i\u00e7in harika bir se\u00e7enek olan bu tatl\u0131 ve e\u011flenceli 2. Ad\u0131m &#8211; Okuma Ad\u0131mlar\u0131m kitab\u0131na bay\u0131lacak.   Bu kitaplar; temel kelime da\u011farc\u0131\u011f\u0131 ve k\u0131sa c\u00fcmlelerle basit hik\u00e2yeler anlat\u0131r. Tan\u0131d\u0131k kelimeleri okuyabilen ve yeni kelimeleri destekle heceleyebilen \u00e7ocuklar i\u00e7in idealdir.<\/p>\n","protected":false},"excerpt":{"rendered":"<p>Disney\u2019in Lilo ve Sti\u00e7 filminden Sti\u00e7\u2019in ba\u015frolde oldu\u011fu, bahar temal\u0131 s\u0131cac\u0131k bir hik\u00e2ye! G\u00fczel bir bahar g\u00fcn\u00fc ve Lilo\u2019nun okulunda parti var! Ancak e\u011flence ba\u015flamadan \u00f6nce<span class=\"excerpt-hellip\"> [\u2026]<\/span><\/p>\n","protected":false},"featured_media":0,"template":"","meta":{"_monsterinsights_skip_tracking":false,"_monsterinsights_sitenote_active":false,"_monsterinsights_sitenote_note":"","_monsterinsights_sitenote_category":0},"product_brand":[],"product_cat":[12274,12284],"product_tag":[],"class_list":{"0":"post-784940","1":"product","2":"type-product","3":"status-publish","5":"product_cat-cocuk-ve-genclik-kitaplari","6":"product_cat-hikayeler","7":"pa_cilt-ciltsiz","8":"pa_tur-kitap","9":"pa_yayinevi-beta-kids","10":"pa_yazar-virginia-murphy","12":"first","13":"instock","14":"sale","15":"shipping-taxable","16":"purchasable","17":"product-type-simple"},"_links":{"self":[{"href":"https:\/\/roveyayinevi.com.tr\/index.php\/wp-json\/wp\/v2\/product\/784940","targetHints":{"allow":["GET"]}}],"collection":[{"href":"https:\/\/roveyayinevi.com.tr\/index.php\/wp-json\/wp\/v2\/product"}],"about":[{"href":"https:\/\/roveyayinevi.com.tr\/index.php\/wp-json\/wp\/v2\/types\/product"}],"wp:attachment":[{"href":"https:\/\/roveyayinevi.com.tr\/index.php\/wp-json\/wp\/v2\/media?parent=784940"}],"wp:term":[{"taxonomy":"product_brand","embeddable":true,"href":"https:\/\/roveyayinevi.com.tr\/index.php\/wp-json\/wp\/v2\/product_brand?post=784940"},{"taxonomy":"product_cat","embeddable":true,"href":"https:\/\/roveyayinevi.com.tr\/index.php\/wp-json\/wp\/v2\/product_cat?post=784940"},{"taxonomy":"product_tag","embeddable":true,"href":"https:\/\/roveyayinevi.com.tr\/index.php\/wp-json\/wp\/v2\/product_tag?post=784940"}],"curies":[{"name":"wp","href":"https:\/\/api.w.org\/{rel}","templated":true}]}}