{"id":784938,"date":"2026-03-15T03:31:20","date_gmt":"2026-03-15T00:31:20","guid":{"rendered":"https:\/\/roveyayinevi.com.tr\/index.php\/urun\/yapay-zekadan-dine-dijital-bakis\/"},"modified":"2026-04-15T03:48:37","modified_gmt":"2026-04-15T00:48:37","slug":"yapay-zekadan-dine-dijital-bakis","status":"publish","type":"product","link":"https:\/\/roveyayinevi.com.tr\/index.php\/urun\/yapay-zekadan-dine-dijital-bakis\/","title":{"rendered":"Yapay Zekadan Dine Dijital Bak\u0131\u015f"},"content":{"rendered":"<p>Dijital \u00e7a\u011f, insan\u0131n varolu\u015funu, toplumsal ili\u015fkilerini ve inan\u00e7 d\u00fcnyas\u0131n\u0131 k\u00f6kten d\u00f6n\u00fc\u015ft\u00fcr\u00fcyor. Yapay zek\u00e2 sadece teknolojik bir yenilik de\u011fil, ayn\u0131 zamanda d\u00fc\u015f\u00fcnce bi\u00e7imlerimizi, de\u011ferlerimizi ve din ile olan ili\u015fkimizi yeniden \u015fekillendiren bir olgu. Bu kitap, okuyucuyu sadece bir teknolojinin izini s\u00fcrmeye de\u011fil; ayn\u0131 zamanda, insanl\u0131k tarihinin en eski kurumlar\u0131ndan biri olan dinin, modern \u00e7a\u011f\u0131n en yeni ger\u00e7ekli\u011fiyle nas\u0131l kesi\u015fti\u011fini d\u00fc\u015f\u00fcnmeye davet ediyor. Modernle\u015fme, sek\u00fclerle\u015fme, etik sorular ve sosyal medya \u00e7a\u011f\u0131nda inan\u00e7 kimliklerinin yeniden in\u015fas\u0131\u2026 T\u00fcm bu ba\u015fl\u0131klar, kitab\u0131n rehberli\u011finde sorgulan\u0131yor ve tart\u0131\u015fmaya a\u00e7\u0131l\u0131yor. Dijital D\u00fc\u015f\u00fcnceler, dijital \u00e7a\u011f\u0131n insanl\u0131\u011fa getirdi\u011fi f\u0131rsatlar ve meydan okumalar \u00fczerine d\u00fc\u015f\u00fcnen akademisyenler, \u00f6\u011frenciler ve merakl\u0131 okuyucular i\u00e7in vazge\u00e7ilmez bir kaynak niteli\u011finde.<\/p>\n","protected":false},"excerpt":{"rendered":"<p>Dijital \u00e7a\u011f, insan\u0131n varolu\u015funu, toplumsal ili\u015fkilerini ve inan\u00e7 d\u00fcnyas\u0131n\u0131 k\u00f6kten d\u00f6n\u00fc\u015ft\u00fcr\u00fcyor. Yapay zek\u00e2 sadece teknolojik bir yenilik de\u011fil, ayn\u0131 zamanda d\u00fc\u015f\u00fcnce bi\u00e7imlerimizi, de\u011ferlerimizi ve din ile<span class=\"excerpt-hellip\"> [\u2026]<\/span><\/p>\n","protected":false},"featured_media":0,"template":"","meta":{"_monsterinsights_skip_tracking":false,"_monsterinsights_sitenote_active":false,"_monsterinsights_sitenote_note":"","_monsterinsights_sitenote_category":0},"product_brand":[],"product_cat":[13005],"product_tag":[],"class_list":{"0":"post-784938","1":"product","2":"type-product","3":"status-publish","5":"product_cat-bilim-muhendislik","6":"pa_cilt-ciltsiz","7":"pa_tur-kitap","8":"pa_yayinevi-kadim-yayinlari","9":"pa_yazar-mehmet-ata-mirzaoglu","11":"first","12":"instock","13":"sale","14":"shipping-taxable","15":"purchasable","16":"product-type-simple"},"_links":{"self":[{"href":"https:\/\/roveyayinevi.com.tr\/index.php\/wp-json\/wp\/v2\/product\/784938","targetHints":{"allow":["GET"]}}],"collection":[{"href":"https:\/\/roveyayinevi.com.tr\/index.php\/wp-json\/wp\/v2\/product"}],"about":[{"href":"https:\/\/roveyayinevi.com.tr\/index.php\/wp-json\/wp\/v2\/types\/product"}],"wp:attachment":[{"href":"https:\/\/roveyayinevi.com.tr\/index.php\/wp-json\/wp\/v2\/media?parent=784938"}],"wp:term":[{"taxonomy":"product_brand","embeddable":true,"href":"https:\/\/roveyayinevi.com.tr\/index.php\/wp-json\/wp\/v2\/product_brand?post=784938"},{"taxonomy":"product_cat","embeddable":true,"href":"https:\/\/roveyayinevi.com.tr\/index.php\/wp-json\/wp\/v2\/product_cat?post=784938"},{"taxonomy":"product_tag","embeddable":true,"href":"https:\/\/roveyayinevi.com.tr\/index.php\/wp-json\/wp\/v2\/product_tag?post=784938"}],"curies":[{"name":"wp","href":"https:\/\/api.w.org\/{rel}","templated":true}]}}