{"id":784937,"date":"2026-03-15T03:31:19","date_gmt":"2026-03-15T00:31:19","guid":{"rendered":"https:\/\/roveyayinevi.com.tr\/index.php\/urun\/akademinin-gozunden-15-temmuz-darbe-taammuden-oldurur\/"},"modified":"2026-04-15T03:48:37","modified_gmt":"2026-04-15T00:48:37","slug":"akademinin-gozunden-15-temmuz-darbe-taammuden-oldurur","status":"publish","type":"product","link":"https:\/\/roveyayinevi.com.tr\/index.php\/urun\/akademinin-gozunden-15-temmuz-darbe-taammuden-oldurur\/","title":{"rendered":"Akademinin G\u00f6z\u00fcnden 15 Temmuz; Darbe Taamm\u00fcden \u00d6ld\u00fcr\u00fcr"},"content":{"rendered":"<p>Elinizdeki \u00e7al\u0131\u015fma 15 Temmuz 2016&#8217;da ya\u015fad\u0131\u011f\u0131m\u0131z darbenin, yani ruhumuz ve bedenimizle birlikte hissetti\u011fimiz deh\u015fet gecesinin sosyal bilimciler taraf\u0131ndan farkl\u0131 bak\u0131\u015f a\u00e7\u0131lar\u0131yla de\u011ferlendirili\u015fini i\u00e7eriyor. 15 Temmuz FET\u00d6 darbesi bize, darbe kavram\u0131n\u0131n  T\u00fcrkiye&#8217;de sosyal bilimlerde hala g\u00fcncel oldu\u011funu, b\u00fct\u00fcn y\u00f6nleriyle tart\u0131\u015f\u0131lmas\u0131, sorgulanmas\u0131 ve modernle\u015fme ile demokratikle\u015fme s\u00fcrecimizdeki yerinin iyi analiz edilmesi gerekti\u011fini g\u00f6steriyor. Sosyal bilimlerde ortaya konan \u015fimdiye kadar ki de\u011ferlendirmeler mevcut durumumuzu tam olarak izah etmede yetersiz kal\u0131yor \u00c7\u00fcnk\u00fc 15 Temmuz darbesi bug\u00fcne kadar yap\u0131lm\u0131\u015f darbelerden farkl\u0131d\u0131r. Bu minvalde elinizdeki derleme kendi durumumuzu anlamak ad\u0131na at\u0131lm\u0131\u015f &#8220;yeni&#8221; ama &#8220;eksik&#8221; bir ad\u0131md\u0131r. Dolay\u0131s\u0131yla dile\u011fimiz at\u0131lacak ba\u015fka yeni ad\u0131mlarla, T\u00fcrkiye&#8217;deki sosyal bilimcilerin kendi toplumlar\u0131na g\u00f6zlerini kapatt\u0131klar\u0131 fildi\u015fi kulelerinden \u00e7\u0131kmas\u0131 ve Bat\u0131l\u0131 kavramlar\u0131 kendi durumumuzla ili\u015fkilendirmeden kullanmak yerine mukayeseli ve sorgulamaya yer veren \u00e7al\u0131\u015fmalar yapmaya y\u00f6nelmeleridir.<\/p>\n","protected":false},"excerpt":{"rendered":"<p>Elinizdeki \u00e7al\u0131\u015fma 15 Temmuz 2016&#8217;da ya\u015fad\u0131\u011f\u0131m\u0131z darbenin, yani ruhumuz ve bedenimizle birlikte hissetti\u011fimiz deh\u015fet gecesinin sosyal bilimciler taraf\u0131ndan farkl\u0131 bak\u0131\u015f a\u00e7\u0131lar\u0131yla de\u011ferlendirili\u015fini i\u00e7eriyor. 15 Temmuz FET\u00d6<span class=\"excerpt-hellip\"> [\u2026]<\/span><\/p>\n","protected":false},"featured_media":0,"template":"","meta":{"_monsterinsights_skip_tracking":false,"_monsterinsights_sitenote_active":false,"_monsterinsights_sitenote_note":"","_monsterinsights_sitenote_category":0},"product_brand":[],"product_cat":[13590,12337],"product_tag":[],"class_list":{"0":"post-784937","1":"product","2":"type-product","3":"status-publish","5":"product_cat-arastirma-inceleme-politika-siyaset","6":"product_cat-politika-siyaset","7":"pa_cilt-ciltsiz","8":"pa_tur-kitap","9":"pa_yayinevi-kadim-yayinlari","10":"pa_yazar-bengul-gungormez","11":"pa_yazar-mahmut-hakki-akin","13":"first","14":"instock","15":"sale","16":"shipping-taxable","17":"purchasable","18":"product-type-simple"},"_links":{"self":[{"href":"https:\/\/roveyayinevi.com.tr\/index.php\/wp-json\/wp\/v2\/product\/784937","targetHints":{"allow":["GET"]}}],"collection":[{"href":"https:\/\/roveyayinevi.com.tr\/index.php\/wp-json\/wp\/v2\/product"}],"about":[{"href":"https:\/\/roveyayinevi.com.tr\/index.php\/wp-json\/wp\/v2\/types\/product"}],"wp:attachment":[{"href":"https:\/\/roveyayinevi.com.tr\/index.php\/wp-json\/wp\/v2\/media?parent=784937"}],"wp:term":[{"taxonomy":"product_brand","embeddable":true,"href":"https:\/\/roveyayinevi.com.tr\/index.php\/wp-json\/wp\/v2\/product_brand?post=784937"},{"taxonomy":"product_cat","embeddable":true,"href":"https:\/\/roveyayinevi.com.tr\/index.php\/wp-json\/wp\/v2\/product_cat?post=784937"},{"taxonomy":"product_tag","embeddable":true,"href":"https:\/\/roveyayinevi.com.tr\/index.php\/wp-json\/wp\/v2\/product_tag?post=784937"}],"curies":[{"name":"wp","href":"https:\/\/api.w.org\/{rel}","templated":true}]}}