{"id":784935,"date":"2026-03-15T03:31:15","date_gmt":"2026-03-15T00:31:15","guid":{"rendered":"https:\/\/roveyayinevi.com.tr\/index.php\/urun\/tum-yonleriyle-aile\/"},"modified":"2026-04-15T03:48:37","modified_gmt":"2026-04-15T00:48:37","slug":"tum-yonleriyle-aile","status":"publish","type":"product","link":"https:\/\/roveyayinevi.com.tr\/index.php\/urun\/tum-yonleriyle-aile\/","title":{"rendered":"T\u00fcm Y\u00f6nleriyle Aile"},"content":{"rendered":"<p>Aile, bireysel kimli\u011fimizin \u015fekillendi\u011fi ilk yer, toplumsal du\u0308zenin en temel kurumu ve hayat yolculu\u011fumuzun vazge\u00e7ilmeze\u015flik\u00e7isidir. Bu kitap, aile olgusunu hem mikro du\u0308zeyde gu\u0308nlu\u0308k ili\u015fkilerden hem de makro du\u0308zeyde toplumsal ve ku\u0308ltu\u0308relba\u011flamlardan hareketle ele al\u0131yor.Evlilikten ebeveynli\u011fe, i\u015f ve aile dengesinden bo\u015fanma ve yeniden evlilik su\u0308re\u00e7lerine; ku\u015faklar aras\u0131 ili\u015fkilerden \u015fiddet, ba\u011f\u0131ml\u0131l\u0131k vekay\u0131plara kadar geni\u015f bir yelpazede aile deneyimlerini inceliyor. Akademik bir derinlik ve anla\u015f\u0131l\u0131r bir dille haz\u0131rlanm\u0131\u015f olan Tu\u0308mY\u00f6nleriyle Aile hem \u00f6\u011frenciler hem de aile u\u0308zerine du\u0308\u015fu\u0308nen, yazan ve \u00e7al\u0131\u015fan herkes i\u00e7in kapsaml\u0131 bir ba\u015fvuru kayna\u011f\u0131d\u0131r.<\/p>\n","protected":false},"excerpt":{"rendered":"<p>Aile, bireysel kimli\u011fimizin \u015fekillendi\u011fi ilk yer, toplumsal du\u0308zenin en temel kurumu ve hayat yolculu\u011fumuzun vazge\u00e7ilmeze\u015flik\u00e7isidir. Bu kitap, aile olgusunu hem mikro du\u0308zeyde gu\u0308nlu\u0308k ili\u015fkilerden hem de<span class=\"excerpt-hellip\"> [\u2026]<\/span><\/p>\n","protected":false},"featured_media":0,"template":"","meta":{"_monsterinsights_skip_tracking":false,"_monsterinsights_sitenote_active":false,"_monsterinsights_sitenote_note":"","_monsterinsights_sitenote_category":0},"product_brand":[],"product_cat":[12831,12324],"product_tag":[],"class_list":{"0":"post-784935","1":"product","2":"type-product","3":"status-publish","5":"product_cat-aile-ve-cocuk","6":"product_cat-sosyoloji","7":"pa_cilt-ciltsiz","8":"pa_tur-kitap","9":"pa_yayinevi-kadim-yayinlari","10":"pa_yazar-marilyn-ihinger-tallman","11":"pa_yazar-teresa-m-cooney","13":"first","14":"instock","15":"sale","16":"shipping-taxable","17":"purchasable","18":"product-type-simple"},"_links":{"self":[{"href":"https:\/\/roveyayinevi.com.tr\/index.php\/wp-json\/wp\/v2\/product\/784935","targetHints":{"allow":["GET"]}}],"collection":[{"href":"https:\/\/roveyayinevi.com.tr\/index.php\/wp-json\/wp\/v2\/product"}],"about":[{"href":"https:\/\/roveyayinevi.com.tr\/index.php\/wp-json\/wp\/v2\/types\/product"}],"wp:attachment":[{"href":"https:\/\/roveyayinevi.com.tr\/index.php\/wp-json\/wp\/v2\/media?parent=784935"}],"wp:term":[{"taxonomy":"product_brand","embeddable":true,"href":"https:\/\/roveyayinevi.com.tr\/index.php\/wp-json\/wp\/v2\/product_brand?post=784935"},{"taxonomy":"product_cat","embeddable":true,"href":"https:\/\/roveyayinevi.com.tr\/index.php\/wp-json\/wp\/v2\/product_cat?post=784935"},{"taxonomy":"product_tag","embeddable":true,"href":"https:\/\/roveyayinevi.com.tr\/index.php\/wp-json\/wp\/v2\/product_tag?post=784935"}],"curies":[{"name":"wp","href":"https:\/\/api.w.org\/{rel}","templated":true}]}}