{"id":784931,"date":"2026-03-15T03:31:06","date_gmt":"2026-03-15T00:31:06","guid":{"rendered":"https:\/\/roveyayinevi.com.tr\/index.php\/urun\/almanlar-buna-ne-der\/"},"modified":"2026-04-15T03:48:37","modified_gmt":"2026-04-15T00:48:37","slug":"almanlar-buna-ne-der","status":"publish","type":"product","link":"https:\/\/roveyayinevi.com.tr\/index.php\/urun\/almanlar-buna-ne-der\/","title":{"rendered":"Almanlar Buna Ne Der?"},"content":{"rendered":"<p>Almanca bir kelimeyle anlat\u0131yor, sen bir \u00f6m\u00fcrd\u00fcr tarif etmeye u\u011fra\u015f\u0131yorsun\u2026Hi\u00e7 gitmedi\u011finiz yerlere duyulan \u00f6zlem, bir \u015fark\u0131n\u0131n zihninizde d\u00f6n\u00fcp durmas\u0131, bo\u015f zamanlar\u0131n\u0131z\u0131 bile verimli ge\u00e7irme kayg\u0131s\u0131ya da ba\u015fkas\u0131 ad\u0131na utanma hissi&#8230; \u0130\u00e7inizden ge\u00e7en ama ad\u0131n\u0131 koyamad\u0131\u011f\u0131n\u0131z duygular\u0131n asl\u0131nda bir kar\u015f\u0131l\u0131\u011f\u0131 olabilirAlmancada.Bu kitap, Almancan\u0131n \u015fa\u015f\u0131rt\u0131c\u0131 derecede g\u00fc\u00e7l\u00fc ve incelikli kelimeleri \u00fczerinden insan\u0131n i\u00e7 d\u00fcnyas\u0131na b\u00fcy\u00fcleyici bir yolculuksunuyor. Her kelime bir ruh h\u00e2lini, bir \u00e7eli\u015fkiyi ya da bir i\u00e7sel \u00e7at\u0131\u015fmay\u0131 tek bir s\u00f6zc\u00fckle ifade ediyor. \u00dcstelik bazen sizig\u00fcl\u00fcmsetiyor, bazen de y\u0131llard\u0131r sustu\u011funuz bir duyguyu dile getiriyor.Almanlar Buna Ne Der?, sadece dil merakl\u0131lar\u0131 i\u00e7in de\u011fil, kendini daha iyi anlamak isteyen herkes i\u00e7in yaz\u0131ld\u0131. \u00c7\u00fcnk\u00fcbazen bir kelime, bir aynad\u0131r: \u0130nsan kendini onda g\u00f6r\u00fcr.<\/p>\n","protected":false},"excerpt":{"rendered":"<p>Almanca bir kelimeyle anlat\u0131yor, sen bir \u00f6m\u00fcrd\u00fcr tarif etmeye u\u011fra\u015f\u0131yorsun\u2026Hi\u00e7 gitmedi\u011finiz yerlere duyulan \u00f6zlem, bir \u015fark\u0131n\u0131n zihninizde d\u00f6n\u00fcp durmas\u0131, bo\u015f zamanlar\u0131n\u0131z\u0131 bile verimli ge\u00e7irme kayg\u0131s\u0131ya da<span class=\"excerpt-hellip\"> [\u2026]<\/span><\/p>\n","protected":false},"featured_media":0,"template":"","meta":{"_monsterinsights_skip_tracking":false,"_monsterinsights_sitenote_active":false,"_monsterinsights_sitenote_note":"","_monsterinsights_sitenote_category":0},"product_brand":[],"product_cat":[12325,12324],"product_tag":[],"class_list":{"0":"post-784931","1":"product","2":"type-product","3":"status-publish","5":"product_cat-diger-sosyoloji","6":"product_cat-sosyoloji","7":"pa_cilt-ciltsiz","8":"pa_tur-kitap","9":"pa_yayinevi-kadim-yayinlari","10":"pa_yazar-oguzhan-ekinci","12":"first","13":"instock","14":"sale","15":"shipping-taxable","16":"purchasable","17":"product-type-simple"},"_links":{"self":[{"href":"https:\/\/roveyayinevi.com.tr\/index.php\/wp-json\/wp\/v2\/product\/784931","targetHints":{"allow":["GET"]}}],"collection":[{"href":"https:\/\/roveyayinevi.com.tr\/index.php\/wp-json\/wp\/v2\/product"}],"about":[{"href":"https:\/\/roveyayinevi.com.tr\/index.php\/wp-json\/wp\/v2\/types\/product"}],"wp:attachment":[{"href":"https:\/\/roveyayinevi.com.tr\/index.php\/wp-json\/wp\/v2\/media?parent=784931"}],"wp:term":[{"taxonomy":"product_brand","embeddable":true,"href":"https:\/\/roveyayinevi.com.tr\/index.php\/wp-json\/wp\/v2\/product_brand?post=784931"},{"taxonomy":"product_cat","embeddable":true,"href":"https:\/\/roveyayinevi.com.tr\/index.php\/wp-json\/wp\/v2\/product_cat?post=784931"},{"taxonomy":"product_tag","embeddable":true,"href":"https:\/\/roveyayinevi.com.tr\/index.php\/wp-json\/wp\/v2\/product_tag?post=784931"}],"curies":[{"name":"wp","href":"https:\/\/api.w.org\/{rel}","templated":true}]}}