{"id":784929,"date":"2026-03-15T03:31:01","date_gmt":"2026-03-15T00:31:01","guid":{"rendered":"https:\/\/roveyayinevi.com.tr\/index.php\/urun\/iyi-niyet-curmu-paklar-mi\/"},"modified":"2026-04-15T03:48:37","modified_gmt":"2026-04-15T00:48:37","slug":"iyi-niyet-curmu-paklar-mi","status":"publish","type":"product","link":"https:\/\/roveyayinevi.com.tr\/index.php\/urun\/iyi-niyet-curmu-paklar-mi\/","title":{"rendered":"\u0130yi Niyet C\u00fcrm\u00fc Paklar M\u0131?"},"content":{"rendered":"<p>G\u00f6zlerimizin \u00f6n\u00fcnde s\u00fcrekli de\u011fi\u015fen g\u00fcndemler, kirli medya oyunlar\u0131 ve sahte \u00f6zg\u00fcrl\u00fck s\u00f6ylemleri\u2026 Modern d\u00fcnyan\u0131n par\u0131lt\u0131l\u0131vitrinleri ard\u0131nda kaybolan hakikatler, haf\u0131zas\u0131n\u0131 yitirmi\u015f bir toplumun suskunlu\u011fu.Bu eser, yalanc\u0131 ger\u00e7eklerin g\u00f6lgesinde ya\u015fayan bireyi ve toplumu sorguluyor. Kapitalizmin s\u00f6m\u00fcr\u00fc d\u00fczeninden modern hayat\u0131nkonformizmine, kad\u0131n ve medeniyetin in\u015fas\u0131ndaki rol\u00fcnden \u0130slam ahlak\u0131 ve dirili\u015f \u00e7a\u011fr\u0131s\u0131na kadar geni\u015f bir \u00e7er\u00e7evede g\u00fc\u00e7l\u00fc birmuhasebe sunuyor.\u201c\u0130yi niyet\u201d kavram\u0131n\u0131n y\u00fczeysel bir teselli mi, yoksa hakikati \u00f6rten bir perde mi oldu\u011funu tart\u0131\u015fan kitap; okuru al\u0131\u015f\u0131lm\u0131\u015f d\u00fc\u015f\u00fcncekal\u0131plar\u0131n\u0131 sorgulamaya davet ediyor. Samimi bir iman, salih amel ve hakikate sadakat olmadan kurtulu\u015fun m\u00fcmk\u00fcn olamayaca\u011f\u0131n\u0131hat\u0131rlat\u0131yor.Kimi zaman sert, kimi zaman sars\u0131c\u0131 ama daima hakikati arayan bir dil ile kaleme al\u0131nm\u0131\u015f bu metinler, g\u00fcn\u00fcm\u00fcz insan\u0131n\u0131sorumluluklar\u0131n\u0131 yeniden d\u00fc\u015f\u00fcnmeye \u00e7a\u011f\u0131r\u0131yor. \u00c7\u00fcnk\u00fc sorunun cevab\u0131 a\u00e7\u0131k: \u0130yi niyet, tek ba\u015f\u0131na c\u00fcrm\u00fc paklamaz.<\/p>\n","protected":false},"excerpt":{"rendered":"<p>G\u00f6zlerimizin \u00f6n\u00fcnde s\u00fcrekli de\u011fi\u015fen g\u00fcndemler, kirli medya oyunlar\u0131 ve sahte \u00f6zg\u00fcrl\u00fck s\u00f6ylemleri\u2026 Modern d\u00fcnyan\u0131n par\u0131lt\u0131l\u0131vitrinleri ard\u0131nda kaybolan hakikatler, haf\u0131zas\u0131n\u0131 yitirmi\u015f bir toplumun suskunlu\u011fu.Bu eser, yalanc\u0131 ger\u00e7eklerin<span class=\"excerpt-hellip\"> [\u2026]<\/span><\/p>\n","protected":false},"featured_media":0,"template":"","meta":{"_monsterinsights_skip_tracking":false,"_monsterinsights_sitenote_active":false,"_monsterinsights_sitenote_note":"","_monsterinsights_sitenote_category":0},"product_brand":[],"product_cat":[12718,12719],"product_tag":[],"class_list":{"0":"post-784929","1":"product","2":"type-product","3":"status-publish","5":"product_cat-din","6":"product_cat-islam","7":"pa_cilt-ciltsiz","8":"pa_tur-kitap","9":"pa_yayinevi-kadim-yayinlari","10":"pa_yazar-ismail-sakima","12":"first","13":"instock","14":"sale","15":"shipping-taxable","16":"purchasable","17":"product-type-simple"},"_links":{"self":[{"href":"https:\/\/roveyayinevi.com.tr\/index.php\/wp-json\/wp\/v2\/product\/784929","targetHints":{"allow":["GET"]}}],"collection":[{"href":"https:\/\/roveyayinevi.com.tr\/index.php\/wp-json\/wp\/v2\/product"}],"about":[{"href":"https:\/\/roveyayinevi.com.tr\/index.php\/wp-json\/wp\/v2\/types\/product"}],"wp:attachment":[{"href":"https:\/\/roveyayinevi.com.tr\/index.php\/wp-json\/wp\/v2\/media?parent=784929"}],"wp:term":[{"taxonomy":"product_brand","embeddable":true,"href":"https:\/\/roveyayinevi.com.tr\/index.php\/wp-json\/wp\/v2\/product_brand?post=784929"},{"taxonomy":"product_cat","embeddable":true,"href":"https:\/\/roveyayinevi.com.tr\/index.php\/wp-json\/wp\/v2\/product_cat?post=784929"},{"taxonomy":"product_tag","embeddable":true,"href":"https:\/\/roveyayinevi.com.tr\/index.php\/wp-json\/wp\/v2\/product_tag?post=784929"}],"curies":[{"name":"wp","href":"https:\/\/api.w.org\/{rel}","templated":true}]}}