{"id":784924,"date":"2026-03-15T03:30:52","date_gmt":"2026-03-15T00:30:52","guid":{"rendered":"https:\/\/roveyayinevi.com.tr\/index.php\/urun\/aileyi-yeniden-dusunmektarihsel-gelisim-ve-guncel-tartismalar\/"},"modified":"2026-04-15T03:48:37","modified_gmt":"2026-04-15T00:48:37","slug":"aileyi-yeniden-dusunmektarihsel-gelisim-ve-guncel-tartismalar","status":"publish","type":"product","link":"https:\/\/roveyayinevi.com.tr\/index.php\/urun\/aileyi-yeniden-dusunmektarihsel-gelisim-ve-guncel-tartismalar\/","title":{"rendered":"Aileyi Yeniden D\u00fc\u015f\u00fcnmek;Tarihsel Geli\u015fim ve G\u00fcncel Tart\u0131\u015fmalar"},"content":{"rendered":"<p>A\u0130LEY\u0130Aile, insan\u0131n kimli\u011fini \u015fekillendiren ilk sosyal zemin olman\u0131n \u00f6tesinde, toplumun b\u00fct\u00fcn\u00fcn\u00fc ta\u015f\u0131yan en g\u00fc\u00e7l\u00fc kurumsal yap\u0131d\u0131r. Bu kitap, aileyi hem tarihsel geli\u015fimi hem de modern d\u00fcnyan\u0131n h\u0131zl\u0131 d\u00f6n\u00fc\u015f\u00fcmleri i\u00e7inde yeniden d\u00fc\u015f\u00fcnmeye davet ediyor.Geleneksel ve modern aile modellerinin \u00e7at\u0131\u015fma ve uyum alanlar\u0131ndan sosyal etkile\u015fime ve benli\u011fin olu\u015fumuna; do\u011furganl\u0131k, refah politikalar\u0131 ve i\u015flevsel d\u00f6n\u00fc\u015f\u00fcmlerden mimarinin aileyi nas\u0131l bi\u00e7imlendirdi\u011fine; toplumsal de\u011fi\u015fimin aile yap\u0131lar\u0131 \u00fczerindeki etkilerinden T\u00fcrkiye\u2019de aileye ili\u015fkin g\u00fcncel veri temelli analizlere kadar geni\u015f bir yelpaze sunuyor.Her bir b\u00f6l\u00fcm, aile kurumunun ge\u00e7mi\u015ften bug\u00fcne uzanan ser\u00fcvenini, de\u011fi\u015fen \u00f6r\u00fcnt\u00fcler ile de\u011fi\u015fmeyen de\u011ferler aras\u0131ndaki ince dengede ele alarak gelece\u011fe dair g\u00fc\u00e7l\u00fc bir kavray\u0131\u015f \u00f6neriyor. Bu kitap, aileyi hem bir toplumsal ger\u00e7eklik hem de bir de\u011ferler b\u00fct\u00fcn\u00fc olarak anlamak isteyenler i\u00e7in kapsaml\u0131 ve derinlikli bir ba\u015fvuru niteli\u011fi ta\u015f\u0131yor.<\/p>\n","protected":false},"excerpt":{"rendered":"<p>A\u0130LEY\u0130Aile, insan\u0131n kimli\u011fini \u015fekillendiren ilk sosyal zemin olman\u0131n \u00f6tesinde, toplumun b\u00fct\u00fcn\u00fcn\u00fc ta\u015f\u0131yan en g\u00fc\u00e7l\u00fc kurumsal yap\u0131d\u0131r. Bu kitap, aileyi hem tarihsel geli\u015fimi hem de modern d\u00fcnyan\u0131n<span class=\"excerpt-hellip\"> [\u2026]<\/span><\/p>\n","protected":false},"featured_media":0,"template":"","meta":{"_monsterinsights_skip_tracking":false,"_monsterinsights_sitenote_active":false,"_monsterinsights_sitenote_note":"","_monsterinsights_sitenote_category":0},"product_brand":[],"product_cat":[141304],"product_tag":[],"class_list":{"0":"post-784924","1":"product","2":"type-product","3":"status-publish","5":"product_cat-yeni-cikanlar","6":"pa_cilt-ciltsiz","7":"pa_tur-kitap","8":"pa_yayinevi-kadim-yayinlari","9":"pa_yazar-kolektif","11":"first","12":"instock","13":"sale","14":"shipping-taxable","15":"purchasable","16":"product-type-simple"},"_links":{"self":[{"href":"https:\/\/roveyayinevi.com.tr\/index.php\/wp-json\/wp\/v2\/product\/784924","targetHints":{"allow":["GET"]}}],"collection":[{"href":"https:\/\/roveyayinevi.com.tr\/index.php\/wp-json\/wp\/v2\/product"}],"about":[{"href":"https:\/\/roveyayinevi.com.tr\/index.php\/wp-json\/wp\/v2\/types\/product"}],"wp:attachment":[{"href":"https:\/\/roveyayinevi.com.tr\/index.php\/wp-json\/wp\/v2\/media?parent=784924"}],"wp:term":[{"taxonomy":"product_brand","embeddable":true,"href":"https:\/\/roveyayinevi.com.tr\/index.php\/wp-json\/wp\/v2\/product_brand?post=784924"},{"taxonomy":"product_cat","embeddable":true,"href":"https:\/\/roveyayinevi.com.tr\/index.php\/wp-json\/wp\/v2\/product_cat?post=784924"},{"taxonomy":"product_tag","embeddable":true,"href":"https:\/\/roveyayinevi.com.tr\/index.php\/wp-json\/wp\/v2\/product_tag?post=784924"}],"curies":[{"name":"wp","href":"https:\/\/api.w.org\/{rel}","templated":true}]}}