{"id":784922,"date":"2026-03-15T03:30:48","date_gmt":"2026-03-15T00:30:48","guid":{"rendered":"https:\/\/roveyayinevi.com.tr\/index.php\/urun\/bir-rektor-anlatiyor\/"},"modified":"2026-04-15T03:48:37","modified_gmt":"2026-04-15T00:48:37","slug":"bir-rektor-anlatiyor","status":"publish","type":"product","link":"https:\/\/roveyayinevi.com.tr\/index.php\/urun\/bir-rektor-anlatiyor\/","title":{"rendered":"Bir Rekt\u00f6r Anlat\u0131yor"},"content":{"rendered":"<p>Her d\u00f6nemin kendine \u00f6zgu\u0308 sorular\u0131, gu\u0308\u00e7lu\u0308kleri ve imk\u00e2nlar\u0131 vard\u0131r.Bir Rekt\u00f6r Anlat\u0131yor, bir u\u0308niversite y\u00f6neticisinin g\u00f6zu\u0308nden yaln\u0131zca bir kurumun hik\u00e2yesini de\u011fil; u\u0308lkenin entelektu\u0308el iklimini, e\u011fitim anlay\u0131\u015f\u0131n\u0131, hatta gelece\u011fe dair umut ve kayg\u0131lar\u0131m\u0131z\u0131 da aktar\u0131yor.Tarihsel olaylardan gu\u0308ncel tart\u0131\u015fmalara, Mustafa Kemal\u2019in mu\u0308tareke gu\u0308nlerinden yarat\u0131c\u0131 e\u011fitimin \u00f6nemine; edebiyat\u0131n derin katmanlar\u0131ndan dijital \u00e7a\u011f\u0131n meydan okumalar\u0131na kadar uzanan bu anlat\u0131, bir rekt\u00f6ru\u0308n deneyiminden su\u0308zu\u0308len \u00e7ok katmanl\u0131 bir du\u0308\u015fu\u0308nce yolculu\u011fu sunuyor.Okur, siyasetin ve poetikan\u0131n kesi\u015fti\u011fi yerde hem bireyin hem toplumun gelece\u011fine dair yeni sorularla kar\u015f\u0131la\u015facak; metaforlar\u0131n, hayallerin ve erdemin e\u011fitime, bilime ve insana nas\u0131l y\u00f6n verdi\u011fini g\u00f6recek.Bir Rekt\u00f6r Anlat\u0131yor, yaln\u0131zca bir tan\u0131kl\u0131k de\u011fil; ayn\u0131 zamanda gelece\u011fin akl\u0131n\u0131 kurma \u00e7abas\u0131na kat\u0131lma \u00e7a\u011fr\u0131s\u0131d\u0131r.<\/p>\n","protected":false},"excerpt":{"rendered":"<p>Her d\u00f6nemin kendine \u00f6zgu\u0308 sorular\u0131, gu\u0308\u00e7lu\u0308kleri ve imk\u00e2nlar\u0131 vard\u0131r.Bir Rekt\u00f6r Anlat\u0131yor, bir u\u0308niversite y\u00f6neticisinin g\u00f6zu\u0308nden yaln\u0131zca bir kurumun hik\u00e2yesini de\u011fil; u\u0308lkenin entelektu\u0308el iklimini, e\u011fitim anlay\u0131\u015f\u0131n\u0131, hatta<span class=\"excerpt-hellip\"> [\u2026]<\/span><\/p>\n","protected":false},"featured_media":0,"template":"","meta":{"_monsterinsights_skip_tracking":false,"_monsterinsights_sitenote_active":false,"_monsterinsights_sitenote_note":"","_monsterinsights_sitenote_category":0},"product_brand":[],"product_cat":[12566],"product_tag":[],"class_list":{"0":"post-784922","1":"product","2":"type-product","3":"status-publish","5":"product_cat-egitim","6":"pa_cilt-ciltsiz","7":"pa_tur-kitap","8":"pa_yayinevi-kadim-yayinlari","9":"pa_yazar-yavuz-demir","11":"first","12":"instock","13":"sale","14":"shipping-taxable","15":"purchasable","16":"product-type-simple"},"_links":{"self":[{"href":"https:\/\/roveyayinevi.com.tr\/index.php\/wp-json\/wp\/v2\/product\/784922","targetHints":{"allow":["GET"]}}],"collection":[{"href":"https:\/\/roveyayinevi.com.tr\/index.php\/wp-json\/wp\/v2\/product"}],"about":[{"href":"https:\/\/roveyayinevi.com.tr\/index.php\/wp-json\/wp\/v2\/types\/product"}],"wp:attachment":[{"href":"https:\/\/roveyayinevi.com.tr\/index.php\/wp-json\/wp\/v2\/media?parent=784922"}],"wp:term":[{"taxonomy":"product_brand","embeddable":true,"href":"https:\/\/roveyayinevi.com.tr\/index.php\/wp-json\/wp\/v2\/product_brand?post=784922"},{"taxonomy":"product_cat","embeddable":true,"href":"https:\/\/roveyayinevi.com.tr\/index.php\/wp-json\/wp\/v2\/product_cat?post=784922"},{"taxonomy":"product_tag","embeddable":true,"href":"https:\/\/roveyayinevi.com.tr\/index.php\/wp-json\/wp\/v2\/product_tag?post=784922"}],"curies":[{"name":"wp","href":"https:\/\/api.w.org\/{rel}","templated":true}]}}