{"id":784920,"date":"2026-03-15T03:30:44","date_gmt":"2026-03-15T00:30:44","guid":{"rendered":"https:\/\/roveyayinevi.com.tr\/index.php\/urun\/jeopolitigin-100-yeri\/"},"modified":"2026-04-15T03:48:36","modified_gmt":"2026-04-15T00:48:36","slug":"jeopolitigin-100-yeri","status":"publish","type":"product","link":"https:\/\/roveyayinevi.com.tr\/index.php\/urun\/jeopolitigin-100-yeri\/","title":{"rendered":"Jeopoliti\u011fin 100 Yeri"},"content":{"rendered":"<p>Jeopolitik, yaln\u0131zca b\u00fcy\u00fck stratejilerle de\u011fil; bo\u011fazlar, ge\u00e7itler, limanlar ve s\u0131n\u0131r hatlar\u0131yla \u015fekillenir. Jeopoliti\u011fin 100 Yeri, d\u00fcnyay\u0131 soyut teoriler \u00fczerinden de\u011fil, g\u00fc\u00e7 m\u00fccadelesinin d\u00fc\u011f\u00fcmlendi\u011fi somut mek\u00e2nlar \u00fczerinden okumay\u0131 \u00f6nerir.Bu kitap, k\u00fcresel siyasetin y\u00f6n\u00fcn\u00fc belirleyen y\u00fcz kritik noktay\u0131 ele alarak co\u011frafyan\u0131n neden h\u00e2l\u00e2 belirleyici oldu\u011funu g\u00f6sterir. Enerji hatlar\u0131, ticaret yollar\u0131 ve g\u00fcvenlik koridorlar\u0131 etraf\u0131nda \u015fekillenen rekabetler, her bir \u201cyer\u201d \u00fczerinden a\u00e7\u0131k ve anla\u015f\u0131l\u0131r bi\u00e7imde analiz edilir.Jeopoliti\u011fin 100 Yeri, g\u00fcncel d\u00fcnyay\u0131 anlamak isteyenler i\u00e7in pratik bir rehberdir. Haritalara yeniden bakmay\u0131, k\u00fcresel geli\u015fmeleri mek\u00e2n\u0131n diliyle d\u00fc\u015f\u00fcnmeyi \u00f6neren bu \u00e7al\u0131\u015fma, jeopoliti\u011fi karma\u015f\u0131k kavramlardan \u00e7\u0131kar\u0131p somut ger\u00e7ekli\u011fine geri d\u00f6nd\u00fcr\u00fcr.<\/p>\n","protected":false},"excerpt":{"rendered":"<p>Jeopolitik, yaln\u0131zca b\u00fcy\u00fck stratejilerle de\u011fil; bo\u011fazlar, ge\u00e7itler, limanlar ve s\u0131n\u0131r hatlar\u0131yla \u015fekillenir. Jeopoliti\u011fin 100 Yeri, d\u00fcnyay\u0131 soyut teoriler \u00fczerinden de\u011fil, g\u00fc\u00e7 m\u00fccadelesinin d\u00fc\u011f\u00fcmlendi\u011fi somut mek\u00e2nlar \u00fczerinden<span class=\"excerpt-hellip\"> [\u2026]<\/span><\/p>\n","protected":false},"featured_media":0,"template":"","meta":{"_monsterinsights_skip_tracking":false,"_monsterinsights_sitenote_active":false,"_monsterinsights_sitenote_note":"","_monsterinsights_sitenote_category":0},"product_brand":[],"product_cat":[12337,14706],"product_tag":[],"class_list":{"0":"post-784920","1":"product","2":"type-product","3":"status-publish","5":"product_cat-politika-siyaset","6":"product_cat-siyaset-bilimi","7":"pa_cilt-ciltsiz","8":"pa_tur-kitap","9":"pa_yayinevi-kadim-yayinlari","10":"pa_yazar-pascal-gauchon","12":"first","13":"instock","14":"sale","15":"shipping-taxable","16":"purchasable","17":"product-type-simple"},"_links":{"self":[{"href":"https:\/\/roveyayinevi.com.tr\/index.php\/wp-json\/wp\/v2\/product\/784920","targetHints":{"allow":["GET"]}}],"collection":[{"href":"https:\/\/roveyayinevi.com.tr\/index.php\/wp-json\/wp\/v2\/product"}],"about":[{"href":"https:\/\/roveyayinevi.com.tr\/index.php\/wp-json\/wp\/v2\/types\/product"}],"wp:attachment":[{"href":"https:\/\/roveyayinevi.com.tr\/index.php\/wp-json\/wp\/v2\/media?parent=784920"}],"wp:term":[{"taxonomy":"product_brand","embeddable":true,"href":"https:\/\/roveyayinevi.com.tr\/index.php\/wp-json\/wp\/v2\/product_brand?post=784920"},{"taxonomy":"product_cat","embeddable":true,"href":"https:\/\/roveyayinevi.com.tr\/index.php\/wp-json\/wp\/v2\/product_cat?post=784920"},{"taxonomy":"product_tag","embeddable":true,"href":"https:\/\/roveyayinevi.com.tr\/index.php\/wp-json\/wp\/v2\/product_tag?post=784920"}],"curies":[{"name":"wp","href":"https:\/\/api.w.org\/{rel}","templated":true}]}}