{"id":784919,"date":"2026-03-15T03:30:42","date_gmt":"2026-03-15T00:30:42","guid":{"rendered":"https:\/\/roveyayinevi.com.tr\/index.php\/urun\/100-kavramla-jeopolitik\/"},"modified":"2026-04-15T03:48:36","modified_gmt":"2026-04-15T00:48:36","slug":"100-kavramla-jeopolitik","status":"publish","type":"product","link":"https:\/\/roveyayinevi.com.tr\/index.php\/urun\/100-kavramla-jeopolitik\/","title":{"rendered":"100 Kavramla Jeopolitik"},"content":{"rendered":"<p>G\u00fcn\u00fcm\u00fcz d\u00fcnyas\u0131nda g\u00fc\u00e7, yaln\u0131zca askeri kapasiteyle de\u011fil; mek\u00e2n\u0131n, kaynaklar\u0131n ve anlat\u0131lar\u0131n nas\u0131l y\u00f6netildi\u011fiyle belirleniyor. Jeopolitik, bu \u00e7ok katmanl\u0131 g\u00fc\u00e7 ili\u015fkilerini anlaman\u0131n temel kavramsal \u00e7er\u00e7evesini sunuyor.100 Kavramla Jeopolitik, k\u00fcresel siyaseti \u015fekillendiren anahtar kavramlar\u0131 yal\u0131n ve ba\u011flamsal bir dille ele alarak, okura d\u00fcnyay\u0131 yorumlayabilece\u011fi bir d\u00fc\u015f\u00fcnme zemini kazand\u0131r\u0131yor. Klasik jeopolitik yakla\u015f\u0131mlardan g\u00fcn\u00fcm\u00fcz\u00fcn \u00e7ok-kutuplu d\u00fczenine uzanan bu \u00e7al\u0131\u015fma, kavramlar\u0131n yaln\u0131zca anlamlar\u0131n\u0131 de\u011fil, siyasal pratikte nas\u0131l i\u015flev kazand\u0131klar\u0131n\u0131 da g\u00f6r\u00fcn\u00fcr k\u0131l\u0131yor.Bu kitap, jeopoliti\u011fi takip etmekle yetinmeyip onu do\u011fru kavramlarla okumak isteyenler i\u00e7in.<\/p>\n","protected":false},"excerpt":{"rendered":"<p>G\u00fcn\u00fcm\u00fcz d\u00fcnyas\u0131nda g\u00fc\u00e7, yaln\u0131zca askeri kapasiteyle de\u011fil; mek\u00e2n\u0131n, kaynaklar\u0131n ve anlat\u0131lar\u0131n nas\u0131l y\u00f6netildi\u011fiyle belirleniyor. Jeopolitik, bu \u00e7ok katmanl\u0131 g\u00fc\u00e7 ili\u015fkilerini anlaman\u0131n temel kavramsal \u00e7er\u00e7evesini sunuyor.100 Kavramla<span class=\"excerpt-hellip\"> [\u2026]<\/span><\/p>\n","protected":false},"featured_media":0,"template":"","meta":{"_monsterinsights_skip_tracking":false,"_monsterinsights_sitenote_active":false,"_monsterinsights_sitenote_note":"","_monsterinsights_sitenote_category":0},"product_brand":[],"product_cat":[12337,14706],"product_tag":[],"class_list":{"0":"post-784919","1":"product","2":"type-product","3":"status-publish","5":"product_cat-politika-siyaset","6":"product_cat-siyaset-bilimi","7":"pa_cilt-ciltsiz","8":"pa_tur-kitap","9":"pa_yayinevi-kadim-yayinlari","10":"pa_yazar-pascal-gauchon","12":"first","13":"instock","14":"sale","15":"shipping-taxable","16":"purchasable","17":"product-type-simple"},"_links":{"self":[{"href":"https:\/\/roveyayinevi.com.tr\/index.php\/wp-json\/wp\/v2\/product\/784919","targetHints":{"allow":["GET"]}}],"collection":[{"href":"https:\/\/roveyayinevi.com.tr\/index.php\/wp-json\/wp\/v2\/product"}],"about":[{"href":"https:\/\/roveyayinevi.com.tr\/index.php\/wp-json\/wp\/v2\/types\/product"}],"wp:attachment":[{"href":"https:\/\/roveyayinevi.com.tr\/index.php\/wp-json\/wp\/v2\/media?parent=784919"}],"wp:term":[{"taxonomy":"product_brand","embeddable":true,"href":"https:\/\/roveyayinevi.com.tr\/index.php\/wp-json\/wp\/v2\/product_brand?post=784919"},{"taxonomy":"product_cat","embeddable":true,"href":"https:\/\/roveyayinevi.com.tr\/index.php\/wp-json\/wp\/v2\/product_cat?post=784919"},{"taxonomy":"product_tag","embeddable":true,"href":"https:\/\/roveyayinevi.com.tr\/index.php\/wp-json\/wp\/v2\/product_tag?post=784919"}],"curies":[{"name":"wp","href":"https:\/\/api.w.org\/{rel}","templated":true}]}}