{"id":784915,"date":"2026-03-15T03:30:29","date_gmt":"2026-03-15T00:30:29","guid":{"rendered":"https:\/\/roveyayinevi.com.tr\/index.php\/urun\/monoton-blue\/"},"modified":"2026-04-15T03:47:42","modified_gmt":"2026-04-15T00:47:42","slug":"monoton-blue","status":"publish","type":"product","link":"https:\/\/roveyayinevi.com.tr\/index.php\/urun\/monoton-blue\/","title":{"rendered":"Monoton Blue"},"content":{"rendered":"<p>D\u00fcnya tekd\u00fczeydi. Ta ki o gelene kadar. Hayat\u0131n\u0131 sessizce s\u00fcrd\u00fcren, s\u0131radan g\u00fcnlere al\u0131\u015fm\u0131\u015f kedi Hachi i\u00e7in yeni ta\u015f\u0131nan okul arkada\u015f\u0131 Aoi&#8217;nin geli\u015fi, ba\u015fta pek de bir anlam ifade etmiyordu. Ama o g\u00fcn, okuldan sonra, Aoi&#8217;nin k\u00fc\u00e7\u00fck bir s\u0131rr\u0131na tan\u0131k oldu\u011funda bir \u015feyler de\u011fi\u015fti.G\u00f6zlerini a\u00e7maya zorlayan, i\u00e7ini titreten o ani fark\u0131ndal\u0131k, Hachi&#8217;nin gri d\u00fcnyas\u0131na s\u0131cak ve tuhaf bir renk getirecekti. Ayn\u0131 t\u00fcrden olmayan iki canl\u0131n\u0131n, yaraya ve iyile\u015fmeye dair hik\u00e2yesi.<\/p>\n","protected":false},"excerpt":{"rendered":"<p>D\u00fcnya tekd\u00fczeydi. Ta ki o gelene kadar. Hayat\u0131n\u0131 sessizce s\u00fcrd\u00fcren, s\u0131radan g\u00fcnlere al\u0131\u015fm\u0131\u015f kedi Hachi i\u00e7in yeni ta\u015f\u0131nan okul arkada\u015f\u0131 Aoi&#8217;nin geli\u015fi, ba\u015fta pek de bir<span class=\"excerpt-hellip\"> [\u2026]<\/span><\/p>\n","protected":false},"featured_media":0,"template":"","meta":{"_monsterinsights_skip_tracking":false,"_monsterinsights_sitenote_active":false,"_monsterinsights_sitenote_note":"","_monsterinsights_sitenote_category":0},"product_brand":[],"product_cat":[12416,12291],"product_tag":[],"class_list":{"0":"post-784915","1":"product","2":"type-product","3":"status-publish","5":"product_cat-cizgi-roman","6":"product_cat-edebiyat","7":"pa_cilt-ciltsiz","8":"pa_tur-kitap","9":"pa_yayinevi-beta-byou","10":"pa_yazar-nagabe","12":"first","13":"instock","14":"sale","15":"shipping-taxable","16":"purchasable","17":"product-type-simple"},"_links":{"self":[{"href":"https:\/\/roveyayinevi.com.tr\/index.php\/wp-json\/wp\/v2\/product\/784915","targetHints":{"allow":["GET"]}}],"collection":[{"href":"https:\/\/roveyayinevi.com.tr\/index.php\/wp-json\/wp\/v2\/product"}],"about":[{"href":"https:\/\/roveyayinevi.com.tr\/index.php\/wp-json\/wp\/v2\/types\/product"}],"wp:attachment":[{"href":"https:\/\/roveyayinevi.com.tr\/index.php\/wp-json\/wp\/v2\/media?parent=784915"}],"wp:term":[{"taxonomy":"product_brand","embeddable":true,"href":"https:\/\/roveyayinevi.com.tr\/index.php\/wp-json\/wp\/v2\/product_brand?post=784915"},{"taxonomy":"product_cat","embeddable":true,"href":"https:\/\/roveyayinevi.com.tr\/index.php\/wp-json\/wp\/v2\/product_cat?post=784915"},{"taxonomy":"product_tag","embeddable":true,"href":"https:\/\/roveyayinevi.com.tr\/index.php\/wp-json\/wp\/v2\/product_tag?post=784915"}],"curies":[{"name":"wp","href":"https:\/\/api.w.org\/{rel}","templated":true}]}}