{"id":784913,"date":"2026-03-15T03:29:15","date_gmt":"2026-03-15T00:29:15","guid":{"rendered":"https:\/\/roveyayinevi.com.tr\/index.php\/urun\/seckinlik-paradoksu\/"},"modified":"2026-04-15T03:46:08","modified_gmt":"2026-04-15T00:46:08","slug":"seckinlik-paradoksu","status":"publish","type":"product","link":"https:\/\/roveyayinevi.com.tr\/index.php\/urun\/seckinlik-paradoksu\/","title":{"rendered":"Se\u00e7kinlik Paradoksu"},"content":{"rendered":"<p>Bulundu\u011fu \u00e7evrede g\u00f6rece iyi ve onu \u00f6zel yapacak muamele g\u00f6rmek istenmesi anlam\u0131nda se\u00e7kinlik her bireyde bulunan temel i\u00e7g\u00fcd\u00fclerden biridir. Baz\u0131 konularda di\u011ferleri ile ayn\u0131 muameleyi g\u00f6rmek arzusu bile olumsuz ayr\u0131mc\u0131l\u0131\u011fa maruz kalmamay\u0131 isteme bak\u0131m\u0131ndan se\u00e7kinci bir histir. Madem iyi bir \u015fey herkesi se\u00e7kin yapal\u0131m denildi\u011finde se\u00e7kinli\u011fin buharla\u015fmas\u0131 s\u00f6zkonusudur. Her birey, kendisinin sahip oldu\u011funu d\u00fc\u015f\u00fcnd\u00fc\u011f\u00fc \u00f6zellikleri ta\u015f\u0131malar\u0131 bak\u0131m\u0131ndan kendisinden daha d\u00fc\u015f\u00fck olanlar\u0131 g\u00f6rd\u00fck\u00e7e se\u00e7kin taraf\u0131na yakla\u015ft\u0131\u011f\u0131n\u0131, iyileri g\u00f6rd\u00fck\u00e7e de kitle taraf\u0131na itildi\u011fini hisseder. Se\u00e7kinli\u011fin g\u00fcd\u00fcml\u00fc, d\u00fc\u015fk\u00fcn, i\u00e7eriye d\u00f6n\u00fck, d\u0131\u015far\u0131ya d\u00f6n\u00fck, s\u00f6n\u00fck, doyumsuz, faal, ask\u0131da, doygun, haz\u0131ms\u0131z, resm\u00ee, gayri resm\u00ee, g\u00f6r\u00fcnen, g\u00f6r\u00fcnmeyen, muhalif, kifayetsiz muhteris gibi onlarca t\u00fcr\u00fc vard\u0131r. Acaba se\u00e7kin olmak isteyen hangisine talip veya istemese bile fark\u0131nda olmadan hangisinin \u00f6rne\u011fidir? Farkl\u0131la\u015fma iyi ama i\u015f \u00fcst\u00fcnle\u015fmeye oradan da h\u0131r\u00e7\u0131nla\u015fmaya, h\u0131r\u00e7\u0131nla\u015fma da yabanc\u0131la\u015fmaya d\u00f6n\u00fc\u015f\u00fcnce ne olacak? T\u00fcm bu yeni boyutlar, se\u00e7kinli\u011fe bak\u0131\u015fta yeni bir terminolojiye ihtiya\u00e7 oldu\u011funu hissettiriyor. Bu kitab\u0131n amac\u0131 da bunu sa\u011flamakt\u0131r.<\/p>\n","protected":false},"excerpt":{"rendered":"<p>Bulundu\u011fu \u00e7evrede g\u00f6rece iyi ve onu \u00f6zel yapacak muamele g\u00f6rmek istenmesi anlam\u0131nda se\u00e7kinlik her bireyde bulunan temel i\u00e7g\u00fcd\u00fclerden biridir. Baz\u0131 konularda di\u011ferleri ile ayn\u0131 muameleyi g\u00f6rmek<span class=\"excerpt-hellip\"> [\u2026]<\/span><\/p>\n","protected":false},"featured_media":0,"template":"","meta":{"_monsterinsights_skip_tracking":false,"_monsterinsights_sitenote_active":false,"_monsterinsights_sitenote_note":"","_monsterinsights_sitenote_category":0},"product_brand":[],"product_cat":[12324],"product_tag":[],"class_list":{"0":"post-784913","1":"product","2":"type-product","3":"status-publish","5":"product_cat-sosyoloji","6":"pa_cilt-ciltsiz","7":"pa_tur-kitap","8":"pa_yayinevi-kadim-yayinlari","9":"pa_yazar-omer-demir","11":"first","12":"instock","13":"sale","14":"shipping-taxable","15":"purchasable","16":"product-type-simple"},"_links":{"self":[{"href":"https:\/\/roveyayinevi.com.tr\/index.php\/wp-json\/wp\/v2\/product\/784913","targetHints":{"allow":["GET"]}}],"collection":[{"href":"https:\/\/roveyayinevi.com.tr\/index.php\/wp-json\/wp\/v2\/product"}],"about":[{"href":"https:\/\/roveyayinevi.com.tr\/index.php\/wp-json\/wp\/v2\/types\/product"}],"wp:attachment":[{"href":"https:\/\/roveyayinevi.com.tr\/index.php\/wp-json\/wp\/v2\/media?parent=784913"}],"wp:term":[{"taxonomy":"product_brand","embeddable":true,"href":"https:\/\/roveyayinevi.com.tr\/index.php\/wp-json\/wp\/v2\/product_brand?post=784913"},{"taxonomy":"product_cat","embeddable":true,"href":"https:\/\/roveyayinevi.com.tr\/index.php\/wp-json\/wp\/v2\/product_cat?post=784913"},{"taxonomy":"product_tag","embeddable":true,"href":"https:\/\/roveyayinevi.com.tr\/index.php\/wp-json\/wp\/v2\/product_tag?post=784913"}],"curies":[{"name":"wp","href":"https:\/\/api.w.org\/{rel}","templated":true}]}}