{"id":784911,"date":"2026-03-15T03:28:30","date_gmt":"2026-03-15T00:28:30","guid":{"rendered":"https:\/\/roveyayinevi.com.tr\/index.php\/urun\/ben-gorevdeyken\/"},"modified":"2026-04-15T03:45:30","modified_gmt":"2026-04-15T00:45:30","slug":"ben-gorevdeyken","status":"publish","type":"product","link":"https:\/\/roveyayinevi.com.tr\/index.php\/urun\/ben-gorevdeyken\/","title":{"rendered":"Ben G\u00f6revdeyken"},"content":{"rendered":"<p>JENS STOLTENBERG, NATO L\u0130DER\u0130 OLARAK GE\u00c7\u0130RD\u0130\u011e\u0130 \u00c7ARPICI ON YILI D\u00dcR\u00dcST VE SAM\u0130M\u0130 B\u0130R \u015eEK\u0130LDE ANLATIYOR NATO\u2019nun eski Genel Sekreteri Jens Stoltenberg, bu kitapta g\u00f6revde oldu\u011fu on y\u0131l\u0131n perde arkas\u0131n\u0131 a\u00e7\u0131k ve do\u011frudan bir dille anlat\u0131yor. 2014\u2019te ba\u015flayan g\u00f6rev s\u00fcresi boyunca d\u00fcnya h\u0131zla de\u011fi\u015firken; Ukrayna\u2019daki sava\u015f, NATO\u2019nun Afganistan\u2019dan \u00e7ekili\u015fi, Rusya ve \u00c7in\u2019le ili\u015fkiler gibi kritik ba\u015fl\u0131klarda al\u0131nan kararlar\u0131n arka plan\u0131n\u0131 g\u00f6zler \u00f6n\u00fcne seriyor. Ben G\u00f6revdeyken, k\u00fcresel g\u00fcvenli\u011fi \u015fekillendiren kriz anlar\u0131n\u0131 ve bu s\u00fcre\u00e7te y\u00fcr\u00fct\u00fclen zorlu diplomasiyi i\u00e7eriden bir bak\u0131\u015fla ele al\u0131yor. Angela Merkel, Donald Trump ve Volodimir Zelenskiy gibi liderlerle yap\u0131lan temaslar da bu anlat\u0131n\u0131n \u00f6nemli duraklar\u0131n\u0131 olu\u015fturuyor. Eserin T\u00fcrkiye\u2019ye bak\u0131\u015f a\u00e7\u0131s\u0131 olduk\u00e7a dikkat \u00e7ekici. Stoltenberg, T\u00fcrkiye\u2019yi ittifak\u0131n \u201czorlay\u0131c\u0131 m\u00fcttefiki\u201d de\u011fil, jeopolitik akl\u0131n merkezindeki bir mihver olarak konumland\u0131r\u0131yor. Suriye krizi, Karadeniz dengesi, ter\u00f6rle m\u00fccadele, m\u00fclteci diplomasisi ve enerji g\u00fcvenli\u011fi ba\u015fl\u0131klar\u0131nda Ankara\u2019n\u0131n oynad\u0131\u011f\u0131 rol, sadece taktik de\u011fil stratejik bir zorunluluk olarak anlat\u0131l\u0131yor.<\/p>\n","protected":false},"excerpt":{"rendered":"<p>JENS STOLTENBERG, NATO L\u0130DER\u0130 OLARAK GE\u00c7\u0130RD\u0130\u011e\u0130 \u00c7ARPICI ON YILI D\u00dcR\u00dcST VE SAM\u0130M\u0130 B\u0130R \u015eEK\u0130LDE ANLATIYOR NATO\u2019nun eski Genel Sekreteri Jens Stoltenberg, bu kitapta g\u00f6revde oldu\u011fu on<span class=\"excerpt-hellip\"> [\u2026]<\/span><\/p>\n","protected":false},"featured_media":0,"template":"","meta":{"_monsterinsights_skip_tracking":false,"_monsterinsights_sitenote_active":false,"_monsterinsights_sitenote_note":"","_monsterinsights_sitenote_category":0},"product_brand":[],"product_cat":[12337,17225],"product_tag":[],"class_list":{"0":"post-784911","1":"product","2":"type-product","3":"status-publish","5":"product_cat-politika-siyaset","6":"product_cat-uluslararasi-iliskiler","7":"pa_cilt-ciltsiz","8":"pa_tur-kitap","9":"pa_yayinevi-kadim-yayinlari","10":"pa_yazar-jens-stoltenberg","12":"first","13":"instock","14":"sale","15":"shipping-taxable","16":"purchasable","17":"product-type-simple"},"_links":{"self":[{"href":"https:\/\/roveyayinevi.com.tr\/index.php\/wp-json\/wp\/v2\/product\/784911","targetHints":{"allow":["GET"]}}],"collection":[{"href":"https:\/\/roveyayinevi.com.tr\/index.php\/wp-json\/wp\/v2\/product"}],"about":[{"href":"https:\/\/roveyayinevi.com.tr\/index.php\/wp-json\/wp\/v2\/types\/product"}],"wp:attachment":[{"href":"https:\/\/roveyayinevi.com.tr\/index.php\/wp-json\/wp\/v2\/media?parent=784911"}],"wp:term":[{"taxonomy":"product_brand","embeddable":true,"href":"https:\/\/roveyayinevi.com.tr\/index.php\/wp-json\/wp\/v2\/product_brand?post=784911"},{"taxonomy":"product_cat","embeddable":true,"href":"https:\/\/roveyayinevi.com.tr\/index.php\/wp-json\/wp\/v2\/product_cat?post=784911"},{"taxonomy":"product_tag","embeddable":true,"href":"https:\/\/roveyayinevi.com.tr\/index.php\/wp-json\/wp\/v2\/product_tag?post=784911"}],"curies":[{"name":"wp","href":"https:\/\/api.w.org\/{rel}","templated":true}]}}