{"id":784910,"date":"2026-03-15T03:28:28","date_gmt":"2026-03-15T00:28:28","guid":{"rendered":"https:\/\/roveyayinevi.com.tr\/index.php\/urun\/enflasyon\/"},"modified":"2026-04-15T03:45:30","modified_gmt":"2026-04-15T00:45:30","slug":"enflasyon","status":"publish","type":"product","link":"https:\/\/roveyayinevi.com.tr\/index.php\/urun\/enflasyon\/","title":{"rendered":"Enflasyon"},"content":{"rendered":"<p>Enflasyon geri d\u00f6nd\u00fc ve hayat\u0131n her alan\u0131n\u0131 belirliyor: marketten konut kredilerine, sand\u0131ktan k\u00fcresel siyasete. Buna ra\u011fmen enflasyonla m\u00fccadelede kullan\u0131lan re\u00e7eteler h\u00e2l\u00e2 ge\u00e7mi\u015fe ait. On y\u0131llard\u0131r tek \u00e7\u00f6z\u00fcme dayan\u0131l\u0131yor: faiz art\u0131\u015f\u0131, i\u015fsizlik kabullen, durgunlu\u011fu g\u00f6ze al. Oysa bu anlat\u0131, hem eksik hem de \u00e7o\u011fu zaman yanl\u0131\u015f. Siyasal iktisad\u0131n \u00f6nde gelen isimlerinden Mark Blyth ve Nicolo Fraccaroli, bu kitapta enflasyonun ger\u00e7ek nedenlerini ortaya koyuyor, yerle\u015fik dogmalar\u0131 yerle bir ediyor ve neden yeni bir d\u00fc\u015f\u00fcnme bi\u00e7imine ihtiya\u00e7 duydu\u011fumuzu g\u00f6steriyor. Mizah\u0131 elden b\u0131rakmayan ama tavr\u0131ndan \u00f6d\u00fcn vermeyen anlat\u0131m\u0131yla Enflasyon, ekonomi politikalar\u0131n\u0131n perde arkas\u0131n\u0131 a\u00e7\u0131k\u00e7a if\u015fa ediyor. G\u00fcmr\u00fck tarifeleri, iklim krizi, jeopolitik gerilimler ve k\u0131r\u0131lgan k\u00fcresel d\u00fczen, daha enflasyonist bir gelece\u011fi ka\u00e7\u0131n\u0131lmaz k\u0131l\u0131yor. Bu yeni d\u00fcnyada eski fikirler i\u015flemiyor.<\/p>\n","protected":false},"excerpt":{"rendered":"<p>Enflasyon geri d\u00f6nd\u00fc ve hayat\u0131n her alan\u0131n\u0131 belirliyor: marketten konut kredilerine, sand\u0131ktan k\u00fcresel siyasete. Buna ra\u011fmen enflasyonla m\u00fccadelede kullan\u0131lan re\u00e7eteler h\u00e2l\u00e2 ge\u00e7mi\u015fe ait. On y\u0131llard\u0131r tek<span class=\"excerpt-hellip\"> [\u2026]<\/span><\/p>\n","protected":false},"featured_media":0,"template":"","meta":{"_monsterinsights_skip_tracking":false,"_monsterinsights_sitenote_active":false,"_monsterinsights_sitenote_note":"","_monsterinsights_sitenote_category":0},"product_brand":[],"product_cat":[14841,13043],"product_tag":[],"class_list":{"0":"post-784910","1":"product","2":"type-product","3":"status-publish","5":"product_cat-arastirma-inceleme-kuram","6":"product_cat-ekonomi","7":"pa_cilt-ciltsiz","8":"pa_tur-kitap","9":"pa_yayinevi-kadim-yayinlari","10":"pa_yazar-mark-blyth-nicolo-fraccaroli","12":"first","13":"instock","14":"sale","15":"shipping-taxable","16":"purchasable","17":"product-type-simple"},"_links":{"self":[{"href":"https:\/\/roveyayinevi.com.tr\/index.php\/wp-json\/wp\/v2\/product\/784910","targetHints":{"allow":["GET"]}}],"collection":[{"href":"https:\/\/roveyayinevi.com.tr\/index.php\/wp-json\/wp\/v2\/product"}],"about":[{"href":"https:\/\/roveyayinevi.com.tr\/index.php\/wp-json\/wp\/v2\/types\/product"}],"wp:attachment":[{"href":"https:\/\/roveyayinevi.com.tr\/index.php\/wp-json\/wp\/v2\/media?parent=784910"}],"wp:term":[{"taxonomy":"product_brand","embeddable":true,"href":"https:\/\/roveyayinevi.com.tr\/index.php\/wp-json\/wp\/v2\/product_brand?post=784910"},{"taxonomy":"product_cat","embeddable":true,"href":"https:\/\/roveyayinevi.com.tr\/index.php\/wp-json\/wp\/v2\/product_cat?post=784910"},{"taxonomy":"product_tag","embeddable":true,"href":"https:\/\/roveyayinevi.com.tr\/index.php\/wp-json\/wp\/v2\/product_tag?post=784910"}],"curies":[{"name":"wp","href":"https:\/\/api.w.org\/{rel}","templated":true}]}}