{"id":784909,"date":"2026-03-15T03:27:20","date_gmt":"2026-03-15T00:27:20","guid":{"rendered":"https:\/\/roveyayinevi.com.tr\/index.php\/urun\/aile-ve-mekan\/"},"modified":"2026-04-15T03:44:16","modified_gmt":"2026-04-15T00:44:16","slug":"aile-ve-mekan","status":"publish","type":"product","link":"https:\/\/roveyayinevi.com.tr\/index.php\/urun\/aile-ve-mekan\/","title":{"rendered":"Aile ve Mekan"},"content":{"rendered":"<p>Aile ve Mek\u00e2n, aileyi yaln\u0131zca ili\u015fkiler a\u011f\u0131 olarak de\u011fil, mek\u00e2nla kurulan \u00e7ok boyutlu ba\u011flar i\u00e7inde ele al\u0131yor. Sosyoloji, be\u015fer\u00ee co\u011frafya ve antropoloji disiplinlerinden ara\u015ft\u0131rmac\u0131lar\u0131 bir araya getiren kitap, aile ya\u015fam\u0131n\u0131n ev, \u015fehir ve dijital alanlarda nas\u0131l \u015fekillendi\u011fini inceliyor. Ebeveynlik pratiklerinden g\u00f6\u00e7 deneyimlerine, dijital ileti\u015fimden g\u00fcndelik ya\u015fam\u0131n duyusal boyutlar\u0131na uzanan bu derleme; aileyi sabit bir kurumdan ziyade, hareket ve etkile\u015fim i\u00e7indeki bir toplumsal olgu olarak yeniden d\u00fc\u015f\u00fcnmeye \u00e7a\u011f\u0131r\u0131yor. Derleyenler Maya Halatcheva-Trapp, Giulia Montanari ve Tino Schlinzig, aile sosyolojisine mek\u00e2n duyarl\u0131 yeni bir bak\u0131\u015f kazand\u0131r\u0131yor. Routledge Aile Sosyolojisi \u00c7al\u0131\u015fmalar\u0131 Serisi kapsam\u0131nda yay\u0131mlanan eser, g\u00fcn\u00fcm\u00fcz aile ara\u015ft\u0131rmalar\u0131na \u00f6zg\u00fcn bir katk\u0131 sunuyor. <\/p>\n","protected":false},"excerpt":{"rendered":"<p>Aile ve Mek\u00e2n, aileyi yaln\u0131zca ili\u015fkiler a\u011f\u0131 olarak de\u011fil, mek\u00e2nla kurulan \u00e7ok boyutlu ba\u011flar i\u00e7inde ele al\u0131yor. Sosyoloji, be\u015fer\u00ee co\u011frafya ve antropoloji disiplinlerinden ara\u015ft\u0131rmac\u0131lar\u0131 bir araya<span class=\"excerpt-hellip\"> [\u2026]<\/span><\/p>\n","protected":false},"featured_media":0,"template":"","meta":{"_monsterinsights_skip_tracking":false,"_monsterinsights_sitenote_active":false,"_monsterinsights_sitenote_note":"","_monsterinsights_sitenote_category":0},"product_brand":[],"product_cat":[12324],"product_tag":[],"class_list":{"0":"post-784909","1":"product","2":"type-product","3":"status-publish","5":"product_cat-sosyoloji","6":"pa_cilt-ciltsiz","7":"pa_tur-kitap","8":"pa_yayinevi-kadim-yayinlari","9":"pa_yazar-kolektif","11":"first","12":"instock","13":"sale","14":"shipping-taxable","15":"purchasable","16":"product-type-simple"},"_links":{"self":[{"href":"https:\/\/roveyayinevi.com.tr\/index.php\/wp-json\/wp\/v2\/product\/784909","targetHints":{"allow":["GET"]}}],"collection":[{"href":"https:\/\/roveyayinevi.com.tr\/index.php\/wp-json\/wp\/v2\/product"}],"about":[{"href":"https:\/\/roveyayinevi.com.tr\/index.php\/wp-json\/wp\/v2\/types\/product"}],"wp:attachment":[{"href":"https:\/\/roveyayinevi.com.tr\/index.php\/wp-json\/wp\/v2\/media?parent=784909"}],"wp:term":[{"taxonomy":"product_brand","embeddable":true,"href":"https:\/\/roveyayinevi.com.tr\/index.php\/wp-json\/wp\/v2\/product_brand?post=784909"},{"taxonomy":"product_cat","embeddable":true,"href":"https:\/\/roveyayinevi.com.tr\/index.php\/wp-json\/wp\/v2\/product_cat?post=784909"},{"taxonomy":"product_tag","embeddable":true,"href":"https:\/\/roveyayinevi.com.tr\/index.php\/wp-json\/wp\/v2\/product_tag?post=784909"}],"curies":[{"name":"wp","href":"https:\/\/api.w.org\/{rel}","templated":true}]}}