{"id":784908,"date":"2026-03-15T03:27:17","date_gmt":"2026-03-15T00:27:17","guid":{"rendered":"https:\/\/roveyayinevi.com.tr\/index.php\/urun\/iranin-grand-stratejisi\/"},"modified":"2026-04-15T03:44:15","modified_gmt":"2026-04-15T00:44:15","slug":"iranin-grand-stratejisi","status":"publish","type":"product","link":"https:\/\/roveyayinevi.com.tr\/index.php\/urun\/iranin-grand-stratejisi\/","title":{"rendered":"\u0130ran\u2019\u0131n Grand Stratejisi"},"content":{"rendered":"<p>\u0130ran, Bat\u0131 i\u00e7in h\u00e2l\u00e2 en karma\u015f\u0131k d\u0131\u015f politika sorunlar\u0131ndan biri. Vali Nasr, \u00fclkenin teokrasi ve ideolojinin \u00f6tesindeki grand stratejisini ortaya koyuyor: \u0130\u00e7 g\u00fcvenli\u011fi sa\u011flamak ve b\u00f6lgesel g\u00fcc\u00fcn\u00fc kal\u0131c\u0131la\u015ft\u0131rmak. An\u0131lar, s\u00f6zl\u00fc tarihler ve \u0130ranl\u0131 karar vericilerle yap\u0131lan r\u00f6portajlara dayanan bu \u00e7al\u0131\u015fma, Irak Sava\u015f\u0131\u2019ndan Amerika\u2019n\u0131n \u00e7evreleme politikalar\u0131na uzanan s\u00fcre\u00e7te \u0130ran\u2019\u0131n jeopolitik vizyonunu \u00e7arp\u0131c\u0131 bi\u00e7imde g\u00f6zler \u00f6n\u00fcne seriyor. \u0130ran\u2019\u0131n Grand Stratejisi, \u0130ran\u2019\u0131n devrimci ideolojisiyle s\u0131n\u0131rlanmayacak kadar derin d\u0131\u015f politikas\u0131n\u0131 anlamak i\u00e7in benzersiz bir rehber niteli\u011finde. <\/p>\n","protected":false},"excerpt":{"rendered":"<p>\u0130ran, Bat\u0131 i\u00e7in h\u00e2l\u00e2 en karma\u015f\u0131k d\u0131\u015f politika sorunlar\u0131ndan biri. Vali Nasr, \u00fclkenin teokrasi ve ideolojinin \u00f6tesindeki grand stratejisini ortaya koyuyor: \u0130\u00e7 g\u00fcvenli\u011fi sa\u011flamak ve b\u00f6lgesel<span class=\"excerpt-hellip\"> [\u2026]<\/span><\/p>\n","protected":false},"featured_media":0,"template":"","meta":{"_monsterinsights_skip_tracking":false,"_monsterinsights_sitenote_active":false,"_monsterinsights_sitenote_note":"","_monsterinsights_sitenote_category":0},"product_brand":[],"product_cat":[12337,14706],"product_tag":[],"class_list":{"0":"post-784908","1":"product","2":"type-product","3":"status-publish","5":"product_cat-politika-siyaset","6":"product_cat-siyaset-bilimi","7":"pa_cilt-ciltsiz","8":"pa_tur-kitap","9":"pa_yayinevi-kadim-yayinlari","10":"pa_yazar-vali-nasr","12":"first","13":"instock","14":"sale","15":"shipping-taxable","16":"purchasable","17":"product-type-simple"},"_links":{"self":[{"href":"https:\/\/roveyayinevi.com.tr\/index.php\/wp-json\/wp\/v2\/product\/784908","targetHints":{"allow":["GET"]}}],"collection":[{"href":"https:\/\/roveyayinevi.com.tr\/index.php\/wp-json\/wp\/v2\/product"}],"about":[{"href":"https:\/\/roveyayinevi.com.tr\/index.php\/wp-json\/wp\/v2\/types\/product"}],"wp:attachment":[{"href":"https:\/\/roveyayinevi.com.tr\/index.php\/wp-json\/wp\/v2\/media?parent=784908"}],"wp:term":[{"taxonomy":"product_brand","embeddable":true,"href":"https:\/\/roveyayinevi.com.tr\/index.php\/wp-json\/wp\/v2\/product_brand?post=784908"},{"taxonomy":"product_cat","embeddable":true,"href":"https:\/\/roveyayinevi.com.tr\/index.php\/wp-json\/wp\/v2\/product_cat?post=784908"},{"taxonomy":"product_tag","embeddable":true,"href":"https:\/\/roveyayinevi.com.tr\/index.php\/wp-json\/wp\/v2\/product_tag?post=784908"}],"curies":[{"name":"wp","href":"https:\/\/api.w.org\/{rel}","templated":true}]}}