{"id":784906,"date":"2026-03-15T03:26:37","date_gmt":"2026-03-15T00:26:37","guid":{"rendered":"https:\/\/roveyayinevi.com.tr\/index.php\/urun\/buyuk-guc-diplomasisi\/"},"modified":"2026-04-15T03:43:44","modified_gmt":"2026-04-15T00:43:44","slug":"buyuk-guc-diplomasisi","status":"publish","type":"product","link":"https:\/\/roveyayinevi.com.tr\/index.php\/urun\/buyuk-guc-diplomasisi\/","title":{"rendered":"B\u00fcy\u00fck G\u00fc\u00e7 Diplomasisi"},"content":{"rendered":"<p>G\u00fc\u00e7, sadece ordularla de\u011fil; kelimelerle de y\u00f6netilir. Tarih boyunca b\u00fcy\u00fck g\u00fc\u00e7ler, sava\u015f meydanlar\u0131nda oldu\u011fu kadar m\u00fczakere masalar\u0131nda da kaderlerini belirlediler. B\u00fcy\u00fck G\u00fc\u00e7 Diplomasisi, Attila\u2019dan Kissinger\u2019a uzanan iki bin y\u0131ll\u0131k bir zaman diliminde, devletlerin varolu\u015f m\u00fccadelesinde diplomasinin oynad\u0131\u011f\u0131 belirleyici rol\u00fc yeniden hat\u0131rlat\u0131yor. A. Wess Mitchell, diplomasiye yaln\u0131zca \u201cbar\u0131\u015f sanat\u0131\u201d olarak de\u011fil, devlet akl\u0131n\u0131n en stratejik arac\u0131 olarak yakla\u015f\u0131r. Bizans\u2019tan Venedik\u2019e, Fransa\u2019dan Avusturya\u2019ya, Prusya\u2019dan Amerika\u2019ya kadar uzanan \u00f6rneklerle diplomas\u0131 tarihinin unutulmu\u015f kahramanlar\u0131n\u0131, sava\u015flar\u0131n g\u00f6r\u00fcnmez mimarlar\u0131n\u0131 g\u00fcn y\u00fcz\u00fcne \u00e7\u0131kar\u0131r. Bu kitap, Richelieu\u2019n\u00fcn \u201ckonu\u015fma sanat\u0131\u201dndan Kissinger\u2019\u0131n \u201crealpolitik\u201dine kadar uzanan diplomatik ustal\u0131\u011f\u0131n izini s\u00fcrerken, bar\u0131\u015f\u0131n ve g\u00fcc\u00fcn dilini yeniden ke\u015ffetmemiz gerekti\u011fini vurgular. Mitchell\u2019e g\u00f6re modern d\u00fcnya, diplomasi yi askeri g\u00fc\u00e7 ve hukuki kurumlar\u0131n g\u00f6lgesinde b\u0131rakarak tehlikeli bir yan\u0131lg\u0131ya kap\u0131lm\u0131\u015ft\u0131r. Oysa tarihin her d\u00f6neminde en b\u00fcy\u00fck zaferler, \u00e7o\u011fu kez kalemin k\u0131l\u0131c\u0131 yendi\u011fi anlarda kazan\u0131lm\u0131\u015ft\u0131r. Bug\u00fcn\u00fcn h\u0131zla de\u011fi\u015fen jeopoliti\u011finde, diplomasinin bu klasik ama unutulmu\u015f i\u015flevini yeniden hat\u0131rlamak, art\u0131k bir se\u00e7enek de\u011fil, bir zorunluluktur. <\/p>\n","protected":false},"excerpt":{"rendered":"<p>G\u00fc\u00e7, sadece ordularla de\u011fil; kelimelerle de y\u00f6netilir. Tarih boyunca b\u00fcy\u00fck g\u00fc\u00e7ler, sava\u015f meydanlar\u0131nda oldu\u011fu kadar m\u00fczakere masalar\u0131nda da kaderlerini belirlediler. B\u00fcy\u00fck G\u00fc\u00e7 Diplomasisi, Attila\u2019dan Kissinger\u2019a uzanan<span class=\"excerpt-hellip\"> [\u2026]<\/span><\/p>\n","protected":false},"featured_media":0,"template":"","meta":{"_monsterinsights_skip_tracking":false,"_monsterinsights_sitenote_active":false,"_monsterinsights_sitenote_note":"","_monsterinsights_sitenote_category":0},"product_brand":[],"product_cat":[12337,14706],"product_tag":[],"class_list":{"0":"post-784906","1":"product","2":"type-product","3":"status-publish","5":"product_cat-politika-siyaset","6":"product_cat-siyaset-bilimi","7":"pa_cilt-ciltsiz","8":"pa_tur-kitap","9":"pa_yayinevi-kadim-yayinlari","10":"pa_yazar-a-wess-mitchhell","12":"first","13":"instock","14":"sale","15":"shipping-taxable","16":"purchasable","17":"product-type-simple"},"_links":{"self":[{"href":"https:\/\/roveyayinevi.com.tr\/index.php\/wp-json\/wp\/v2\/product\/784906","targetHints":{"allow":["GET"]}}],"collection":[{"href":"https:\/\/roveyayinevi.com.tr\/index.php\/wp-json\/wp\/v2\/product"}],"about":[{"href":"https:\/\/roveyayinevi.com.tr\/index.php\/wp-json\/wp\/v2\/types\/product"}],"wp:attachment":[{"href":"https:\/\/roveyayinevi.com.tr\/index.php\/wp-json\/wp\/v2\/media?parent=784906"}],"wp:term":[{"taxonomy":"product_brand","embeddable":true,"href":"https:\/\/roveyayinevi.com.tr\/index.php\/wp-json\/wp\/v2\/product_brand?post=784906"},{"taxonomy":"product_cat","embeddable":true,"href":"https:\/\/roveyayinevi.com.tr\/index.php\/wp-json\/wp\/v2\/product_cat?post=784906"},{"taxonomy":"product_tag","embeddable":true,"href":"https:\/\/roveyayinevi.com.tr\/index.php\/wp-json\/wp\/v2\/product_tag?post=784906"}],"curies":[{"name":"wp","href":"https:\/\/api.w.org\/{rel}","templated":true}]}}