{"id":784904,"date":"2026-03-15T03:24:37","date_gmt":"2026-03-15T00:24:37","guid":{"rendered":"https:\/\/roveyayinevi.com.tr\/index.php\/urun\/emperyalizm-ve-gelismekte-olan-dunya\/"},"modified":"2026-04-15T03:41:44","modified_gmt":"2026-04-15T00:41:44","slug":"emperyalizm-ve-gelismekte-olan-dunya","status":"publish","type":"product","link":"https:\/\/roveyayinevi.com.tr\/index.php\/urun\/emperyalizm-ve-gelismekte-olan-dunya\/","title":{"rendered":"Emperyalizm ve Geli\u015fmekte Olan D\u00fcnya"},"content":{"rendered":"<p>Bat\u0131 emperyalizmi geli\u015fmekte olan du\u0308nyay\u0131 nas\u0131l \u015fekillendirdi? Emperyalizm ve Geli\u015fmekte Olan Du\u0308nya adl\u0131 kitab\u0131nda Atul Kohli, \u0130ngiliz Do\u011fu Hindistan \u015eirketi d\u00f6neminden ABD&#8217;nin Irak&#8217;taki son sava\u015f\u0131na kadar \u0130ngiliz ve Amerikan etkisini Asya, Afrika, Orta Do\u011fu ve Latin Amerika u\u0308zerinde analiz ederek bu soruyu ele al\u0131yor. Kohli, hem \u0130ngiltere&#8217;nin hem de ABD&#8217;nin ulusal ekonomik refah\u0131n\u0131 art\u0131rmak i\u00e7in geni\u015fledi\u011fini savunuyor ve Anglo-Amerikan yay\u0131lmac\u0131l\u0131\u011f\u0131n\u0131n du\u0308nyan\u0131n yoksul b\u00f6lgelerindeki ekonomik kalk\u0131nmaya nas\u0131l zarar verdi\u011fini g\u00f6steriyor. Kohli, modern emperyalizmin nedenlerini ve sonu\u00e7lar\u0131n\u0131 a\u00e7\u0131kl\u0131\u011fa kavu\u015fturmak i\u00e7in, \u00f6ncelikle iki tu\u0308r imparatorluk oldu\u011funu belirtir ve her ikisinin dinamiklerini analiz eder. Emperyalizm, 19. yu\u0308zy\u0131ldaki Britanya gibi resmi, s\u00f6mu\u0308rgeci bir imparatorlu\u011fu veya 20. yu\u0308zy\u0131ldaki ABD gibi \u00f6nemli bir etkiye sahip ancak toprak kontrolu\u0308 olmayan gayri resmi bir imparatorlu\u011fu ifade edebilir. Kohli, her ikisinin de farkl\u0131 derecelerde olmakla birlikte, ku\u0308resel \u00e7evredeki istikrarl\u0131 ekonomik ilerleme beklentilerini defalarca baltalad\u0131\u011f\u0131n\u0131 savunmaktad\u0131r. \u0130ngiltere ve ABD, kendi ulusal ekonomik refahlar\u0131n\u0131 sa\u011flamak i\u00e7in defalarcadu\u0308nyan\u0131n \u00e7evre b\u00f6lgelerine yay\u0131lmaya \u00e7al\u0131\u015ft\u0131. Di\u011fer devletlerin, \u00f6zellikle de \u00e7evredeki yoksul ve zay\u0131f devletlerin egemenli\u011fini k\u0131s\u0131tlamak, emperyalizmin ana y\u00f6ntemiydi. \u0130ngiliz ve Amerikan imparatorluklar\u0131 i\u00e7in bu taktik, \u00e7evre ekonomilerin Anglo-Amerikan ekonomik \u00e7\u0131karlar\u0131na a\u00e7\u0131k ve eri\u015filebilir kalmas\u0131n\u0131 sa\u011flad\u0131. Ancak egemenli\u011fin kayb\u0131; Asya, Orta Do\u011fu, Afrika ve Latin Amerika&#8217;da ya\u015fayan insanlar\u0131n ya\u015fam \u015fanslar\u0131n\u0131 bu\u0308yu\u0308k \u00f6l\u00e7u\u0308de azaltt\u0131. Kohli&#8217;nin a\u00e7\u0131k\u00e7a ortaya koydu\u011fu gibi egemenlik ekonomik bir varl\u0131kt\u0131r; refah ve kapsay\u0131c\u0131 sanayi toplumlar\u0131n\u0131 besleyebilecek devletlerin ortaya \u00e7\u0131kmas\u0131 i\u00e7in bir \u00f6n ko\u015fuldur. \u0130lk kez Oxford University Press taraf\u0131ndan yay\u0131mlanan bu eser, yaln\u0131zca tarihsel bir analiz de\u011fil; ayn\u0131 zamanda \u00e7a\u011fda\u015f ku\u0308resel e\u015fitsizlikleri anlamak isteyenler i\u00e7in de gu\u0308\u00e7lu\u0308 bir rehber. #emperyalizm #\u0130ngiltere #ABD<\/p>\n","protected":false},"excerpt":{"rendered":"<p>Bat\u0131 emperyalizmi geli\u015fmekte olan du\u0308nyay\u0131 nas\u0131l \u015fekillendirdi? Emperyalizm ve Geli\u015fmekte Olan Du\u0308nya adl\u0131 kitab\u0131nda Atul Kohli, \u0130ngiliz Do\u011fu Hindistan \u015eirketi d\u00f6neminden ABD&#8217;nin Irak&#8217;taki son sava\u015f\u0131na kadar<span class=\"excerpt-hellip\"> [\u2026]<\/span><\/p>\n","protected":false},"featured_media":0,"template":"","meta":{"_monsterinsights_skip_tracking":false,"_monsterinsights_sitenote_active":false,"_monsterinsights_sitenote_note":"","_monsterinsights_sitenote_category":0},"product_brand":[],"product_cat":[12337,14706],"product_tag":[],"class_list":{"0":"post-784904","1":"product","2":"type-product","3":"status-publish","5":"product_cat-politika-siyaset","6":"product_cat-siyaset-bilimi","7":"pa_cilt-ciltsiz","8":"pa_tur-kitap","9":"pa_yayinevi-kadim-yayinlari","10":"pa_yazar-atul-kohli","12":"first","13":"instock","14":"sale","15":"shipping-taxable","16":"purchasable","17":"product-type-simple"},"_links":{"self":[{"href":"https:\/\/roveyayinevi.com.tr\/index.php\/wp-json\/wp\/v2\/product\/784904","targetHints":{"allow":["GET"]}}],"collection":[{"href":"https:\/\/roveyayinevi.com.tr\/index.php\/wp-json\/wp\/v2\/product"}],"about":[{"href":"https:\/\/roveyayinevi.com.tr\/index.php\/wp-json\/wp\/v2\/types\/product"}],"wp:attachment":[{"href":"https:\/\/roveyayinevi.com.tr\/index.php\/wp-json\/wp\/v2\/media?parent=784904"}],"wp:term":[{"taxonomy":"product_brand","embeddable":true,"href":"https:\/\/roveyayinevi.com.tr\/index.php\/wp-json\/wp\/v2\/product_brand?post=784904"},{"taxonomy":"product_cat","embeddable":true,"href":"https:\/\/roveyayinevi.com.tr\/index.php\/wp-json\/wp\/v2\/product_cat?post=784904"},{"taxonomy":"product_tag","embeddable":true,"href":"https:\/\/roveyayinevi.com.tr\/index.php\/wp-json\/wp\/v2\/product_tag?post=784904"}],"curies":[{"name":"wp","href":"https:\/\/api.w.org\/{rel}","templated":true}]}}