{"id":784903,"date":"2026-03-15T03:23:31","date_gmt":"2026-03-15T00:23:31","guid":{"rendered":"https:\/\/roveyayinevi.com.tr\/index.php\/urun\/darbe-direnisi\/"},"modified":"2026-04-15T03:39:46","modified_gmt":"2026-04-15T00:39:46","slug":"darbe-direnisi","status":"publish","type":"product","link":"https:\/\/roveyayinevi.com.tr\/index.php\/urun\/darbe-direnisi\/","title":{"rendered":"Darbe Direni\u015fi"},"content":{"rendered":"<p>Bir asker\u00ee darbe ger\u00e7ekle\u015fti\u011finde, s\u0131radan insanlar ne yapar? \u00c7o\u011fu sessizli\u011fe bu\u0308ru\u0308nu\u0308rken, baz\u0131lar\u0131 hayat\u0131n\u0131 riske atarak sokaklara d\u00f6ku\u0308lu\u0308r. Peki, sade vatanda\u015flar\u0131 harekete ge\u00e7iren nedir? Liderlik mi, siyasal ku\u0308ltu\u0308r mu\u0308, yoksa kaybedecek \u00e7ok \u015feyleri olmas\u0131 m\u0131? Darbe Direni\u015fi: \u0130nsanlar Asker\u00ee Darbelere Neden Direnir? Farkl\u0131 d\u00f6nemlerde ve co\u011frafyalarda ger\u00e7ekle\u015fen be\u015f asker\u00ee darbe giri\u015fimini oda\u011f\u0131na alarak bu sorulara yan\u0131t ar\u0131yor. Fransa&#8217;dan Venezuela&#8217;ya, Sovyetler Birli\u011finden Tu\u0308rkiye&#8217; ye ve Myanmar&#8217;a uzanan bu \u00e7arp\u0131c\u0131 inceleme; darbelere sivil direnisin dinamiklerini mercek alt\u0131na al\u0131yor. \u0130ddialar\u0131n\u0131n sa\u011flamas\u0131n\u0131 ise bu kez \u0130ran\u2019dan Tayland\u2019a, Pakistan\u2019dan Haiti\u2019ye kadar direni\u015fin ger\u00e7ekle\u015fmedi\u011fi alt\u0131 ek vaka u\u0308zerinden yap\u0131yor. Bu kitap, sivil-asker ili\u015fkileri literatu\u0308ru\u0308nde uzun su\u0308redir g\u00f6z ard\u0131 edilen bir bo\u015flu\u011fu dolduruyor. Sadece darbelerin nas\u0131l yap\u0131ld\u0131\u011f\u0131n\u0131 de\u011fil, ayn\u0131 zamanda neden her zaman ba\u015far\u0131l\u0131 olmad\u0131\u011f\u0131n\u0131 da anlat\u0131yor. Sivil direni\u015f ne zaman mu\u0308mku\u0308n? Kitleleri aya\u011fa kald\u0131ran \u015fey nedir? Demokrasiye sahip \u00e7\u0131kmak, ne zaman ve neden bir refleks h\u00e2line gelir? Elinizdeki kitap, tanklar\u0131n kar\u015f\u0131s\u0131na dikilen insanlar ve onlar\u0131 harekete ge\u00e7iren kuvvetleri anlamak isteyen herkes i\u00e7in bir ba\u015fvuru kayna\u011f\u0131. Cesaretin, stratejinin ve umudun hik\u00e2yesi burada ba\u015fl\u0131yor. #askeridarbe #direni\u015f #liderlik<\/p>\n","protected":false},"excerpt":{"rendered":"<p>Bir asker\u00ee darbe ger\u00e7ekle\u015fti\u011finde, s\u0131radan insanlar ne yapar? \u00c7o\u011fu sessizli\u011fe bu\u0308ru\u0308nu\u0308rken, baz\u0131lar\u0131 hayat\u0131n\u0131 riske atarak sokaklara d\u00f6ku\u0308lu\u0308r. Peki, sade vatanda\u015flar\u0131 harekete ge\u00e7iren nedir? Liderlik mi, siyasal<span class=\"excerpt-hellip\"> [\u2026]<\/span><\/p>\n","protected":false},"featured_media":0,"template":"","meta":{"_monsterinsights_skip_tracking":false,"_monsterinsights_sitenote_active":false,"_monsterinsights_sitenote_note":"","_monsterinsights_sitenote_category":0},"product_brand":[],"product_cat":[13590,12337],"product_tag":[],"class_list":{"0":"post-784903","1":"product","2":"type-product","3":"status-publish","5":"product_cat-arastirma-inceleme-politika-siyaset","6":"product_cat-politika-siyaset","7":"pa_cilt-ciltsiz","8":"pa_tur-kitap","9":"pa_yayinevi-kadim-yayinlari","10":"pa_yazar-mehmet-ozkan","12":"first","13":"instock","14":"sale","15":"shipping-taxable","16":"purchasable","17":"product-type-simple"},"_links":{"self":[{"href":"https:\/\/roveyayinevi.com.tr\/index.php\/wp-json\/wp\/v2\/product\/784903","targetHints":{"allow":["GET"]}}],"collection":[{"href":"https:\/\/roveyayinevi.com.tr\/index.php\/wp-json\/wp\/v2\/product"}],"about":[{"href":"https:\/\/roveyayinevi.com.tr\/index.php\/wp-json\/wp\/v2\/types\/product"}],"wp:attachment":[{"href":"https:\/\/roveyayinevi.com.tr\/index.php\/wp-json\/wp\/v2\/media?parent=784903"}],"wp:term":[{"taxonomy":"product_brand","embeddable":true,"href":"https:\/\/roveyayinevi.com.tr\/index.php\/wp-json\/wp\/v2\/product_brand?post=784903"},{"taxonomy":"product_cat","embeddable":true,"href":"https:\/\/roveyayinevi.com.tr\/index.php\/wp-json\/wp\/v2\/product_cat?post=784903"},{"taxonomy":"product_tag","embeddable":true,"href":"https:\/\/roveyayinevi.com.tr\/index.php\/wp-json\/wp\/v2\/product_tag?post=784903"}],"curies":[{"name":"wp","href":"https:\/\/api.w.org\/{rel}","templated":true}]}}