{"id":784902,"date":"2026-03-15T03:23:29","date_gmt":"2026-03-15T00:23:29","guid":{"rendered":"https:\/\/roveyayinevi.com.tr\/index.php\/urun\/orgutten-darbeye-feto-ve-15-temmuz\/"},"modified":"2026-04-15T03:39:46","modified_gmt":"2026-04-15T00:39:46","slug":"orgutten-darbeye-feto-ve-15-temmuz","status":"publish","type":"product","link":"https:\/\/roveyayinevi.com.tr\/index.php\/urun\/orgutten-darbeye-feto-ve-15-temmuz\/","title":{"rendered":"\u00d6rg\u00fctten Darbeye  Fet\u00f6 ve 15 Temmuz"},"content":{"rendered":"<p>Bu eser, 15 Temmuz 2016 gecesi milletimizin iradesine kasteden hain darbe giri\u015fiminin arka plan\u0131n\u0131 derinlemesine inceliyor. Alan\u0131nda yetkin yazarlar\u0131n katk\u0131lar\u0131yla haz\u0131rlanan kitap; FET\u00d6 yap\u0131lanmas\u0131n\u0131n on y\u0131llar boyunca devlet kurumlar\u0131na nas\u0131l s\u0131zd\u0131\u011f\u0131n\u0131, psikolojik ve sosyolojik olarak nas\u0131l bir d\u00f6n\u00fc\u015f\u00fcm ge\u00e7irdi\u011fini, ger\u00e7ekte neye evirildi\u011fini ve 15 Temmuz gecesinin siyasi tarihimizde neden bir d\u00f6n\u00fcm noktas\u0131 oldu\u011funu analitik bir yakla\u015f\u0131mla ortaya koyuyor. Millet\u00e7e sergilenen direni\u015fin anlam\u0131n\u0131 ve o gece ya\u015fananlar\u0131 t\u00fcm boyutlar\u0131yla kavramak isteyenler i\u00e7in vazge\u00e7ilmez bir ba\u015fvuru kayna\u011f\u0131.<\/p>\n","protected":false},"excerpt":{"rendered":"<p>Bu eser, 15 Temmuz 2016 gecesi milletimizin iradesine kasteden hain darbe giri\u015fiminin arka plan\u0131n\u0131 derinlemesine inceliyor. Alan\u0131nda yetkin yazarlar\u0131n katk\u0131lar\u0131yla haz\u0131rlanan kitap; FET\u00d6 yap\u0131lanmas\u0131n\u0131n on y\u0131llar<span class=\"excerpt-hellip\"> [\u2026]<\/span><\/p>\n","protected":false},"featured_media":0,"template":"","meta":{"_monsterinsights_skip_tracking":false,"_monsterinsights_sitenote_active":false,"_monsterinsights_sitenote_note":"","_monsterinsights_sitenote_category":0},"product_brand":[],"product_cat":[12337,14543],"product_tag":[],"class_list":{"0":"post-784902","1":"product","2":"type-product","3":"status-publish","5":"product_cat-politika-siyaset","6":"product_cat-turkiye-siyaseti-ve-politikasi","7":"pa_cilt-ciltsiz","8":"pa_tur-kitap","9":"pa_yayinevi-kadim-yayinlari","10":"pa_yazar-kolektif","12":"first","13":"instock","14":"sale","15":"shipping-taxable","16":"purchasable","17":"product-type-simple"},"_links":{"self":[{"href":"https:\/\/roveyayinevi.com.tr\/index.php\/wp-json\/wp\/v2\/product\/784902","targetHints":{"allow":["GET"]}}],"collection":[{"href":"https:\/\/roveyayinevi.com.tr\/index.php\/wp-json\/wp\/v2\/product"}],"about":[{"href":"https:\/\/roveyayinevi.com.tr\/index.php\/wp-json\/wp\/v2\/types\/product"}],"wp:attachment":[{"href":"https:\/\/roveyayinevi.com.tr\/index.php\/wp-json\/wp\/v2\/media?parent=784902"}],"wp:term":[{"taxonomy":"product_brand","embeddable":true,"href":"https:\/\/roveyayinevi.com.tr\/index.php\/wp-json\/wp\/v2\/product_brand?post=784902"},{"taxonomy":"product_cat","embeddable":true,"href":"https:\/\/roveyayinevi.com.tr\/index.php\/wp-json\/wp\/v2\/product_cat?post=784902"},{"taxonomy":"product_tag","embeddable":true,"href":"https:\/\/roveyayinevi.com.tr\/index.php\/wp-json\/wp\/v2\/product_tag?post=784902"}],"curies":[{"name":"wp","href":"https:\/\/api.w.org\/{rel}","templated":true}]}}