{"id":784900,"date":"2026-03-15T03:23:16","date_gmt":"2026-03-15T00:23:16","guid":{"rendered":"https:\/\/roveyayinevi.com.tr\/index.php\/urun\/goc-kent-ve-sosyal-uyum\/"},"modified":"2026-04-15T03:39:20","modified_gmt":"2026-04-15T00:39:20","slug":"goc-kent-ve-sosyal-uyum","status":"publish","type":"product","link":"https:\/\/roveyayinevi.com.tr\/index.php\/urun\/goc-kent-ve-sosyal-uyum\/","title":{"rendered":"G\u00f6\u00e7, Kent Ve Sosyal Uyum"},"content":{"rendered":"<p>G\u00f6\u00e7 \u00e7a\u011f\u0131nday\u0131z. Milyonlarca insan, daha g\u00fcvenli bir ya\u015fam aray\u0131\u015f\u0131yla s\u0131n\u0131rlar\u0131 a\u015f\u0131yor. Peki, g\u00f6\u00e7 eden bireylerin ve ev sahibi toplumlar\u0131n bu b\u00fcy\u00fck d\u00f6n\u00fc\u015f\u00fcmden birlikte g\u00fc\u00e7lenerek \u00e7\u0131kmalar\u0131 m\u00fcmk\u00fcn m\u00fc? Bu kitap, T\u00fcrkiye ve Almanya\u2019daki belediyeler \u00fczerinden g\u00f6\u00e7menlerin sosyal uyum s\u00fcre\u00e7lerine odaklanan \u00e7ok d\u00fczeyli y\u00f6neti\u015fim modelini masaya yat\u0131r\u0131yor. Dil e\u011fitiminden istihdama, konuttan sa\u011fl\u0131\u011fa, k\u00fclt\u00fcrel etkile\u015fimden g\u00f6n\u00fcll\u00fc geri d\u00f6n\u00fc\u015f politikalar\u0131na kadar belediyelerin sahadaki uygulamalar\u0131 bu sayfalarda hayat buluyor. Yerel y\u00f6netimlerin sadece altyap\u0131 de\u011fil, ayn\u0131 zamanda toplumsal uyumun da anahtar akt\u00f6rleri oldu\u011funu g\u00f6steren bu \u00e7al\u0131\u015fma; akademisyenlere, politika yap\u0131c\u0131lara ve uygulay\u0131c\u0131lara kapsaml\u0131 bir perspektif sunuyor. G\u00f6\u00e7menlerin uyum yolculu\u011funa e\u015flik eden belediyelerden \u00f6\u011frenmek, yeni yollar aramak isteyen herkes i\u00e7in&#8230; <\/p>\n","protected":false},"excerpt":{"rendered":"<p>G\u00f6\u00e7 \u00e7a\u011f\u0131nday\u0131z. Milyonlarca insan, daha g\u00fcvenli bir ya\u015fam aray\u0131\u015f\u0131yla s\u0131n\u0131rlar\u0131 a\u015f\u0131yor. Peki, g\u00f6\u00e7 eden bireylerin ve ev sahibi toplumlar\u0131n bu b\u00fcy\u00fck d\u00f6n\u00fc\u015f\u00fcmden birlikte g\u00fc\u00e7lenerek \u00e7\u0131kmalar\u0131 m\u00fcmk\u00fcn<span class=\"excerpt-hellip\"> [\u2026]<\/span><\/p>\n","protected":false},"featured_media":0,"template":"","meta":{"_monsterinsights_skip_tracking":false,"_monsterinsights_sitenote_active":false,"_monsterinsights_sitenote_note":"","_monsterinsights_sitenote_category":0},"product_brand":[],"product_cat":[12324],"product_tag":[],"class_list":{"0":"post-784900","1":"product","2":"type-product","3":"status-publish","5":"product_cat-sosyoloji","6":"pa_cilt-ciltsiz","7":"pa_tur-kitap","8":"pa_yayinevi-kadim-yayinlari","9":"pa_yazar-aybike-acikel","11":"first","12":"instock","13":"sale","14":"shipping-taxable","15":"purchasable","16":"product-type-simple"},"_links":{"self":[{"href":"https:\/\/roveyayinevi.com.tr\/index.php\/wp-json\/wp\/v2\/product\/784900","targetHints":{"allow":["GET"]}}],"collection":[{"href":"https:\/\/roveyayinevi.com.tr\/index.php\/wp-json\/wp\/v2\/product"}],"about":[{"href":"https:\/\/roveyayinevi.com.tr\/index.php\/wp-json\/wp\/v2\/types\/product"}],"wp:attachment":[{"href":"https:\/\/roveyayinevi.com.tr\/index.php\/wp-json\/wp\/v2\/media?parent=784900"}],"wp:term":[{"taxonomy":"product_brand","embeddable":true,"href":"https:\/\/roveyayinevi.com.tr\/index.php\/wp-json\/wp\/v2\/product_brand?post=784900"},{"taxonomy":"product_cat","embeddable":true,"href":"https:\/\/roveyayinevi.com.tr\/index.php\/wp-json\/wp\/v2\/product_cat?post=784900"},{"taxonomy":"product_tag","embeddable":true,"href":"https:\/\/roveyayinevi.com.tr\/index.php\/wp-json\/wp\/v2\/product_tag?post=784900"}],"curies":[{"name":"wp","href":"https:\/\/api.w.org\/{rel}","templated":true}]}}