{"id":784898,"date":"2026-03-15T03:21:27","date_gmt":"2026-03-15T00:21:27","guid":{"rendered":"https:\/\/roveyayinevi.com.tr\/index.php\/urun\/bati-disi-dunya\/"},"modified":"2026-04-15T03:37:44","modified_gmt":"2026-04-15T00:37:44","slug":"bati-disi-dunya","status":"publish","type":"product","link":"https:\/\/roveyayinevi.com.tr\/index.php\/urun\/bati-disi-dunya\/","title":{"rendered":"Bat\u0131 D\u0131\u015f\u0131 D\u00fcnya"},"content":{"rendered":"<p>Uluslararas\u0131 siyaseti anlamak i\u00e7in yeni bir anahtara haz\u0131r m\u0131s\u0131n\u0131z? Modern d\u00fcnyada d\u0131\u015f politika, sadece ekonomik g\u00f6stergelerle ya da askeri kapasitelerle a\u00e7\u0131klanamaz. Din, k\u00fclt\u00fcr ve tarihsel miras, uluslararas\u0131 ili\u015fkilerin en g\u00f6r\u00fcnmeyen ama en g\u00fc\u00e7l\u00fc dinamikleri aras\u0131nda yer al\u0131r. Bu kitap, Hindistan, T\u00fcrkiye ve G\u00fcney Afrika \u00f6rneklerinden yola \u00e7\u0131karak, Bat\u0131l\u0131 olmayan devletlerin d\u0131\u015f politika zihniyetlerini derinlemesine inceliyor ve onlar\u0131n d\u00fcnya d\u00fczenindeki yerini yeniden tan\u0131ml\u0131yor. Bat\u0131 D\u0131\u015f\u0131 D\u00fcnya sadece geleneksel analizlerin s\u0131n\u0131rlar\u0131n\u0131 zorlamakla kalm\u0131yor, ayn\u0131 zamanda y\u00fckselen g\u00fc\u00e7lerin benlik alg\u0131lar\u0131, stratejik tasavvurlar\u0131 ve k\u00fclt\u00fcrel d\u00fcnya g\u00f6r\u00fc\u015flerine \u0131\u015f\u0131k tutuyor. Zizek\u2019in deyimiyle \u201cg\u00f6rebilmek inanmay\u0131 gerektirir\u201d \u2014 bu eser, sizi uluslararas\u0131 siyaseti yeniden g\u00f6rmeye, yeniden inanmaya davet ediyor. Geleneksel teorilere meydan okuyan; din\u00ee ve k\u00fclt\u00fcrel \u00f6geleri merkeze alarak d\u0131\u015f politika analizine yepyeni bir perspektif kazand\u0131ran bu eser hem akademik d\u00fcnyaya hem de politika yap\u0131c\u0131lara bir \u00e7a\u011fr\u0131 niteli\u011finde: D\u00fcnyay\u0131 kimin y\u00f6netti\u011fi de\u011fil, kimin fikirlerinin y\u00f6n verdi\u011fi \u00f6nemlidir.<\/p>\n","protected":false},"excerpt":{"rendered":"<p>Uluslararas\u0131 siyaseti anlamak i\u00e7in yeni bir anahtara haz\u0131r m\u0131s\u0131n\u0131z? Modern d\u00fcnyada d\u0131\u015f politika, sadece ekonomik g\u00f6stergelerle ya da askeri kapasitelerle a\u00e7\u0131klanamaz. Din, k\u00fclt\u00fcr ve tarihsel miras,<span class=\"excerpt-hellip\"> [\u2026]<\/span><\/p>\n","protected":false},"featured_media":0,"template":"","meta":{"_monsterinsights_skip_tracking":false,"_monsterinsights_sitenote_active":false,"_monsterinsights_sitenote_note":"","_monsterinsights_sitenote_category":0},"product_brand":[],"product_cat":[13590,12337],"product_tag":[],"class_list":{"0":"post-784898","1":"product","2":"type-product","3":"status-publish","5":"product_cat-arastirma-inceleme-politika-siyaset","6":"product_cat-politika-siyaset","7":"pa_cilt-ciltsiz","8":"pa_tur-kitap","9":"pa_yayinevi-kadim-yayinlari","10":"pa_yazar-mehmet-ozkan","12":"first","13":"instock","14":"sale","15":"shipping-taxable","16":"purchasable","17":"product-type-simple"},"_links":{"self":[{"href":"https:\/\/roveyayinevi.com.tr\/index.php\/wp-json\/wp\/v2\/product\/784898","targetHints":{"allow":["GET"]}}],"collection":[{"href":"https:\/\/roveyayinevi.com.tr\/index.php\/wp-json\/wp\/v2\/product"}],"about":[{"href":"https:\/\/roveyayinevi.com.tr\/index.php\/wp-json\/wp\/v2\/types\/product"}],"wp:attachment":[{"href":"https:\/\/roveyayinevi.com.tr\/index.php\/wp-json\/wp\/v2\/media?parent=784898"}],"wp:term":[{"taxonomy":"product_brand","embeddable":true,"href":"https:\/\/roveyayinevi.com.tr\/index.php\/wp-json\/wp\/v2\/product_brand?post=784898"},{"taxonomy":"product_cat","embeddable":true,"href":"https:\/\/roveyayinevi.com.tr\/index.php\/wp-json\/wp\/v2\/product_cat?post=784898"},{"taxonomy":"product_tag","embeddable":true,"href":"https:\/\/roveyayinevi.com.tr\/index.php\/wp-json\/wp\/v2\/product_tag?post=784898"}],"curies":[{"name":"wp","href":"https:\/\/api.w.org\/{rel}","templated":true}]}}