{"id":784896,"date":"2026-03-15T03:21:00","date_gmt":"2026-03-15T00:21:00","guid":{"rendered":"https:\/\/roveyayinevi.com.tr\/index.php\/urun\/sekuler-dunyada-tasavvuf\/"},"modified":"2026-04-15T03:37:36","modified_gmt":"2026-04-15T00:37:36","slug":"sekuler-dunyada-tasavvuf","status":"publish","type":"product","link":"https:\/\/roveyayinevi.com.tr\/index.php\/urun\/sekuler-dunyada-tasavvuf\/","title":{"rendered":"Sek\u00fcler D\u00fcnyada Tasavvuf"},"content":{"rendered":"<p>Bu kitap, modern \u00e7a\u011f\u0131n ruhsal bo\u015flu\u011funa tasavvufi bir cevap aray\u0131\u015f\u0131d\u0131r. Yazar, sek\u00fcler d\u00fcnyan\u0131n anlam krizine kar\u015f\u0131, tasavvufun kadim hikmetini \u00e7a\u011fda\u015f insan\u0131n varolu\u015fsal ihtiya\u00e7lar\u0131yla bulu\u015fturmaya \u00e7al\u0131\u015f\u0131yor. Yozla\u015fm\u0131\u015f tarikat alg\u0131s\u0131ndan s\u0131yr\u0131larak, tasavvufu bireysel bir i\u00e7 yolculuk, musibetlerle bar\u0131\u015fma sanat\u0131 ve ya\u015fam\u0131n t\u00fcm zorluklar\u0131na ra\u011fmen &#8220;hayat ya\u015fanmaya de\u011fer&#8221; diyebilme g\u00fcc\u00fc olarak yeniden yorumluyor. Kitapta hem derinlikli Kur\u2019an okumalar\u0131 hem teorik tart\u0131\u015fmalar hem de yazar\u0131n hayat\u0131na dokunan samimi an\u0131lar i\u00e7 i\u00e7e ge\u00e7iyor. Bu y\u00f6n\u00fcyle eser, yaln\u0131zca akademik bir metin de\u011fil; ayn\u0131 zamanda ya\u015fanm\u0131\u015fl\u0131\u011f\u0131n dam\u0131t\u0131ld\u0131\u011f\u0131, dost\u00e7a bir i\u00e7 konu\u015fma. Okur, bu sayfalarda Allah\u2019la sohbet etmeyi, hayat\u0131n\u0131 ilahi bir hik\u00e2ye gibi sevebilmeyi ve modern \u00e7a\u011f\u0131n kalabal\u0131k yaln\u0131zl\u0131\u011f\u0131nda irfanla var olabilmenin yollar\u0131n\u0131 ke\u015ffedecek. Bu kitap hen\u00fcz tamamlanmam\u0131\u015f bir aray\u0131\u015f\u0131n ilk ad\u0131m\u0131; 21. y\u00fczy\u0131l\u0131n Mesnevi\u2019sini yazmak isteyen ruh mimarlar\u0131na bir \u00e7a\u011fr\u0131d\u0131r. Tasavvufun yeniden tecdit edilmesi gerekti\u011fini d\u00fc\u015f\u00fcnenler i\u00e7in i\u00e7ten, sars\u0131c\u0131 ve ilham verici bir ba\u015flang\u0131\u00e7&#8230;<\/p>\n","protected":false},"excerpt":{"rendered":"<p>Bu kitap, modern \u00e7a\u011f\u0131n ruhsal bo\u015flu\u011funa tasavvufi bir cevap aray\u0131\u015f\u0131d\u0131r. Yazar, sek\u00fcler d\u00fcnyan\u0131n anlam krizine kar\u015f\u0131, tasavvufun kadim hikmetini \u00e7a\u011fda\u015f insan\u0131n varolu\u015fsal ihtiya\u00e7lar\u0131yla bulu\u015fturmaya \u00e7al\u0131\u015f\u0131yor. Yozla\u015fm\u0131\u015f<span class=\"excerpt-hellip\"> [\u2026]<\/span><\/p>\n","protected":false},"featured_media":0,"template":"","meta":{"_monsterinsights_skip_tracking":false,"_monsterinsights_sitenote_active":false,"_monsterinsights_sitenote_note":"","_monsterinsights_sitenote_category":0},"product_brand":[],"product_cat":[12718,12719,15238],"product_tag":[],"class_list":{"0":"post-784896","1":"product","2":"type-product","3":"status-publish","5":"product_cat-din","6":"product_cat-islam","7":"product_cat-tasavvuf","8":"pa_cilt-ciltsiz","9":"pa_tur-kitap","10":"pa_yayinevi-kadim-yayinlari","11":"pa_yazar-esat-arslan","13":"first","14":"instock","15":"sale","16":"shipping-taxable","17":"purchasable","18":"product-type-simple"},"_links":{"self":[{"href":"https:\/\/roveyayinevi.com.tr\/index.php\/wp-json\/wp\/v2\/product\/784896","targetHints":{"allow":["GET"]}}],"collection":[{"href":"https:\/\/roveyayinevi.com.tr\/index.php\/wp-json\/wp\/v2\/product"}],"about":[{"href":"https:\/\/roveyayinevi.com.tr\/index.php\/wp-json\/wp\/v2\/types\/product"}],"wp:attachment":[{"href":"https:\/\/roveyayinevi.com.tr\/index.php\/wp-json\/wp\/v2\/media?parent=784896"}],"wp:term":[{"taxonomy":"product_brand","embeddable":true,"href":"https:\/\/roveyayinevi.com.tr\/index.php\/wp-json\/wp\/v2\/product_brand?post=784896"},{"taxonomy":"product_cat","embeddable":true,"href":"https:\/\/roveyayinevi.com.tr\/index.php\/wp-json\/wp\/v2\/product_cat?post=784896"},{"taxonomy":"product_tag","embeddable":true,"href":"https:\/\/roveyayinevi.com.tr\/index.php\/wp-json\/wp\/v2\/product_tag?post=784896"}],"curies":[{"name":"wp","href":"https:\/\/api.w.org\/{rel}","templated":true}]}}