{"id":784895,"date":"2026-03-15T03:20:23","date_gmt":"2026-03-15T00:20:23","guid":{"rendered":"https:\/\/roveyayinevi.com.tr\/index.php\/urun\/kavramlar-ve-tasavvufi-izahlar-acisindan-aleviligin-el-kitabi\/"},"modified":"2026-04-15T03:36:38","modified_gmt":"2026-04-15T00:36:38","slug":"kavramlar-ve-tasavvufi-izahlar-acisindan-aleviligin-el-kitabi","status":"publish","type":"product","link":"https:\/\/roveyayinevi.com.tr\/index.php\/urun\/kavramlar-ve-tasavvufi-izahlar-acisindan-aleviligin-el-kitabi\/","title":{"rendered":"Kavramlar ve Tasavvuf\u00ee  \u0130zahlar A\u00e7\u0131s\u0131ndan Alevili\u011fin El Kitab\u0131"},"content":{"rendered":"<p>Alevilik, tarih boyunca farkl\u0131 co\u011frafyalarda gelenek, k\u00fclt\u00fcr ve felsefi birikimiyle \u015fekillenmi\u015f, Anadolu\u2019dan Balkanlar\u2019a uzanan geni\u015f bir miras\u0131 i\u00e7inde bar\u0131nd\u0131ran k\u00f6kl\u00fc bir inan\u00e7t\u0131r. Ancak bu inan\u00e7 sistemi yaln\u0131zca tarih\u00ee bir olgu de\u011fil, ayn\u0131 zamanda ya\u015fayan, d\u00f6n\u00fc\u015fen ve kendini yeniden \u00fcreten manevi bir yolculuktur. Alevili\u011fin El Kitab\u0131, Alevili\u011fin inan\u00e7 d\u00fcnyas\u0131na dair temel kavramlar\u0131, rit\u00fcelleri ve tasavvuf\u00ee derinli\u011fini ele alan kapsaml\u0131 bir \u00e7al\u0131\u015fmad\u0131r. Alevilik ve Bekta\u015filik gelene\u011finin sembollerini, erk\u00e2nlar\u0131n\u0131 ve kavramlar\u0131n\u0131 akademik bir \u00e7er\u00e7evede irdeleyen bu eser, ayn\u0131 zamanda Alevi ve Bekta\u015fi \u00f6\u011fretisinin tasavvuf\u00ee boyutlar\u0131n\u0131 detayland\u0131rarak okura geni\u015f bir perspektif sunmaktad\u0131r. Bu kitap, sadece akademik \u00e7evreler i\u00e7in de\u011fil ayn\u0131 zamanda Alevili\u011fi anlamak isteyen herkes i\u00e7in bir ba\u015fvuru kayna\u011f\u0131 niteli\u011findedir. Hz. Ali, Ehl-i Beyt, On \u0130ki \u0130mam, ocak sistemi, cem ibadeti, semah ve g\u00fclbanglar gibi temel unsurlar\u0131n yan\u0131 s\u0131ra, Alevili\u011fin tarihsel s\u00fcre\u00e7 i\u00e7indeki d\u00f6n\u00fc\u015f\u00fcm\u00fcne de \u0131\u015f\u0131k tutmaktad\u0131r. Gelin canlar, bir olal\u0131m!<\/p>\n","protected":false},"excerpt":{"rendered":"<p>Alevilik, tarih boyunca farkl\u0131 co\u011frafyalarda gelenek, k\u00fclt\u00fcr ve felsefi birikimiyle \u015fekillenmi\u015f, Anadolu\u2019dan Balkanlar\u2019a uzanan geni\u015f bir miras\u0131 i\u00e7inde bar\u0131nd\u0131ran k\u00f6kl\u00fc bir inan\u00e7t\u0131r. Ancak bu inan\u00e7 sistemi<span class=\"excerpt-hellip\"> [\u2026]<\/span><\/p>\n","protected":false},"featured_media":0,"template":"","meta":{"_monsterinsights_skip_tracking":false,"_monsterinsights_sitenote_active":false,"_monsterinsights_sitenote_note":"","_monsterinsights_sitenote_category":0},"product_brand":[],"product_cat":[13575,12718,12719],"product_tag":[],"class_list":{"0":"post-784895","1":"product","2":"type-product","3":"status-publish","5":"product_cat-alevilik-bektasilik","6":"product_cat-din","7":"product_cat-islam","8":"pa_cilt-ciltsiz","9":"pa_tur-kitap","10":"pa_yayinevi-kadim-yayinlari","11":"pa_yazar-esref-dogan-hasan-celik","13":"first","14":"instock","15":"sale","16":"shipping-taxable","17":"purchasable","18":"product-type-simple"},"_links":{"self":[{"href":"https:\/\/roveyayinevi.com.tr\/index.php\/wp-json\/wp\/v2\/product\/784895","targetHints":{"allow":["GET"]}}],"collection":[{"href":"https:\/\/roveyayinevi.com.tr\/index.php\/wp-json\/wp\/v2\/product"}],"about":[{"href":"https:\/\/roveyayinevi.com.tr\/index.php\/wp-json\/wp\/v2\/types\/product"}],"wp:attachment":[{"href":"https:\/\/roveyayinevi.com.tr\/index.php\/wp-json\/wp\/v2\/media?parent=784895"}],"wp:term":[{"taxonomy":"product_brand","embeddable":true,"href":"https:\/\/roveyayinevi.com.tr\/index.php\/wp-json\/wp\/v2\/product_brand?post=784895"},{"taxonomy":"product_cat","embeddable":true,"href":"https:\/\/roveyayinevi.com.tr\/index.php\/wp-json\/wp\/v2\/product_cat?post=784895"},{"taxonomy":"product_tag","embeddable":true,"href":"https:\/\/roveyayinevi.com.tr\/index.php\/wp-json\/wp\/v2\/product_tag?post=784895"}],"curies":[{"name":"wp","href":"https:\/\/api.w.org\/{rel}","templated":true}]}}