{"id":784891,"date":"2026-03-15T03:16:27","date_gmt":"2026-03-15T00:16:27","guid":{"rendered":"https:\/\/roveyayinevi.com.tr\/index.php\/urun\/osmanli-devlet-geleneginde-denetim\/"},"modified":"2026-04-15T03:32:38","modified_gmt":"2026-04-15T00:32:38","slug":"osmanli-devlet-geleneginde-denetim","status":"publish","type":"product","link":"https:\/\/roveyayinevi.com.tr\/index.php\/urun\/osmanli-devlet-geleneginde-denetim\/","title":{"rendered":"Osmanl\u0131 Devlet Gelene\u011finde Denetim"},"content":{"rendered":"<p>Adalet duygusunu zinde tutan temel motivasyon, denetimdir. Adalet duygusunun yaralanmas\u0131 fertlerin su\u00e7 ve usuls\u00fczl\u00fck i\u015flemeyi kendilerine hak g\u00f6rmesi sonucunu do\u011furmakta, bu da toplumda ahlaki erozyonu, koku\u015fmu\u015flu\u011fu beraberinde getirmektedir. Denetim sistemi olmayan ya da denetim mekanizmas\u0131 yeterince ve usule uygun bi\u00e7imde \u00e7al\u0131\u015ft\u0131r\u0131lmayan toplumlarda adalete g\u00fcven h\u0131zla erimektedir. Bu ger\u00e7ekten hareketle Osmanl\u0131 Devleti, \u00f6zg\u00fcn bir hukuk sistemi ortaya koyarak adaletin tesisi gayesi etraf\u0131nda g\u00fc\u00e7l\u00fc bir y\u00f6netim ve yarg\u0131 te\u015fkilat\u0131 meydana getirmeye \u00e7abalam\u0131\u015ft\u0131r. \u0130n\u015fa etti\u011fi sistemin sa\u011fl\u0131kl\u0131 bi\u00e7imde \u00e7al\u0131\u015fmas\u0131n\u0131 sa\u011flamak maksad\u0131yla etkili kontrol mekanizmalar\u0131 kurgulam\u0131\u015ft\u0131r. Bilhassa halk\u0131n her t\u00fcrl\u00fc zulme kar\u015f\u0131 kendini g\u00fcvende hissedebilmesi i\u00e7in gerekti\u011finde y\u00f6neticilerin ve yarg\u0131 g\u00f6revinde bulunanlar\u0131n denetlenebilmesini sa\u011flayan kurumlar tasarlanm\u0131\u015f, d\u00fczenlemeler yap\u0131lm\u0131\u015ft\u0131r. \u00d6te yandan hem adil y\u00f6netim ve yarg\u0131lama hem de sa\u011fl\u0131kl\u0131 denetim i\u00e7in yarg\u0131 g\u00f6revini yerine getiren ki\u015filerin ba\u011f\u0131ms\u0131zl\u0131klar\u0131n\u0131 korumaya y\u00f6nelik tedbirler al\u0131nd\u0131\u011f\u0131 g\u00f6r\u00fclmektedir. Elimizdeki ar\u015fiv belgeleri ve tarihi kay\u0131tlar, Osmanl\u0131 Devleti\u2019nde adalet vurgusunun yarg\u0131 ba\u011f\u0131ms\u0131zl\u0131\u011f\u0131na tesiri hakk\u0131nda \u00f6nemli ipu\u00e7lar\u0131 sunmaktad\u0131r. Bu \u00e7al\u0131\u015fmada, Osmanl\u0131 devlet gelene\u011finde denetim d\u00fc\u015f\u00fcncesi, bunu tahkim etmeyi sa\u011flayan ve yarg\u0131 ba\u011f\u0131ms\u0131zl\u0131\u011f\u0131 etraf\u0131nda de\u011ferlendirilebilecek d\u00fczenlemeleri ve bunun uygulamadaki baz\u0131 \u00f6rneklerini sunulmu\u015ftur. Bu ama\u00e7la Osmanl\u0131 yarg\u0131 sisteminde kad\u0131lar\u0131n ve mahkeme kararlar\u0131n\u0131n incelenip de\u011ferlendirilmesi suretiyle adaleti sa\u011flamay\u0131 hedefleyen kurumlar\u0131n aras\u0131nda yer alan mehayif tefti\u015fine de hususen temas edilmektedir.<\/p>\n","protected":false},"excerpt":{"rendered":"<p>Adalet duygusunu zinde tutan temel motivasyon, denetimdir. Adalet duygusunun yaralanmas\u0131 fertlerin su\u00e7 ve usuls\u00fczl\u00fck i\u015flemeyi kendilerine hak g\u00f6rmesi sonucunu do\u011furmakta, bu da toplumda ahlaki erozyonu, koku\u015fmu\u015flu\u011fu<span class=\"excerpt-hellip\"> [\u2026]<\/span><\/p>\n","protected":false},"featured_media":0,"template":"","meta":{"_monsterinsights_skip_tracking":false,"_monsterinsights_sitenote_active":false,"_monsterinsights_sitenote_note":"","_monsterinsights_sitenote_category":0},"product_brand":[],"product_cat":[15350,17602],"product_tag":[],"class_list":{"0":"post-784891","1":"product","2":"type-product","3":"status-publish","5":"product_cat-hukuk","6":"product_cat-hukuk-uzerine","7":"pa_cilt-ciltsiz","8":"pa_tur-kitap","9":"pa_yayinevi-kadim-yayinlari","10":"pa_yazar-hasan-dogan","12":"first","13":"instock","14":"sale","15":"shipping-taxable","16":"purchasable","17":"product-type-simple"},"_links":{"self":[{"href":"https:\/\/roveyayinevi.com.tr\/index.php\/wp-json\/wp\/v2\/product\/784891","targetHints":{"allow":["GET"]}}],"collection":[{"href":"https:\/\/roveyayinevi.com.tr\/index.php\/wp-json\/wp\/v2\/product"}],"about":[{"href":"https:\/\/roveyayinevi.com.tr\/index.php\/wp-json\/wp\/v2\/types\/product"}],"wp:attachment":[{"href":"https:\/\/roveyayinevi.com.tr\/index.php\/wp-json\/wp\/v2\/media?parent=784891"}],"wp:term":[{"taxonomy":"product_brand","embeddable":true,"href":"https:\/\/roveyayinevi.com.tr\/index.php\/wp-json\/wp\/v2\/product_brand?post=784891"},{"taxonomy":"product_cat","embeddable":true,"href":"https:\/\/roveyayinevi.com.tr\/index.php\/wp-json\/wp\/v2\/product_cat?post=784891"},{"taxonomy":"product_tag","embeddable":true,"href":"https:\/\/roveyayinevi.com.tr\/index.php\/wp-json\/wp\/v2\/product_tag?post=784891"}],"curies":[{"name":"wp","href":"https:\/\/api.w.org\/{rel}","templated":true}]}}