{"id":784890,"date":"2026-03-15T03:16:21","date_gmt":"2026-03-15T00:16:21","guid":{"rendered":"https:\/\/roveyayinevi.com.tr\/index.php\/urun\/sosyal-bilimlerle-imtihanimiz\/"},"modified":"2026-04-15T03:32:19","modified_gmt":"2026-04-15T00:32:19","slug":"sosyal-bilimlerle-imtihanimiz","status":"publish","type":"product","link":"https:\/\/roveyayinevi.com.tr\/index.php\/urun\/sosyal-bilimlerle-imtihanimiz\/","title":{"rendered":"Sosyal Bilimlerle \u0130mtihan\u0131m\u0131z"},"content":{"rendered":"<p>T\u00fcrkiye\u2019de sosyal bilim yapman\u0131n \u00f6n\u00fcnde \u00f6ncelikle muhit ve bilimsel \u00e7al\u0131\u015fma ekosistemi bak\u0131m\u0131ndan yetersizlikler var. Teorik iddialar\u0131 ortaya koyma cesaretinin zay\u0131fl\u0131\u011f\u0131n\u0131, sosyal bilimcinin iktidar ve otorite ile ili\u015fkisinin onu asli sorumlulu\u011fundan uzakla\u015ft\u0131rd\u0131\u011f\u0131n\u0131 ve nihayet sosyal bilimlerin farkl\u0131 alanlar\u0131nda \u00e7al\u0131\u015fanlar\u0131n ortak ve disiplinleraras\u0131 \u00e7al\u0131\u015fmalara yatk\u0131n olmad\u0131klar\u0131n\u0131 biliyoruz. Kurumsal yap\u0131lanma ve d\u00fczenlemelerde bir yandan iktidarlar\u0131n belirleyici g\u00fcc\u00fc \u00f6te yandan da sosyal bilimcinin \u00f6zellikle g\u00fc\u00e7 kar\u015f\u0131s\u0131ndaki yakla\u015f\u0131m\u0131n\u0131n zay\u0131f olmas\u0131, sosyal bilimler alan\u0131n\u0131n yeterince geli\u015fememesinin ve dolay\u0131s\u0131yla topluma katk\u0131n\u0131n yetersiz kalmas\u0131n\u0131n temel sebepleri aras\u0131ndad\u0131r. Muhit, sosyal bilimcinin geli\u015fiminde ona rehberlik eder. Her muhitin, ekol ve okulun sosyal bilimciye katabilece\u011fi art\u0131lar ve eksiler vard\u0131r. Muhitin yap\u0131s\u0131, i\u015fleyi\u015fi, muhite h\u00e2kim olanlar\u0131n e\u011filimi, o muhit mensubu sosyal bilimcinin ufkunu ve zihnini a\u00e7arken zaman zaman da daraltabilir. Bu kitap, bir sosyal bilimcinin uzun y\u0131llara dayal\u0131 fikri takibi ile d\u00fc\u015f\u00fcncelerinin yans\u0131malar\u0131n\u0131 yaz\u0131ya d\u00f6kme \u00e7abas\u0131d\u0131r. Alan\u0131na odaklanarak zenginle\u015fmek isteyen ve sosyal bilimlerin di\u011fer alanlar\u0131nda \u00e7al\u0131\u015fanlarla ortakla\u015fa \u00e7al\u0131\u015fmalarla teorik katk\u0131 sunmay\u0131 d\u00fc\u015f\u00fcnen t\u00fcm sosyal bilimcileri bu ba\u011flamda d\u00fc\u015f\u00fcnmeye sevk edebilmek amac\u0131 ta\u015f\u0131maktad\u0131r. B\u00f6ylesi bir aray\u0131\u015f i\u00e7indeki sosyal bilimcileri bir muhit aray\u0131\u015f\u0131na itebildi\u011fi ya da bir muhit olu\u015fumuna \u00f6nc\u00fcl\u00fck etmeleri y\u00f6n\u00fcnde harekete ge\u00e7irebildi\u011fi \u00f6l\u00e7\u00fcde yazar kendini mutlu addedecektir. <\/p>\n","protected":false},"excerpt":{"rendered":"<p>T\u00fcrkiye\u2019de sosyal bilim yapman\u0131n \u00f6n\u00fcnde \u00f6ncelikle muhit ve bilimsel \u00e7al\u0131\u015fma ekosistemi bak\u0131m\u0131ndan yetersizlikler var. Teorik iddialar\u0131 ortaya koyma cesaretinin zay\u0131fl\u0131\u011f\u0131n\u0131, sosyal bilimcinin iktidar ve otorite ile<span class=\"excerpt-hellip\"> [\u2026]<\/span><\/p>\n","protected":false},"featured_media":0,"template":"","meta":{"_monsterinsights_skip_tracking":false,"_monsterinsights_sitenote_active":false,"_monsterinsights_sitenote_note":"","_monsterinsights_sitenote_category":0},"product_brand":[],"product_cat":[13072,12291],"product_tag":[],"class_list":{"0":"post-784890","1":"product","2":"type-product","3":"status-publish","5":"product_cat-arastirma-inceleme-referans","6":"product_cat-edebiyat","7":"pa_cilt-ciltsiz","8":"pa_tur-kitap","9":"pa_yayinevi-kadim-yayinlari","10":"pa_yazar-omer-torlak","12":"first","13":"instock","14":"sale","15":"shipping-taxable","16":"purchasable","17":"product-type-simple"},"_links":{"self":[{"href":"https:\/\/roveyayinevi.com.tr\/index.php\/wp-json\/wp\/v2\/product\/784890","targetHints":{"allow":["GET"]}}],"collection":[{"href":"https:\/\/roveyayinevi.com.tr\/index.php\/wp-json\/wp\/v2\/product"}],"about":[{"href":"https:\/\/roveyayinevi.com.tr\/index.php\/wp-json\/wp\/v2\/types\/product"}],"wp:attachment":[{"href":"https:\/\/roveyayinevi.com.tr\/index.php\/wp-json\/wp\/v2\/media?parent=784890"}],"wp:term":[{"taxonomy":"product_brand","embeddable":true,"href":"https:\/\/roveyayinevi.com.tr\/index.php\/wp-json\/wp\/v2\/product_brand?post=784890"},{"taxonomy":"product_cat","embeddable":true,"href":"https:\/\/roveyayinevi.com.tr\/index.php\/wp-json\/wp\/v2\/product_cat?post=784890"},{"taxonomy":"product_tag","embeddable":true,"href":"https:\/\/roveyayinevi.com.tr\/index.php\/wp-json\/wp\/v2\/product_tag?post=784890"}],"curies":[{"name":"wp","href":"https:\/\/api.w.org\/{rel}","templated":true}]}}