{"id":784889,"date":"2026-03-15T03:16:19","date_gmt":"2026-03-15T00:16:19","guid":{"rendered":"https:\/\/roveyayinevi.com.tr\/index.php\/urun\/dunya-siyasetinde-kriz-kaos-ve-duzen\/"},"modified":"2026-04-15T03:32:18","modified_gmt":"2026-04-15T00:32:18","slug":"dunya-siyasetinde-kriz-kaos-ve-duzen","status":"publish","type":"product","link":"https:\/\/roveyayinevi.com.tr\/index.php\/urun\/dunya-siyasetinde-kriz-kaos-ve-duzen\/","title":{"rendered":"D\u00fcnya Siyasetinde Kriz, Kaos ve D\u00fczen"},"content":{"rendered":"<p>D\u00fcnya siyaseti, son d\u00f6nemde tarihteki en h\u0131zl\u0131 ve en kapsaml\u0131 d\u00f6n\u00fc\u015f\u00fcm s\u00fcre\u00e7lerinden birini ya\u015f\u0131yor. So\u011fuk Sava\u015f y\u0131llar\u0131nda bloklar aras\u0131nda kar\u015f\u0131l\u0131kl\u0131 g\u00fc\u00e7 dengesine dayal\u0131 bir d\u00fczen kurulmu\u015ftu. Tek kutuplu d\u00fcnya sistemi ise ba\u015flang\u0131\u00e7ta beklenenin aksine d\u00fczen de\u011fil adeta kaos \u00fcretti. D\u00fcnyan\u0131n farkl\u0131 yerlerinde yeni \u00e7at\u0131\u015fma konular\u0131 ve alanlar\u0131 ortaya \u00e7\u0131kt\u0131. Son yirmi y\u0131ld\u0131r d\u00fcnya s\u00fcrekli yeni krizlerle ba\u015f etmek zorunda kal\u0131yor. \u0130nsanl\u0131\u011f\u0131n as\u0131l ihtiya\u00e7 duydu\u011fu ise adaletli bir d\u00fczen. T\u00fcrkiye d\u00fcnya genelinde ya\u015fanan pek \u00e7ok krizin etkilerini yak\u0131ndan hissediyor. Krizlerle ba\u015f etme kapasitesi ve g\u00fcc\u00fc T\u00fcrkiye\u2019nin \u00f6n\u00fcm\u00fczdeki d\u00f6nemde g\u00fc\u00e7l\u00fc bir pozisyon elde edebilmesi i\u00e7in olduk\u00e7a faydal\u0131 olabilecek.   Bu kitaptaki yaz\u0131lar d\u00fcnyan\u0131n farkl\u0131 yerlerinde ya\u015fanan kriz ve \u00e7at\u0131\u015fmalar nedenleri ve sonu\u00e7lar\u0131yla anlama \u00e7abas\u0131ndan ortaya \u00e7\u0131kt\u0131. Farkl\u0131 zamanlarda kaleme al\u0131nm\u0131\u015f olsalar da en ba\u015ftan itibaren b\u00fct\u00fcnl\u00fck sergilemesine ve bir perspektif sunmas\u0131na \u00e7aba harcand\u0131. Kitap, bu y\u00f6n\u00fcyle, yaln\u0131zca akademik camiaya de\u011fil d\u00fcnyadaki de\u011fi\u015fim s\u00fcre\u00e7leri anlamak isteyen her ya\u015ftan ve her kesimden okuyucuya hitap ediyor. <\/p>\n","protected":false},"excerpt":{"rendered":"<p>D\u00fcnya siyaseti, son d\u00f6nemde tarihteki en h\u0131zl\u0131 ve en kapsaml\u0131 d\u00f6n\u00fc\u015f\u00fcm s\u00fcre\u00e7lerinden birini ya\u015f\u0131yor. So\u011fuk Sava\u015f y\u0131llar\u0131nda bloklar aras\u0131nda kar\u015f\u0131l\u0131kl\u0131 g\u00fc\u00e7 dengesine dayal\u0131 bir d\u00fczen kurulmu\u015ftu.<span class=\"excerpt-hellip\"> [\u2026]<\/span><\/p>\n","protected":false},"featured_media":0,"template":"","meta":{"_monsterinsights_skip_tracking":false,"_monsterinsights_sitenote_active":false,"_monsterinsights_sitenote_note":"","_monsterinsights_sitenote_category":0},"product_brand":[],"product_cat":[12337,14706],"product_tag":[],"class_list":{"0":"post-784889","1":"product","2":"type-product","3":"status-publish","5":"product_cat-politika-siyaset","6":"product_cat-siyaset-bilimi","7":"pa_cilt-ciltsiz","8":"pa_tur-kitap","9":"pa_yayinevi-kadim-yayinlari","10":"pa_yazar-hamit-emrah-beris","12":"first","13":"instock","14":"sale","15":"shipping-taxable","16":"purchasable","17":"product-type-simple"},"_links":{"self":[{"href":"https:\/\/roveyayinevi.com.tr\/index.php\/wp-json\/wp\/v2\/product\/784889","targetHints":{"allow":["GET"]}}],"collection":[{"href":"https:\/\/roveyayinevi.com.tr\/index.php\/wp-json\/wp\/v2\/product"}],"about":[{"href":"https:\/\/roveyayinevi.com.tr\/index.php\/wp-json\/wp\/v2\/types\/product"}],"wp:attachment":[{"href":"https:\/\/roveyayinevi.com.tr\/index.php\/wp-json\/wp\/v2\/media?parent=784889"}],"wp:term":[{"taxonomy":"product_brand","embeddable":true,"href":"https:\/\/roveyayinevi.com.tr\/index.php\/wp-json\/wp\/v2\/product_brand?post=784889"},{"taxonomy":"product_cat","embeddable":true,"href":"https:\/\/roveyayinevi.com.tr\/index.php\/wp-json\/wp\/v2\/product_cat?post=784889"},{"taxonomy":"product_tag","embeddable":true,"href":"https:\/\/roveyayinevi.com.tr\/index.php\/wp-json\/wp\/v2\/product_tag?post=784889"}],"curies":[{"name":"wp","href":"https:\/\/api.w.org\/{rel}","templated":true}]}}