{"id":784888,"date":"2026-03-15T03:15:40","date_gmt":"2026-03-15T00:15:40","guid":{"rendered":"https:\/\/roveyayinevi.com.tr\/index.php\/urun\/modern-ve-postmodern-feminizm\/"},"modified":"2026-04-15T03:32:07","modified_gmt":"2026-04-15T00:32:07","slug":"modern-ve-postmodern-feminizm","status":"publish","type":"product","link":"https:\/\/roveyayinevi.com.tr\/index.php\/urun\/modern-ve-postmodern-feminizm\/","title":{"rendered":"Modern ve Postmodern Feminizm"},"content":{"rendered":"<p>Kad\u0131n sorunu hakk\u0131nda feminist literat\u00fcrde yer alan Liberal, Marksist, Radikal, Sosyalist ve Postmodernist yakla\u015f\u0131mlar\u0131 elen bu kitap, modern ve postmodern ayr\u0131m\u0131 \u00e7er\u00e7evesinde \u015fekillendi. Modernizm, Bat\u0131 d\u00fcnyas\u0131nda 14. y\u00fczy\u0131ldan sonra R\u00f6nesans d\u00f6n\u00fc\u015f\u00fcm\u00fcyle ortaya \u00e7\u0131kan ve zamanla t\u00fcm d\u00fcnyaya yay\u0131l\u0131p etkisi alt\u0131na alan bir d\u00fc\u015f\u00fcnce tarz\u0131d\u0131r. Postmodernizm ise temelde modernizmin ele\u015ftirisi ve sorgulamas\u0131na dayal\u0131 olarak 20. y\u00fczy\u0131l\u0131n ikinci yar\u0131s\u0131ndan itibaren ortaya \u00e7\u0131kan bir d\u00fc\u015f\u00fcnce, ya\u015fam tarz\u0131 ve yakla\u015f\u0131md\u0131r. Bu \u00e7er\u00e7evede kitap, feminist literat\u00fcrdeki s\u00f6ylemleri modernist ve postmodernist ayr\u0131m\u0131 \u00e7er\u00e7evesinde kategorize etmenin m\u00fcmk\u00fcn olabilece\u011fini \u00f6ne s\u00fcr\u00fcyor.<\/p>\n","protected":false},"excerpt":{"rendered":"<p>Kad\u0131n sorunu hakk\u0131nda feminist literat\u00fcrde yer alan Liberal, Marksist, Radikal, Sosyalist ve Postmodernist yakla\u015f\u0131mlar\u0131 elen bu kitap, modern ve postmodern ayr\u0131m\u0131 \u00e7er\u00e7evesinde \u015fekillendi. Modernizm, Bat\u0131 d\u00fcnyas\u0131nda<span class=\"excerpt-hellip\"> [\u2026]<\/span><\/p>\n","protected":false},"featured_media":0,"template":"","meta":{"_monsterinsights_skip_tracking":false,"_monsterinsights_sitenote_active":false,"_monsterinsights_sitenote_note":"","_monsterinsights_sitenote_category":0},"product_brand":[],"product_cat":[13252,12324],"product_tag":[],"class_list":{"0":"post-784888","1":"product","2":"type-product","3":"status-publish","5":"product_cat-kadin-calismalari","6":"product_cat-sosyoloji","7":"pa_cilt-ciltsiz","8":"pa_tur-kitap","9":"pa_yayinevi-kadim-yayinlari","10":"pa_yazar-zekiye-demir","12":"first","13":"instock","14":"sale","15":"shipping-taxable","16":"purchasable","17":"product-type-simple"},"_links":{"self":[{"href":"https:\/\/roveyayinevi.com.tr\/index.php\/wp-json\/wp\/v2\/product\/784888","targetHints":{"allow":["GET"]}}],"collection":[{"href":"https:\/\/roveyayinevi.com.tr\/index.php\/wp-json\/wp\/v2\/product"}],"about":[{"href":"https:\/\/roveyayinevi.com.tr\/index.php\/wp-json\/wp\/v2\/types\/product"}],"wp:attachment":[{"href":"https:\/\/roveyayinevi.com.tr\/index.php\/wp-json\/wp\/v2\/media?parent=784888"}],"wp:term":[{"taxonomy":"product_brand","embeddable":true,"href":"https:\/\/roveyayinevi.com.tr\/index.php\/wp-json\/wp\/v2\/product_brand?post=784888"},{"taxonomy":"product_cat","embeddable":true,"href":"https:\/\/roveyayinevi.com.tr\/index.php\/wp-json\/wp\/v2\/product_cat?post=784888"},{"taxonomy":"product_tag","embeddable":true,"href":"https:\/\/roveyayinevi.com.tr\/index.php\/wp-json\/wp\/v2\/product_tag?post=784888"}],"curies":[{"name":"wp","href":"https:\/\/api.w.org\/{rel}","templated":true}]}}